{"id":243,"date":"2019-01-29T04:48:43","date_gmt":"2019-01-29T04:48:43","guid":{"rendered":"http:\/\/demo.accesspressthemes.com\/zigcy-lite\/?page_id=2"},"modified":"2022-04-04T16:58:31","modified_gmt":"2022-04-04T19:58:31","slug":"sample-page-2-3","status":"publish","type":"page","link":"https:\/\/klimasul.com.br\/?page_id=243","title":{"rendered":"Manuais"},"content":{"rendered":"<p><\/p><div class=\"wp-block-columns is-layout-flex wp-container-core-columns-is-layout-9d6595d7 wp-block-columns-is-layout-flex\"><div class=\"wp-block-column is-layout-flow wp-block-column-is-layout-flow\"><figure class=\"wp-block-image size-full\"><a href=\"https:\/\/klimasul.com.br\/wp-content\/uploads\/2022\/04\/cat_gamaHabitat2021bx.pdf\"><img loading=\"lazy\" decoding=\"async\" width=\"417\" height=\"592\" src=\"https:\/\/klimasul.com.br\/wp-content\/uploads\/2022\/04\/CAT-GAMA-HABITAT.jpg\" alt=\"\" class=\"wp-image-1745\"\/><\/a><\/figure>\n\n<h5 class=\"wp-block-heading\"> <a href=\"https:\/\/klimasul.com.br\/wp-content\/uploads\/2022\/04\/cat_gamaHabitat2021bx.pdf\" target=\"_blank\" rel=\"noreferrer noopener\">MANUAL GAMA HABITAT &#8211; DOWNLOAD<\/a> <\/h5><\/div>\n\n<div class=\"wp-block-column is-layout-flow wp-block-column-is-layout-flow\"><figure class=\"wp-block-image size-full\"><a href=\"https:\/\/klimasul.com.br\/wp-content\/uploads\/2022\/02\/folheto-Silent-Design_bra.pdf\" target=\"_blank\" rel=\"noopener\"><img loading=\"lazy\" decoding=\"async\" width=\"553\" height=\"785\" src=\"https:\/\/klimasul.com.br\/wp-content\/uploads\/2022\/04\/silent1002.jpg\" alt=\"\" class=\"wp-image-1751\"\/><\/a><\/figure>\n\n<h5 class=\"wp-block-heading\"><a href=\"https:\/\/klimasul.com.br\/wp-content\/uploads\/2022\/02\/folheto-Silent-Design_bra.pdf\" target=\"_blank\" rel=\"noreferrer noopener\">FOLHETO SILENT &#8211; 100 &#8211; DOWNLOAD<\/a><\/h5><\/div>\n\n<div class=\"wp-block-column is-layout-flow wp-block-column-is-layout-flow\"><figure class=\"wp-block-image size-full\"><a href=\"https:\/\/klimasul.com.br\/wp-content\/uploads\/2022\/02\/FolletoTD-SilentBrasil.pdf\" target=\"_blank\" rel=\"noopener\"><img loading=\"lazy\" decoding=\"async\" width=\"561\" height=\"790\" src=\"https:\/\/klimasul.com.br\/wp-content\/uploads\/2022\/04\/td-silent.jpg\" alt=\"\" class=\"wp-image-1752\"\/><\/a><\/figure>\n\n<h5 class=\"wp-block-heading\"><a href=\"https:\/\/klimasul.com.br\/wp-content\/uploads\/2022\/02\/FolletoTD-SilentBrasil.pdf\" target=\"_blank\" rel=\"noreferrer noopener\">FOLHETO TD SILENT &#8211; DOWNLOAD<\/a><\/h5><\/div><\/div><div class=\"wp-block-columns is-layout-flex wp-container-core-columns-is-layout-9d6595d7 wp-block-columns-is-layout-flex\"><div class=\"wp-block-column is-layout-flow wp-block-column-is-layout-flow\"><figure class=\"wp-block-image size-full\"><a href=\"https:\/\/klimasul.com.br\/wp-content\/uploads\/2022\/02\/HELICOIDAIS_MURAIS-2.pdf\" target=\"_blank\" rel=\"noopener\"><img loading=\"lazy\" decoding=\"async\" width=\"551\" height=\"790\" src=\"https:\/\/klimasul.com.br\/wp-content\/uploads\/2022\/04\/helicoidais.jpg\" alt=\"\" class=\"wp-image-1761\"\/><\/a><\/figure>\n\n<h5 class=\"wp-block-heading\"><a href=\"https:\/\/klimasul.com.br\/wp-content\/uploads\/2022\/02\/HELICOIDAIS_MURAIS-2.pdf\" target=\"_blank\" rel=\"noreferrer noopener\">HELICOIDAIS MURAIS &#8211; DOWNLOAD<\/a><\/h5><\/div>\n\n<div class=\"wp-block-column is-layout-flow wp-block-column-is-layout-flow\"><figure class=\"wp-block-image size-full\"><a href=\"https:\/\/klimasul.com.br\/wp-content\/uploads\/2022\/02\/folheto-bx-decor-web.pdf\" target=\"_blank\" rel=\"noopener\"><img loading=\"lazy\" decoding=\"async\" width=\"573\" height=\"803\" src=\"https:\/\/klimasul.com.br\/wp-content\/uploads\/2022\/04\/folheto-exaustor-banheiro.jpg\" alt=\"\" class=\"wp-image-1762\"\/><\/a><\/figure>\n\n<h5 class=\"wp-block-heading\"><a href=\"https:\/\/klimasul.com.br\/wp-content\/uploads\/2022\/02\/folheto-bx-decor-web.pdf\">FOLHETO EXAUSTOR DECOR &#8211; DOWNLOAD<\/a><\/h5><\/div>\n\n<div class=\"wp-block-column is-layout-flow wp-block-column-is-layout-flow\"><figure class=\"wp-block-image size-full is-resized\"><a href=\"https:\/\/klimasul.com.br\/wp-content\/uploads\/2022\/02\/folheto_HABITAT.pdf\" target=\"_blank\" rel=\"noopener\"><img loading=\"lazy\" decoding=\"async\" src=\"https:\/\/klimasul.com.br\/wp-content\/uploads\/2022\/04\/folheto-linha-habitat.jpg\" alt=\"\" class=\"wp-image-1763\" width=\"201\" height=\"373\"\/><\/a><\/figure>\n\n<h5 class=\"wp-block-heading\"><a href=\"https:\/\/klimasul.com.br\/wp-content\/uploads\/2022\/02\/folheto_HABITAT.pdf\">FOLHETO LINHA HABITAT &#8211; DOWNLOAD<\/a><\/h5><\/div><\/div><div class=\"wp-block-columns is-layout-flex wp-container-core-columns-is-layout-9d6595d7 wp-block-columns-is-layout-flex\"><div class=\"wp-block-column is-layout-flow wp-block-column-is-layout-flow\"><figure class=\"wp-block-image size-full is-resized\"><a href=\"https:\/\/klimasul.com.br\/wp-content\/uploads\/2022\/02\/Ins_AIRSENS-CO2_VOC_HRportugues.pdf\" target=\"_blank\" rel=\"noopener\"><img loading=\"lazy\" decoding=\"async\" src=\"https:\/\/klimasul.com.br\/wp-content\/uploads\/2022\/04\/ins.jpg\" alt=\"\" class=\"wp-image-1766\" width=\"255\" height=\"360\"\/><\/a><\/figure>\n\n<h5 class=\"wp-block-heading\"><a href=\"https:\/\/klimasul.com.br\/wp-content\/uploads\/2022\/02\/Ins_AIRSENS-CO2_VOC_HRportugues.pdf\">AIRSENS &#8211; DOWNLOAD<\/a><\/h5><\/div>\n\n<div class=\"wp-block-column is-layout-flow wp-block-column-is-layout-flow\"><figure class=\"wp-block-image size-full\"><a href=\"https:\/\/klimasul.com.br\/wp-content\/uploads\/2022\/02\/JET-FANs_en.pdf\" target=\"_blank\" rel=\"noopener\"><img loading=\"lazy\" decoding=\"async\" width=\"565\" height=\"782\" src=\"https:\/\/klimasul.com.br\/wp-content\/uploads\/2022\/04\/jet-fan.jpg\" alt=\"\" class=\"wp-image-1767\"\/><\/a><\/figure>\n\n<h5 class=\"wp-block-heading\"><a href=\"https:\/\/klimasul.com.br\/wp-content\/uploads\/2022\/02\/JET-FANs_en.pdf\" target=\"_blank\" rel=\"noreferrer noopener\">JET-FANS CAT\u00c1LOGO &#8211; DOWNLOAD<\/a><\/h5><\/div>\n\n<div class=\"wp-block-column is-layout-flow wp-block-column-is-layout-flow\"><figure class=\"wp-block-image size-full is-resized\"><a href=\"https:\/\/klimasul.com.br\/wp-content\/uploads\/2022\/02\/TD-Mixvent-completo.pdf\" target=\"_blank\" rel=\"noopener\"><img loading=\"lazy\" decoding=\"async\" src=\"https:\/\/klimasul.com.br\/wp-content\/uploads\/2022\/04\/td-mixvent.jpg\" alt=\"\" class=\"wp-image-1768\" width=\"266\" height=\"356\"\/><\/a><\/figure>\n\n<h5 class=\"wp-block-heading\"><a href=\"https:\/\/klimasul.com.br\/wp-content\/uploads\/2022\/02\/TD-Mixvent-completo.pdf\" target=\"_blank\" rel=\"noreferrer noopener\">CAT\u00c1LOGO TD &#8211; DOWNLOAD<\/a><\/h5><\/div><\/div><p>Para manuais de produtos espec\u00edficos, fa\u00e7a a busca pelo produto desejado e clique em &#8220;baixar o manual&#8221;.<\/p>","protected":false},"excerpt":{"rendered":"<p>MANUAL GAMA HABITAT &#8211; DOWNLOAD FOLHETO SILENT &#8211; 100 &#8211; DOWNLOAD FOLHETO TD SILENT &#8211; DOWNLOAD HELICOIDAIS MURAIS &#8211; DOWNLOAD FOLHETO EXAUSTOR DECOR &#8211; DOWNLOAD FOLHETO LINHA HABITAT &#8211; DOWNLOAD AIRSENS &#8211; DOWNLOAD JET-FANS CAT\u00c1LOGO &#8211; DOWNLOAD CAT\u00c1LOGO TD &#8211; DOWNLOAD Para manuais de produtos espec\u00edficos, fa\u00e7a a busca pelo produto desejado e clique em [&hellip;]<\/p>\n","protected":false},"author":1,"featured_media":0,"parent":0,"menu_order":0,"comment_status":"closed","ping_status":"open","template":"","meta":{"inline_featured_image":false,"footnotes":""},"class_list":["post-243","page","type-page","status-publish","hentry"],"_links":{"self":[{"href":"https:\/\/klimasul.com.br\/index.php?rest_route=\/wp\/v2\/pages\/243","targetHints":{"allow":["GET"]}}],"collection":[{"href":"https:\/\/klimasul.com.br\/index.php?rest_route=\/wp\/v2\/pages"}],"about":[{"href":"https:\/\/klimasul.com.br\/index.php?rest_route=\/wp\/v2\/types\/page"}],"author":[{"embeddable":true,"href":"https:\/\/klimasul.com.br\/index.php?rest_route=\/wp\/v2\/users\/1"}],"replies":[{"embeddable":true,"href":"https:\/\/klimasul.com.br\/index.php?rest_route=%2Fwp%2Fv2%2Fcomments&post=243"}],"version-history":[{"count":12,"href":"https:\/\/klimasul.com.br\/index.php?rest_route=\/wp\/v2\/pages\/243\/revisions"}],"predecessor-version":[{"id":1773,"href":"https:\/\/klimasul.com.br\/index.php?rest_route=\/wp\/v2\/pages\/243\/revisions\/1773"}],"wp:attachment":[{"href":"https:\/\/klimasul.com.br\/index.php?rest_route=%2Fwp%2Fv2%2Fmedia&parent=243"}],"curies":[{"name":"wp","href":"https:\/\/api.w.org\/{rel}","templated":true}]}}