{"id":623,"date":"2021-12-27T12:16:50","date_gmt":"2021-12-27T14:16:50","guid":{"rendered":"https:\/\/klimasul.com.br\/?page_id=623"},"modified":"2022-04-06T16:30:23","modified_gmt":"2022-04-06T19:30:23","slug":"empresa","status":"publish","type":"page","link":"https:\/\/klimasul.com.br\/?page_id=623","title":{"rendered":"A Klimasul"},"content":{"rendered":"<div class=\"wp-block-media-text alignwide is-stacked-on-mobile\" style=\"grid-template-columns:30% auto\"><figure class=\"wp-block-media-text__media\"><img loading=\"lazy\" decoding=\"async\" width=\"372\" height=\"503\" src=\"https:\/\/klimasul.com.br\/wp-content\/uploads\/2022\/01\/fachada-klimasul2.jpg\" alt=\"\" class=\"wp-image-738 size-full\" srcset=\"https:\/\/klimasul.com.br\/wp-content\/uploads\/2022\/01\/fachada-klimasul2.jpg 372w, https:\/\/klimasul.com.br\/wp-content\/uploads\/2022\/01\/fachada-klimasul2-222x300.jpg 222w\" sizes=\"auto, (max-width: 372px) 100vw, 372px\" \/><\/figure><div class=\"wp-block-media-text__content\"><p class=\"has-text-align-center has-text-color\" style=\"color:#3e4095;font-size:40px\"><em><strong>DESDE 2009<\/strong><\/em><\/p>\n\n<p class=\"has-medium-font-size\">Klimasul\u00ae \u00e9 uma empresa formada por profissionais com experi\u00eancia no com\u00e9rcio. Com especializa\u00e7\u00e3o em vendas de equipamentos de Filtros, Difus\u00e3o de Ar, Ventila\u00e7\u00e3o Mec\u00e2nica, Unidades de tratamento de ar, entre outros. <\/p>\n\n<p><\/p>\n\n<p class=\"has-medium-font-size\">Atuando com m\u00e3o de obra qualificada e comprometimento com o cliente. Atendemos \u00e0s necessidades de nossos clientes com qualidade, seguran\u00e7a e um amplo conhecimento de seu produto. Voltada sempre em buscar o que h\u00e1 de mais atual em tecnologia, proporcionamos a nossos clientes as melhores solu\u00e7\u00f5es.<\/p><\/div><\/div><p><\/p><p><\/p><p><\/p><p style=\"font-size:30px\"><\/p><div class=\"wp-block-columns is-layout-flex wp-container-core-columns-is-layout-9d6595d7 wp-block-columns-is-layout-flex\"><\/div><div class=\"wp-block-columns is-layout-flex wp-container-core-columns-is-layout-9d6595d7 wp-block-columns-is-layout-flex\"><div class=\"wp-block-column is-layout-flow wp-block-column-is-layout-flow\"><div class=\"wp-block-group\"><div class=\"wp-block-group__inner-container is-layout-flow wp-block-group-is-layout-flow\"><\/div><\/div><\/div>\n\n<div class=\"wp-block-column is-layout-flow wp-block-column-is-layout-flow\"><\/div>\n\n<div class=\"wp-block-column is-layout-flow wp-block-column-is-layout-flow\"><\/div><\/div><div style=\"height:108px\" aria-hidden=\"true\" class=\"wp-block-spacer\"><\/div><p><\/p>","protected":false},"excerpt":{"rendered":"<p>DESDE 2009 Klimasul\u00ae \u00e9 uma empresa formada por profissionais com experi\u00eancia no com\u00e9rcio. Com especializa\u00e7\u00e3o em vendas de equipamentos de Filtros, Difus\u00e3o de Ar, Ventila\u00e7\u00e3o Mec\u00e2nica, Unidades de tratamento de ar, entre outros. Atuando com m\u00e3o de obra qualificada e comprometimento com o cliente. Atendemos \u00e0s necessidades de nossos clientes com qualidade, seguran\u00e7a e um [&hellip;]<\/p>\n","protected":false},"author":1,"featured_media":0,"parent":0,"menu_order":0,"comment_status":"closed","ping_status":"closed","template":"","meta":{"inline_featured_image":false,"footnotes":""},"class_list":["post-623","page","type-page","status-publish","hentry"],"_links":{"self":[{"href":"https:\/\/klimasul.com.br\/index.php?rest_route=\/wp\/v2\/pages\/623","targetHints":{"allow":["GET"]}}],"collection":[{"href":"https:\/\/klimasul.com.br\/index.php?rest_route=\/wp\/v2\/pages"}],"about":[{"href":"https:\/\/klimasul.com.br\/index.php?rest_route=\/wp\/v2\/types\/page"}],"author":[{"embeddable":true,"href":"https:\/\/klimasul.com.br\/index.php?rest_route=\/wp\/v2\/users\/1"}],"replies":[{"embeddable":true,"href":"https:\/\/klimasul.com.br\/index.php?rest_route=%2Fwp%2Fv2%2Fcomments&post=623"}],"version-history":[{"count":21,"href":"https:\/\/klimasul.com.br\/index.php?rest_route=\/wp\/v2\/pages\/623\/revisions"}],"predecessor-version":[{"id":1818,"href":"https:\/\/klimasul.com.br\/index.php?rest_route=\/wp\/v2\/pages\/623\/revisions\/1818"}],"wp:attachment":[{"href":"https:\/\/klimasul.com.br\/index.php?rest_route=%2Fwp%2Fv2%2Fmedia&parent=623"}],"curies":[{"name":"wp","href":"https:\/\/api.w.org\/{rel}","templated":true}]}}