{"id":682,"date":"2021-12-27T16:00:56","date_gmt":"2021-12-27T18:00:56","guid":{"rendered":"https:\/\/klimasul.com.br\/?page_id=682"},"modified":"2022-04-06T16:42:25","modified_gmt":"2022-04-06T19:42:25","slug":"orcamentos","status":"publish","type":"page","link":"https:\/\/klimasul.com.br\/?page_id=682","title":{"rendered":"Or\u00e7amentos"},"content":{"rendered":"<div class=\"wp-block-columns is-layout-flex wp-container-core-columns-is-layout-9d6595d7 wp-block-columns-is-layout-flex\"><div class=\"wp-block-column is-layout-flow wp-block-column-is-layout-flow\" style=\"flex-basis:25%\"><\/div>\n\n<div class=\"wp-block-column is-vertically-aligned-center is-layout-flow wp-block-column-is-layout-flow\" style=\"flex-basis:50%\"><ol class=\"wp-block-list\"><li>Clique no menu Produtos e escolha a categoria desejada.<\/li><li>Clique sobre o produto que deseja solicitar or\u00e7amento.<\/li><li>Caso o produto tenha varia\u00e7\u00f5es, escolha a varia\u00e7\u00e3o desejada.<\/li><li>Preencha com a quantidade desejada e clique em &#8220;Solicitar Or\u00e7amento&#8221;<\/li><li>Repita os passos 1 a 4 para todos os produtos que deseja solicitar or\u00e7amento.<\/li><li>Para enviar a Solicita\u00e7\u00e3o de Or\u00e7amento no \u00edcone de 3 riscos no topo direito da tela.<\/li><li>Clique em &#8220;Solicitar Or\u00e7amento&#8221;.<\/li><li>Preencha com seus dados.<\/li><li>Clique em &#8220;Solicitar Or\u00e7amento&#8221;<\/li><\/ol>\n\n<div class=\"wp-block-buttons alignwide is-content-justification-center is-layout-flex wp-block-buttons-is-layout-flex\"><div class=\"wp-block-button\"><a class=\"wp-block-button__link\" href=\"https:\/\/klimasul.com.br\/?post_type=product\">Veja nossos produtos<\/a><\/div><\/div>\n\n<p><\/p><\/div>\n\n<div class=\"wp-block-column is-layout-flow wp-block-column-is-layout-flow\" style=\"flex-basis:25%\"><\/div><\/div><p><\/p>","protected":false},"excerpt":{"rendered":"<p>Clique no menu Produtos e escolha a categoria desejada. Clique sobre o produto que deseja solicitar or\u00e7amento. Caso o produto tenha varia\u00e7\u00f5es, escolha a varia\u00e7\u00e3o desejada. Preencha com a quantidade desejada e clique em &#8220;Solicitar Or\u00e7amento&#8221; Repita os passos 1 a 4 para todos os produtos que deseja solicitar or\u00e7amento. Para enviar a Solicita\u00e7\u00e3o de [&hellip;]<\/p>\n","protected":false},"author":1,"featured_media":0,"parent":0,"menu_order":0,"comment_status":"closed","ping_status":"closed","template":"","meta":{"inline_featured_image":false,"footnotes":""},"class_list":["post-682","page","type-page","status-publish","hentry"],"_links":{"self":[{"href":"https:\/\/klimasul.com.br\/index.php?rest_route=\/wp\/v2\/pages\/682","targetHints":{"allow":["GET"]}}],"collection":[{"href":"https:\/\/klimasul.com.br\/index.php?rest_route=\/wp\/v2\/pages"}],"about":[{"href":"https:\/\/klimasul.com.br\/index.php?rest_route=\/wp\/v2\/types\/page"}],"author":[{"embeddable":true,"href":"https:\/\/klimasul.com.br\/index.php?rest_route=\/wp\/v2\/users\/1"}],"replies":[{"embeddable":true,"href":"https:\/\/klimasul.com.br\/index.php?rest_route=%2Fwp%2Fv2%2Fcomments&post=682"}],"version-history":[{"count":9,"href":"https:\/\/klimasul.com.br\/index.php?rest_route=\/wp\/v2\/pages\/682\/revisions"}],"predecessor-version":[{"id":1820,"href":"https:\/\/klimasul.com.br\/index.php?rest_route=\/wp\/v2\/pages\/682\/revisions\/1820"}],"wp:attachment":[{"href":"https:\/\/klimasul.com.br\/index.php?rest_route=%2Fwp%2Fv2%2Fmedia&parent=682"}],"curies":[{"name":"wp","href":"https:\/\/api.w.org\/{rel}","templated":true}]}}