{"id":1289,"date":"2022-01-31T17:04:00","date_gmt":"2022-01-31T19:04:00","guid":{"rendered":"https:\/\/klimasul.com.br\/?post_type=product&#038;p=1289"},"modified":"2022-04-06T11:06:34","modified_gmt":"2022-04-06T14:06:34","slug":"art-n","status":"publish","type":"product","link":"https:\/\/klimasul.com.br\/?product=art-n","title":{"rendered":"ART-N"},"content":{"rendered":"<h3 class=\"\">Resumo do Produto<\/h3>\n<p class=\"\">\u00c9 um equipamento de constru\u00e7\u00e3o robusta, para aplica\u00e7\u00f5es tipicamente industriais. O ventilador modelo ART-N possui rotor de p\u00e1s curvadas para tr\u00e1s, atingindo altos rendimentos e proporcionando economia de energia. A tecnologia empregada neste produto tem origem no renomado fabricante italiano Ferrari Ventilatori, que \u00e9 parte do grupo Soler &amp; Palau.<\/p>\n<h3 class=\"\">\u00c1rea de Aplica\u00e7\u00e3o<\/h3>\n<p class=\"\">&#8211; Sistemas de Ventila\u00e7\u00e3o e Exaust\u00e3o &#8211; Conforto t\u00e9rmico &#8211; Transporte Pneum\u00e1tico<\/p>\n","protected":false},"excerpt":{"rendered":"<h3 class=\"\">ART-N<\/h3>\n<p>\u00c9 um equipamento de constru\u00e7\u00e3o robusta, para aplica\u00e7\u00f5es tipicamente industriais. O ventilador modelo ART-N possui rotor de p\u00e1s curvadas para tr\u00e1s, atingindo altos rendimentos e proporcionando economia de energia. A tecnologia empregada neste produto tem origem no renomado fabricante italiano Ferrari Ventilatori, que \u00e9 parte do grupo Soler &amp; Palau.<\/p>\n","protected":false},"featured_media":1290,"comment_status":"open","ping_status":"closed","template":"","meta":{"inline_featured_image":false},"product_brand":[],"product_cat":[227,174,37],"product_tag":[],"class_list":{"0":"post-1289","1":"product","2":"type-product","3":"status-publish","4":"has-post-thumbnail","6":"product_cat-solerpalau","7":"product_cat-heavy-duty","8":"product_cat-otam-e-sp","10":"first","11":"instock","12":"shipping-taxable","13":"purchasable","14":"product-type-simple"},"_links":{"self":[{"href":"https:\/\/klimasul.com.br\/index.php?rest_route=\/wp\/v2\/product\/1289","targetHints":{"allow":["GET"]}}],"collection":[{"href":"https:\/\/klimasul.com.br\/index.php?rest_route=\/wp\/v2\/product"}],"about":[{"href":"https:\/\/klimasul.com.br\/index.php?rest_route=\/wp\/v2\/types\/product"}],"replies":[{"embeddable":true,"href":"https:\/\/klimasul.com.br\/index.php?rest_route=%2Fwp%2Fv2%2Fcomments&post=1289"}],"wp:featuredmedia":[{"embeddable":true,"href":"https:\/\/klimasul.com.br\/index.php?rest_route=\/wp\/v2\/media\/1290"}],"wp:attachment":[{"href":"https:\/\/klimasul.com.br\/index.php?rest_route=%2Fwp%2Fv2%2Fmedia&parent=1289"}],"wp:term":[{"taxonomy":"product_brand","embeddable":true,"href":"https:\/\/klimasul.com.br\/index.php?rest_route=%2Fwp%2Fv2%2Fproduct_brand&post=1289"},{"taxonomy":"product_cat","embeddable":true,"href":"https:\/\/klimasul.com.br\/index.php?rest_route=%2Fwp%2Fv2%2Fproduct_cat&post=1289"},{"taxonomy":"product_tag","embeddable":true,"href":"https:\/\/klimasul.com.br\/index.php?rest_route=%2Fwp%2Fv2%2Fproduct_tag&post=1289"}],"curies":[{"name":"wp","href":"https:\/\/api.w.org\/{rel}","templated":true}]}}