{"id":1291,"date":"2022-01-31T17:06:48","date_gmt":"2022-01-31T19:06:48","guid":{"rendered":"https:\/\/klimasul.com.br\/?post_type=product&#038;p=1291"},"modified":"2022-01-31T17:12:54","modified_gmt":"2022-01-31T19:12:54","slug":"k-ka-kb-kc-km","status":"publish","type":"product","link":"https:\/\/klimasul.com.br\/?product=k-ka-kb-kc-km","title":{"rendered":"K-KA-KB-KC-KM"},"content":{"rendered":"<div class=\"row\">\n<div class=\"col-md-8\">\n<h3 class=\"\">Resumo do Produto<\/h3>\n<p class=\"\">Ventiladores Centr\u00edfugos Modelos K-KA-KB-KC-KM Vaz\u00e3o: 36m\u00b3\/h a 54.000 m\u00b3\/h Press\u00e3o Est\u00e1tica at\u00e9 1.834 mmca Ventiladores para transporte de p\u00f3 em mistura com o ar. \u00c9 aplicado em sistemas de transporte pneum\u00e1tico, instala\u00e7\u00f5es de secagem, sistemas de exaust\u00e3o, tiragem for\u00e7ada (chamin\u00e9). Temperatura de funcionamento: -20 \u00b0C a +300 \u00b0C<\/p>\n<h3 class=\"\">\u00c1rea de Aplica\u00e7\u00e3o<\/h3>\n<p class=\"\">Ventila\u00e7\u00e3o e exaust\u00e3o Industrial, transporte pneum\u00e1tico e cimenteiras.<\/p>\n<\/div>\n<\/div>\n","protected":false},"excerpt":{"rendered":"<h3 class=\"\">K-KA-KB-KC-KM<\/h3>\n<p>Ventiladores Centr\u00edfugos Modelos K-KA-KB-KC-KM Vaz\u00e3o: 36m\u00b3\/h a 54.000 m\u00b3\/h Press\u00e3o Est\u00e1tica at\u00e9 1.834 mmca Ventiladores para transporte de p\u00f3 em mistura com o ar. \u00c9 aplicado em sistemas de transporte pneum\u00e1tico, instala\u00e7\u00f5es de secagem, sistemas de exaust\u00e3o, tiragem for\u00e7ada (chamin\u00e9). Temperatura de funcionamento: -20 \u00b0C a +300 \u00b0C<\/p>\n","protected":false},"featured_media":1292,"comment_status":"open","ping_status":"closed","template":"","meta":{"inline_featured_image":false},"product_brand":[],"product_cat":[174],"product_tag":[],"class_list":{"0":"post-1291","1":"product","2":"type-product","3":"status-publish","4":"has-post-thumbnail","6":"product_cat-heavy-duty","8":"first","9":"instock","10":"shipping-taxable","11":"purchasable","12":"product-type-simple"},"_links":{"self":[{"href":"https:\/\/klimasul.com.br\/index.php?rest_route=\/wp\/v2\/product\/1291","targetHints":{"allow":["GET"]}}],"collection":[{"href":"https:\/\/klimasul.com.br\/index.php?rest_route=\/wp\/v2\/product"}],"about":[{"href":"https:\/\/klimasul.com.br\/index.php?rest_route=\/wp\/v2\/types\/product"}],"replies":[{"embeddable":true,"href":"https:\/\/klimasul.com.br\/index.php?rest_route=%2Fwp%2Fv2%2Fcomments&post=1291"}],"wp:featuredmedia":[{"embeddable":true,"href":"https:\/\/klimasul.com.br\/index.php?rest_route=\/wp\/v2\/media\/1292"}],"wp:attachment":[{"href":"https:\/\/klimasul.com.br\/index.php?rest_route=%2Fwp%2Fv2%2Fmedia&parent=1291"}],"wp:term":[{"taxonomy":"product_brand","embeddable":true,"href":"https:\/\/klimasul.com.br\/index.php?rest_route=%2Fwp%2Fv2%2Fproduct_brand&post=1291"},{"taxonomy":"product_cat","embeddable":true,"href":"https:\/\/klimasul.com.br\/index.php?rest_route=%2Fwp%2Fv2%2Fproduct_cat&post=1291"},{"taxonomy":"product_tag","embeddable":true,"href":"https:\/\/klimasul.com.br\/index.php?rest_route=%2Fwp%2Fv2%2Fproduct_tag&post=1291"}],"curies":[{"name":"wp","href":"https:\/\/api.w.org\/{rel}","templated":true}]}}