{"id":1293,"date":"2022-01-31T17:08:06","date_gmt":"2022-01-31T19:08:06","guid":{"rendered":"https:\/\/klimasul.com.br\/?post_type=product&#038;p=1293"},"modified":"2022-01-31T18:13:19","modified_gmt":"2022-01-31T20:13:19","slug":"mec-n","status":"publish","type":"product","link":"https:\/\/klimasul.com.br\/?product=mec-n","title":{"rendered":"MEC\/N"},"content":{"rendered":"<div class=\"row\">\n<div class=\"col-md-8\">\n<h3 class=\"\">Resumo do Produto<\/h3>\n<p class=\"\">Ventiladores para transporte de p\u00f3, e materiais s\u00f3lidos, em mistura com o ar. Aplicam-se otimamente em Sistemas de Transporte Pneum\u00e1tico, Instala\u00e7\u00f5es de Secagem, Exaust\u00e3o, Tiragem For\u00e7ada (chamin\u00e9), Sistemas de Exaust\u00e3o Transporte de Serragem e Aparas de Madeira, com exclus\u00e3o das fibras longas. Esta s\u00e9rie, com rotor de p\u00e1s curvadas para tr\u00e1s, \u00e9 caracterizada pela alta efici\u00eancia, chegando a valores de at\u00e9 83%. Temperatura de funcionamento: -20\u00b0C a +300\u00b0C.<\/p>\n<h3 class=\"\">\u00c1rea de Aplica\u00e7\u00e3o<\/h3>\n<p class=\"\">Ventila\u00e7\u00e3o e exaust\u00e3o Industrial<\/p>\n<\/div>\n<\/div>\n","protected":false},"excerpt":{"rendered":"<h3 class=\"\">MEC\/N<\/h3>\n<p>Ventiladores para transporte de p\u00f3, e materiais s\u00f3lidos, em mistura com o ar. Aplicam-se otimamente em Sistemas de Transporte Pneum\u00e1tico, Instala\u00e7\u00f5es de Secagem, Exaust\u00e3o, Tiragem For\u00e7ada (chamin\u00e9), Sistemas de Exaust\u00e3o Transporte de Serragem e Aparas de Madeira, com exclus\u00e3o das fibras longas. Esta s\u00e9rie, com rotor de p\u00e1s curvadas para tr\u00e1s, \u00e9 caracterizada pela alta efici\u00eancia, chegando a valores de at\u00e9 83%. Temperatura de funcionamento: -20\u00b0C a +300\u00b0C.<\/p>\n","protected":false},"featured_media":1294,"comment_status":"open","ping_status":"closed","template":"","meta":{"inline_featured_image":false},"product_brand":[],"product_cat":[174],"product_tag":[],"class_list":{"0":"post-1293","1":"product","2":"type-product","3":"status-publish","4":"has-post-thumbnail","6":"product_cat-heavy-duty","8":"first","9":"instock","10":"shipping-taxable","11":"purchasable","12":"product-type-simple"},"_links":{"self":[{"href":"https:\/\/klimasul.com.br\/index.php?rest_route=\/wp\/v2\/product\/1293","targetHints":{"allow":["GET"]}}],"collection":[{"href":"https:\/\/klimasul.com.br\/index.php?rest_route=\/wp\/v2\/product"}],"about":[{"href":"https:\/\/klimasul.com.br\/index.php?rest_route=\/wp\/v2\/types\/product"}],"replies":[{"embeddable":true,"href":"https:\/\/klimasul.com.br\/index.php?rest_route=%2Fwp%2Fv2%2Fcomments&post=1293"}],"wp:featuredmedia":[{"embeddable":true,"href":"https:\/\/klimasul.com.br\/index.php?rest_route=\/wp\/v2\/media\/1294"}],"wp:attachment":[{"href":"https:\/\/klimasul.com.br\/index.php?rest_route=%2Fwp%2Fv2%2Fmedia&parent=1293"}],"wp:term":[{"taxonomy":"product_brand","embeddable":true,"href":"https:\/\/klimasul.com.br\/index.php?rest_route=%2Fwp%2Fv2%2Fproduct_brand&post=1293"},{"taxonomy":"product_cat","embeddable":true,"href":"https:\/\/klimasul.com.br\/index.php?rest_route=%2Fwp%2Fv2%2Fproduct_cat&post=1293"},{"taxonomy":"product_tag","embeddable":true,"href":"https:\/\/klimasul.com.br\/index.php?rest_route=%2Fwp%2Fv2%2Fproduct_tag&post=1293"}],"curies":[{"name":"wp","href":"https:\/\/api.w.org\/{rel}","templated":true}]}}