{"id":1295,"date":"2022-01-31T17:09:17","date_gmt":"2022-01-31T19:09:17","guid":{"rendered":"https:\/\/klimasul.com.br\/?post_type=product&#038;p=1295"},"modified":"2022-01-31T18:13:49","modified_gmt":"2022-01-31T20:13:49","slug":"fc-fe-fg-fi-fp-n","status":"publish","type":"product","link":"https:\/\/klimasul.com.br\/?product=fc-fe-fg-fi-fp-n","title":{"rendered":"FC-FE-FG-FI-FP\/N"},"content":{"rendered":"<div class=\"row\">\n<div class=\"col-md-8\">\n<h3 class=\"\">Resumo do Produto<\/h3>\n<p class=\"\">Ventiladores de Simples aspira\u00e7\u00e3o para inje\u00e7\u00e3o e exaust\u00e3o de ar limpo, ou levemente empoeirado. Esta s\u00e9rie de ventiladores de alta press\u00e3o, com rotor de p\u00e1s curvadas para tr\u00e1s, \u00e9 caracterizada por um rendimento elevado, que reduz ao m\u00ednimo as despesas operacionais, e se aplica otimamente em sistemas de Ventila\u00e7\u00e3o, Exaust\u00e3o, Secagem, Pressuriza\u00e7\u00e3o e tiragem mec\u00e2nica. \u00c9 largamente utilizada em Plantas de Fornos, Fundi\u00e7\u00f5es, F\u00e1bricas de Vidro, F\u00e1bricas de Cimento, Ind\u00fastrias de Moagem e Ind\u00fastrias Qu\u00edmicas. Temperatura de funcionamento: -20\u00b0C a +300\u00b0C.<\/p>\n<h3 class=\"\">\u00c1rea de Aplica\u00e7\u00e3o<\/h3>\n<p class=\"\">Ventila\u00e7\u00e3o e exaust\u00e3o Industrial , transporte pneum\u00e1tico e cimenteiras.<\/p>\n<\/div>\n<\/div>\n<div class=\"row\">\n<div class=\"col-md-6\"><\/div>\n<\/div>\n<div class=\"row\">\n<div class=\"col-md-9\">\n<div class=\"form-group\"><\/div>\n<\/div>\n<\/div>\n","protected":false},"excerpt":{"rendered":"<h3 class=\"\">FC-FE-FG-FI-FP\/N<\/h3>\n<p>Ventiladores de Simples aspira\u00e7\u00e3o para inje\u00e7\u00e3o e exaust\u00e3o de ar limpo, ou levemente empoeirado. Esta s\u00e9rie de ventiladores de alta press\u00e3o, com rotor de p\u00e1s curvadas para tr\u00e1s, \u00e9 caracterizada por um rendimento elevado, que reduz ao m\u00ednimo as despesas operacionais, e se aplica otimamente em sistemas de Ventila\u00e7\u00e3o, Exaust\u00e3o, Secagem, Pressuriza\u00e7\u00e3o e tiragem mec\u00e2nica. \u00c9 largamente utilizada em Plantas de Fornos, Fundi\u00e7\u00f5es, F\u00e1bricas de Vidro, F\u00e1bricas de Cimento, Ind\u00fastrias de Moagem e Ind\u00fastrias Qu\u00edmicas. Temperatura de funcionamento: -20\u00b0C a +300\u00b0C.<\/p>\n","protected":false},"featured_media":1296,"comment_status":"open","ping_status":"closed","template":"","meta":{"inline_featured_image":false},"product_brand":[],"product_cat":[174],"product_tag":[],"class_list":{"0":"post-1295","1":"product","2":"type-product","3":"status-publish","4":"has-post-thumbnail","6":"product_cat-heavy-duty","8":"first","9":"instock","10":"shipping-taxable","11":"purchasable","12":"product-type-simple"},"_links":{"self":[{"href":"https:\/\/klimasul.com.br\/index.php?rest_route=\/wp\/v2\/product\/1295","targetHints":{"allow":["GET"]}}],"collection":[{"href":"https:\/\/klimasul.com.br\/index.php?rest_route=\/wp\/v2\/product"}],"about":[{"href":"https:\/\/klimasul.com.br\/index.php?rest_route=\/wp\/v2\/types\/product"}],"replies":[{"embeddable":true,"href":"https:\/\/klimasul.com.br\/index.php?rest_route=%2Fwp%2Fv2%2Fcomments&post=1295"}],"wp:featuredmedia":[{"embeddable":true,"href":"https:\/\/klimasul.com.br\/index.php?rest_route=\/wp\/v2\/media\/1296"}],"wp:attachment":[{"href":"https:\/\/klimasul.com.br\/index.php?rest_route=%2Fwp%2Fv2%2Fmedia&parent=1295"}],"wp:term":[{"taxonomy":"product_brand","embeddable":true,"href":"https:\/\/klimasul.com.br\/index.php?rest_route=%2Fwp%2Fv2%2Fproduct_brand&post=1295"},{"taxonomy":"product_cat","embeddable":true,"href":"https:\/\/klimasul.com.br\/index.php?rest_route=%2Fwp%2Fv2%2Fproduct_cat&post=1295"},{"taxonomy":"product_tag","embeddable":true,"href":"https:\/\/klimasul.com.br\/index.php?rest_route=%2Fwp%2Fv2%2Fproduct_tag&post=1295"}],"curies":[{"name":"wp","href":"https:\/\/api.w.org\/{rel}","templated":true}]}}