{"id":1299,"date":"2022-01-31T17:25:48","date_gmt":"2022-01-31T19:25:48","guid":{"rendered":"https:\/\/klimasul.com.br\/?post_type=product&#038;p=1299"},"modified":"2022-01-31T17:25:48","modified_gmt":"2022-01-31T19:25:48","slug":"rfs-g","status":"publish","type":"product","link":"https:\/\/klimasul.com.br\/?product=rfs-g","title":{"rendered":"RFS-G"},"content":{"rendered":"<div id=\"foco\"><\/div>\n<div class=\"col-md-8\">\n<h3 class=\"\">Resumo do Produto<\/h3>\n<p class=\"\">Os ventiladores da linha RFS-G possuem rotor com p\u00e1s de perfil \u201cairfoil\u201d.<\/p>\n<h3 class=\"\">\u00c1rea de Aplica\u00e7\u00e3o<\/h3>\n<p class=\"\">Ventila\u00e7\u00e3o e exaust\u00e3o industrial e comercial.<\/p>\n<\/div>\n","protected":false},"excerpt":{"rendered":"<h3 class=\"\">RFS-G<\/h3>\n<p>Os ventiladores da linha RFS-G possuem rotor com p\u00e1s de perfil \u201cairfoil\u201d.<\/p>\n","protected":false},"featured_media":1300,"comment_status":"open","ping_status":"closed","template":"","meta":{"inline_featured_image":false},"product_brand":[],"product_cat":[175],"product_tag":[],"class_list":{"0":"post-1299","1":"product","2":"type-product","3":"status-publish","4":"has-post-thumbnail","6":"product_cat-airfoil","8":"first","9":"instock","10":"shipping-taxable","11":"purchasable","12":"product-type-simple"},"_links":{"self":[{"href":"https:\/\/klimasul.com.br\/index.php?rest_route=\/wp\/v2\/product\/1299","targetHints":{"allow":["GET"]}}],"collection":[{"href":"https:\/\/klimasul.com.br\/index.php?rest_route=\/wp\/v2\/product"}],"about":[{"href":"https:\/\/klimasul.com.br\/index.php?rest_route=\/wp\/v2\/types\/product"}],"replies":[{"embeddable":true,"href":"https:\/\/klimasul.com.br\/index.php?rest_route=%2Fwp%2Fv2%2Fcomments&post=1299"}],"wp:featuredmedia":[{"embeddable":true,"href":"https:\/\/klimasul.com.br\/index.php?rest_route=\/wp\/v2\/media\/1300"}],"wp:attachment":[{"href":"https:\/\/klimasul.com.br\/index.php?rest_route=%2Fwp%2Fv2%2Fmedia&parent=1299"}],"wp:term":[{"taxonomy":"product_brand","embeddable":true,"href":"https:\/\/klimasul.com.br\/index.php?rest_route=%2Fwp%2Fv2%2Fproduct_brand&post=1299"},{"taxonomy":"product_cat","embeddable":true,"href":"https:\/\/klimasul.com.br\/index.php?rest_route=%2Fwp%2Fv2%2Fproduct_cat&post=1299"},{"taxonomy":"product_tag","embeddable":true,"href":"https:\/\/klimasul.com.br\/index.php?rest_route=%2Fwp%2Fv2%2Fproduct_tag&post=1299"}],"curies":[{"name":"wp","href":"https:\/\/api.w.org\/{rel}","templated":true}]}}