{"id":1302,"date":"2022-01-31T17:31:27","date_gmt":"2022-01-31T19:31:27","guid":{"rendered":"https:\/\/klimasul.com.br\/?post_type=product&#038;p=1302"},"modified":"2022-01-31T17:31:27","modified_gmt":"2022-01-31T19:31:27","slug":"vcm-art","status":"publish","type":"product","link":"https:\/\/klimasul.com.br\/?product=vcm-art","title":{"rendered":"VCM-ART"},"content":{"rendered":"<h3 class=\"\">Resumo do Produto<\/h3>\n<p class=\"\">Ventiladores de simples aspira\u00e7\u00e3o, indicados para o transporte de p\u00f3 e materiais s\u00f3lidos em mistura com o ar. Aplicam-se otimamente em sistemas de Transporte de Pneum\u00e1tico, Instala\u00e7\u00f5es de Secagem, Exaust\u00e3o Tiragem for\u00e7ada (chamin\u00e9s), Sistemas de exaust\u00e3o e Transporte de Serragem e Aparas de Madeira, com exclus\u00e3o das fibras longas. Esta s\u00e9rie, com rotor de p\u00e1s curvadas para tr\u00e1s, \u00e9 caracterizada por um alto rendimento , e \u00e9 poss\u00edvel a aplica\u00e7\u00e3o em transporte de material misturado com ar, com efici\u00eancia de at\u00e9 89%. Temperatura de Funcionamento: -20\u00b0C a +300\u00b0C.<\/p>\n<h3 class=\"\">\u00c1rea de Aplica\u00e7\u00e3o<\/h3>\n<p class=\"\">Ventila\u00e7\u00e3o e exaust\u00e3o Industrial<\/p>\n","protected":false},"excerpt":{"rendered":"<h3 class=\"\">VCM-ART<\/h3>\n<p>Ventiladores de simples aspira\u00e7\u00e3o, indicados para o transporte de p\u00f3 e materiais s\u00f3lidos em mistura com o ar. Aplicam-se otimamente em sistemas de Transporte de Pneum\u00e1tico, Instala\u00e7\u00f5es de Secagem, Exaust\u00e3o Tiragem for\u00e7ada (chamin\u00e9s), Sistemas de exaust\u00e3o e Transporte de Serragem e Aparas de Madeira, com exclus\u00e3o das fibras longas. Esta s\u00e9rie, com rotor de p\u00e1s curvadas para tr\u00e1s, \u00e9 caracterizada por um alto rendimento , e \u00e9 poss\u00edvel a aplica\u00e7\u00e3o em transporte de material misturado com ar, com efici\u00eancia de at\u00e9 89%. Temperatura de Funcionamento: -20\u00b0C a +300\u00b0C.<\/p>\n","protected":false},"featured_media":1305,"comment_status":"open","ping_status":"closed","template":"","meta":{"inline_featured_image":false},"product_brand":[],"product_cat":[174],"product_tag":[],"class_list":{"0":"post-1302","1":"product","2":"type-product","3":"status-publish","4":"has-post-thumbnail","6":"product_cat-heavy-duty","8":"first","9":"instock","10":"shipping-taxable","11":"purchasable","12":"product-type-simple"},"_links":{"self":[{"href":"https:\/\/klimasul.com.br\/index.php?rest_route=\/wp\/v2\/product\/1302","targetHints":{"allow":["GET"]}}],"collection":[{"href":"https:\/\/klimasul.com.br\/index.php?rest_route=\/wp\/v2\/product"}],"about":[{"href":"https:\/\/klimasul.com.br\/index.php?rest_route=\/wp\/v2\/types\/product"}],"replies":[{"embeddable":true,"href":"https:\/\/klimasul.com.br\/index.php?rest_route=%2Fwp%2Fv2%2Fcomments&post=1302"}],"wp:featuredmedia":[{"embeddable":true,"href":"https:\/\/klimasul.com.br\/index.php?rest_route=\/wp\/v2\/media\/1305"}],"wp:attachment":[{"href":"https:\/\/klimasul.com.br\/index.php?rest_route=%2Fwp%2Fv2%2Fmedia&parent=1302"}],"wp:term":[{"taxonomy":"product_brand","embeddable":true,"href":"https:\/\/klimasul.com.br\/index.php?rest_route=%2Fwp%2Fv2%2Fproduct_brand&post=1302"},{"taxonomy":"product_cat","embeddable":true,"href":"https:\/\/klimasul.com.br\/index.php?rest_route=%2Fwp%2Fv2%2Fproduct_cat&post=1302"},{"taxonomy":"product_tag","embeddable":true,"href":"https:\/\/klimasul.com.br\/index.php?rest_route=%2Fwp%2Fv2%2Fproduct_tag&post=1302"}],"curies":[{"name":"wp","href":"https:\/\/api.w.org\/{rel}","templated":true}]}}