{"id":1304,"date":"2022-01-31T17:33:24","date_gmt":"2022-01-31T19:33:24","guid":{"rendered":"https:\/\/klimasul.com.br\/?post_type=product&#038;p=1304"},"modified":"2022-04-04T19:33:29","modified_gmt":"2022-04-04T22:33:29","slug":"rls-g","status":"publish","type":"product","link":"https:\/\/klimasul.com.br\/?product=rls-g","title":{"rendered":"RLS &#8211; G"},"content":{"rendered":"<h3 class=\"\">Resumo do Produto<\/h3>\n<p class=\"\">Os ventiladores da linha RLS Arr.4 s\u00e3o chamados do tipo &#8220;limit load&#8221;, ou &#8220;carga limitada&#8221;, por possu\u00edrem a caracter\u00edstica de apresentar um consumo praticamente constante de pot\u00eancia para uma mesma rota\u00e7\u00e3o de opera\u00e7\u00e3o. -Trabalham com ar ou gases limpos; -Atingem vaz\u00f5es de 450 a 50.000 m\u00b3h; -Atingem press\u00f5es est\u00e1ticas de 10 a 130 mmca; -N\u00edveis de velocidade de vibra\u00e7\u00e3o em opera\u00e7\u00e3o inferiores a 6 mm\/s; -Atingem rendimentos at\u00e9 70%; -Balanceamento est\u00e1tico e din\u00e2mico.<\/p>\n<h3 class=\"\">\u00c1rea de Aplica\u00e7\u00e3o<\/h3>\n<p class=\"\">Agricultura.<\/p>\n<p>&nbsp;<\/p>\n","protected":false},"excerpt":{"rendered":"<h3 class=\"\">RLS &#8211; G<\/h3>\n<p>Os ventiladores da linha RLS Arr.4 s\u00e3o chamados do tipo &#8220;limit load&#8221;, ou &#8220;carga limitada&#8221;, por possu\u00edrem a caracter\u00edstica de apresentar um consumo praticamente constante de pot\u00eancia para uma mesma rota\u00e7\u00e3o de opera\u00e7\u00e3o. -Trabalham com ar ou gases limpos; -Atingem vaz\u00f5es de 450 a 50.000 m\u00b3h; -Atingem press\u00f5es est\u00e1ticas de 10 a 130 mmca; -N\u00edveis de velocidade de vibra\u00e7\u00e3o em opera\u00e7\u00e3o inferiores a 6 mm\/s; -Atingem rendimentos at\u00e9 70%; -Balanceamento est\u00e1tico e din\u00e2mico.<\/p>\n<p><a href=\"https:\/\/klimasul.com.br\/wp-content\/uploads\/2022\/02\/RLS-RFS-G_011_2021-J.pdf\" target=\"_blank\" rel=\"noopener\"><img loading=\"lazy\" decoding=\"async\" class=\"alignnone wp-image-1728 size-full\" src=\"https:\/\/klimasul.com.br\/wp-content\/uploads\/2022\/02\/btn-manual.png\" alt=\"\" width=\"200\" height=\"67\" \/><\/a><\/p>\n","protected":false},"featured_media":1307,"comment_status":"open","ping_status":"closed","template":"","meta":{"inline_featured_image":false},"product_brand":[],"product_cat":[176],"product_tag":[],"class_list":{"0":"post-1304","1":"product","2":"type-product","3":"status-publish","4":"has-post-thumbnail","6":"product_cat-limit-load","8":"first","9":"instock","10":"shipping-taxable","11":"purchasable","12":"product-type-simple"},"_links":{"self":[{"href":"https:\/\/klimasul.com.br\/index.php?rest_route=\/wp\/v2\/product\/1304","targetHints":{"allow":["GET"]}}],"collection":[{"href":"https:\/\/klimasul.com.br\/index.php?rest_route=\/wp\/v2\/product"}],"about":[{"href":"https:\/\/klimasul.com.br\/index.php?rest_route=\/wp\/v2\/types\/product"}],"replies":[{"embeddable":true,"href":"https:\/\/klimasul.com.br\/index.php?rest_route=%2Fwp%2Fv2%2Fcomments&post=1304"}],"wp:featuredmedia":[{"embeddable":true,"href":"https:\/\/klimasul.com.br\/index.php?rest_route=\/wp\/v2\/media\/1307"}],"wp:attachment":[{"href":"https:\/\/klimasul.com.br\/index.php?rest_route=%2Fwp%2Fv2%2Fmedia&parent=1304"}],"wp:term":[{"taxonomy":"product_brand","embeddable":true,"href":"https:\/\/klimasul.com.br\/index.php?rest_route=%2Fwp%2Fv2%2Fproduct_brand&post=1304"},{"taxonomy":"product_cat","embeddable":true,"href":"https:\/\/klimasul.com.br\/index.php?rest_route=%2Fwp%2Fv2%2Fproduct_cat&post=1304"},{"taxonomy":"product_tag","embeddable":true,"href":"https:\/\/klimasul.com.br\/index.php?rest_route=%2Fwp%2Fv2%2Fproduct_tag&post=1304"}],"curies":[{"name":"wp","href":"https:\/\/api.w.org\/{rel}","templated":true}]}}