{"id":1309,"date":"2022-01-31T17:34:16","date_gmt":"2022-01-31T19:34:16","guid":{"rendered":"https:\/\/klimasul.com.br\/?post_type=product&#038;p=1309"},"modified":"2022-01-31T17:34:16","modified_gmt":"2022-01-31T19:34:16","slug":"fa-r-fc-fe-fg-p","status":"publish","type":"product","link":"https:\/\/klimasul.com.br\/?product=fa-r-fc-fe-fg-p","title":{"rendered":"FA\/R -FC-FE-FG\/P"},"content":{"rendered":"<h3 class=\"\">Resumo do Produto<\/h3>\n<p class=\"\">Ventiladores de simples aspira\u00e7\u00e3o para inje\u00e7\u00e3o ou exaust\u00e3o de ar muito empoeirado. Esta s\u00e9rie, com rotor de p\u00e1s curvadas para frente (positivo) possui um bom rendimento, e se aplica otimamente em Sistemas de Ventila\u00e7\u00e3o, Exaust\u00e3o, Secagem, Pressuriza\u00e7\u00e3o e Transporte Pneum\u00e1tico. \u00c9 amplamente utilizada em Plantas de Fornos, Fundi\u00e7\u00f5es, F\u00e1bricas de Vidro, F\u00e1bricas de Cimento, Moinhos de Farinha, Minera\u00e7\u00e3o e Ind\u00fastrias Qu\u00edmicas. Temperatura de Funcionamento: -20\u00b0C a +300\u00b0C<\/p>\n<h3 class=\"\">\u00c1rea de Aplica\u00e7\u00e3o<\/h3>\n<p class=\"\">Ventila\u00e7\u00e3o e exaust\u00e3o Industrial, transporte pneum\u00e1tico e cimenteiras.<\/p>\n","protected":false},"excerpt":{"rendered":"<h3 class=\"\">FA\/R -FC-FE-FG\/P<\/h3>\n<p>Ventiladores de simples aspira\u00e7\u00e3o para inje\u00e7\u00e3o ou exaust\u00e3o de ar muito empoeirado. Esta s\u00e9rie, com rotor de p\u00e1s curvadas para frente (positivo) possui um bom rendimento, e se aplica otimamente em Sistemas de Ventila\u00e7\u00e3o, Exaust\u00e3o, Secagem, Pressuriza\u00e7\u00e3o e Transporte Pneum\u00e1tico. \u00c9 amplamente utilizada em Plantas de Fornos, Fundi\u00e7\u00f5es, F\u00e1bricas de Vidro, F\u00e1bricas de Cimento, Moinhos de Farinha, Minera\u00e7\u00e3o e Ind\u00fastrias Qu\u00edmicas. Temperatura de Funcionamento: -20\u00b0C a +300\u00b0C<\/p>\n","protected":false},"featured_media":1311,"comment_status":"open","ping_status":"closed","template":"","meta":{"inline_featured_image":false},"product_brand":[],"product_cat":[174],"product_tag":[],"class_list":{"0":"post-1309","1":"product","2":"type-product","3":"status-publish","4":"has-post-thumbnail","6":"product_cat-heavy-duty","8":"first","9":"instock","10":"shipping-taxable","11":"purchasable","12":"product-type-simple"},"_links":{"self":[{"href":"https:\/\/klimasul.com.br\/index.php?rest_route=\/wp\/v2\/product\/1309","targetHints":{"allow":["GET"]}}],"collection":[{"href":"https:\/\/klimasul.com.br\/index.php?rest_route=\/wp\/v2\/product"}],"about":[{"href":"https:\/\/klimasul.com.br\/index.php?rest_route=\/wp\/v2\/types\/product"}],"replies":[{"embeddable":true,"href":"https:\/\/klimasul.com.br\/index.php?rest_route=%2Fwp%2Fv2%2Fcomments&post=1309"}],"wp:featuredmedia":[{"embeddable":true,"href":"https:\/\/klimasul.com.br\/index.php?rest_route=\/wp\/v2\/media\/1311"}],"wp:attachment":[{"href":"https:\/\/klimasul.com.br\/index.php?rest_route=%2Fwp%2Fv2%2Fmedia&parent=1309"}],"wp:term":[{"taxonomy":"product_brand","embeddable":true,"href":"https:\/\/klimasul.com.br\/index.php?rest_route=%2Fwp%2Fv2%2Fproduct_brand&post=1309"},{"taxonomy":"product_cat","embeddable":true,"href":"https:\/\/klimasul.com.br\/index.php?rest_route=%2Fwp%2Fv2%2Fproduct_cat&post=1309"},{"taxonomy":"product_tag","embeddable":true,"href":"https:\/\/klimasul.com.br\/index.php?rest_route=%2Fwp%2Fv2%2Fproduct_tag&post=1309"}],"curies":[{"name":"wp","href":"https:\/\/api.w.org\/{rel}","templated":true}]}}