{"id":1310,"date":"2022-01-31T17:34:59","date_gmt":"2022-01-31T19:34:59","guid":{"rendered":"https:\/\/klimasul.com.br\/?post_type=product&#038;p=1310"},"modified":"2022-01-31T17:34:59","modified_gmt":"2022-01-31T19:34:59","slug":"rls-industrial","status":"publish","type":"product","link":"https:\/\/klimasul.com.br\/?product=rls-industrial","title":{"rendered":"RLS industrial"},"content":{"rendered":"<h3 class=\"\">Resumo do Produto<\/h3>\n<p class=\"\">Os ventiladores da linha RL possuem rotores de p\u00e1s retas para tr\u00e1s chamados de &#8220;Limit load&#8221;, ou carga limite. S\u00e3o chamados assim por possu\u00edrem a caracter\u00edstica de apresentar um consumo praticamente constante de pot\u00eancia para uma mesma rota\u00e7\u00e3o de opera\u00e7\u00e3o. Aplica\u00e7\u00f5es: Sistemas de ventila\u00e7\u00e3o, exaust\u00e3o e ar condicionado de alta velocidade, equipamentos de secagem e armazenagem de gr\u00e3os, estufas e etc.<\/p>\n<h3 class=\"\">\u00c1rea de Aplica\u00e7\u00e3o<\/h3>\n<p class=\"\">Agricultura, Controle de polui\u00e7\u00e3o, Pressuriza\u00e7\u00e3o de escadas, Ventila\u00e7\u00e3o e exaust\u00e3o industrial.<\/p>\n","protected":false},"excerpt":{"rendered":"<h3 class=\"\">RLS industrial<\/h3>\n<p>Os ventiladores da linha RL possuem rotores de p\u00e1s retas para tr\u00e1s chamados de &#8220;Limit load&#8221;, ou carga limite. S\u00e3o chamados assim por possu\u00edrem a caracter\u00edstica de apresentar um consumo praticamente constante de pot\u00eancia para uma mesma rota\u00e7\u00e3o de opera\u00e7\u00e3o. Aplica\u00e7\u00f5es: Sistemas de ventila\u00e7\u00e3o, exaust\u00e3o e ar condicionado de alta velocidade, equipamentos de secagem e armazenagem de gr\u00e3os, estufas e etc.<\/p>\n","protected":false},"featured_media":1313,"comment_status":"open","ping_status":"closed","template":"","meta":{"inline_featured_image":false},"product_brand":[],"product_cat":[176],"product_tag":[],"class_list":{"0":"post-1310","1":"product","2":"type-product","3":"status-publish","4":"has-post-thumbnail","6":"product_cat-limit-load","8":"first","9":"instock","10":"shipping-taxable","11":"purchasable","12":"product-type-simple"},"_links":{"self":[{"href":"https:\/\/klimasul.com.br\/index.php?rest_route=\/wp\/v2\/product\/1310","targetHints":{"allow":["GET"]}}],"collection":[{"href":"https:\/\/klimasul.com.br\/index.php?rest_route=\/wp\/v2\/product"}],"about":[{"href":"https:\/\/klimasul.com.br\/index.php?rest_route=\/wp\/v2\/types\/product"}],"replies":[{"embeddable":true,"href":"https:\/\/klimasul.com.br\/index.php?rest_route=%2Fwp%2Fv2%2Fcomments&post=1310"}],"wp:featuredmedia":[{"embeddable":true,"href":"https:\/\/klimasul.com.br\/index.php?rest_route=\/wp\/v2\/media\/1313"}],"wp:attachment":[{"href":"https:\/\/klimasul.com.br\/index.php?rest_route=%2Fwp%2Fv2%2Fmedia&parent=1310"}],"wp:term":[{"taxonomy":"product_brand","embeddable":true,"href":"https:\/\/klimasul.com.br\/index.php?rest_route=%2Fwp%2Fv2%2Fproduct_brand&post=1310"},{"taxonomy":"product_cat","embeddable":true,"href":"https:\/\/klimasul.com.br\/index.php?rest_route=%2Fwp%2Fv2%2Fproduct_cat&post=1310"},{"taxonomy":"product_tag","embeddable":true,"href":"https:\/\/klimasul.com.br\/index.php?rest_route=%2Fwp%2Fv2%2Fproduct_tag&post=1310"}],"curies":[{"name":"wp","href":"https:\/\/api.w.org\/{rel}","templated":true}]}}