{"id":1314,"date":"2022-01-31T17:36:09","date_gmt":"2022-01-31T19:36:09","guid":{"rendered":"https:\/\/klimasul.com.br\/?post_type=product&#038;p=1314"},"modified":"2022-04-04T18:23:29","modified_gmt":"2022-04-04T21:23:29","slug":"rls-rld-industrial","status":"publish","type":"product","link":"https:\/\/klimasul.com.br\/?product=rls-rld-industrial","title":{"rendered":"RLS\/RLD industrial"},"content":{"rendered":"<h3 class=\"\">Resumo do Produto<\/h3>\n<p class=\"\">Os ventiladores da linha RL possuem rotores de p\u00e1s retas para tr\u00e1s chamados de &#8220;limit load&#8221; ou carga limite. S\u00e3o chamados assim por possuirem a caracter\u00edstica de apresentar um consumo praticamente constante de pot\u00eancia para uma mesma rota\u00e7\u00e3o de opera\u00e7\u00e3o. Aplica\u00e7\u00f5es: Sistemas de ventila\u00e7\u00e3o, exaust\u00e3o e ar condicionado de alta velocidade, equipamentos de sacagem e armazenagem de gr\u00e3os, estufas e etc.<\/p>\n<h3 class=\"\">\u00c1rea de Aplica\u00e7\u00e3o<\/h3>\n<p class=\"\">Agricultura, Ventila\u00e7\u00e3o e exaust\u00e3o industrial<\/p>\n","protected":false},"excerpt":{"rendered":"<h3 class=\"\">RLS\/RLD industrial<\/h3>\n<p>Os ventiladores da linha RL possuem rotores de p\u00e1s retas para tr\u00e1s chamados de &#8220;limit load&#8221; ou carga limite. S\u00e3o chamados assim por possuirem a caracter\u00edstica de apresentar um consumo praticamente constante de pot\u00eancia para uma mesma rota\u00e7\u00e3o de opera\u00e7\u00e3o. Aplica\u00e7\u00f5es: Sistemas de ventila\u00e7\u00e3o, exaust\u00e3o e ar condicionado de alta velocidade, equipamentos de sacagem e armazenagem de gr\u00e3os, estufas e etc.<\/p>\n<p><a href=\"https:\/\/klimasul.com.br\/wp-content\/uploads\/2022\/02\/RLS-RLD-IND-030_2020-J.pdf\" target=\"_blank\" rel=\"noopener\"><img loading=\"lazy\" decoding=\"async\" class=\"alignnone wp-image-1728 size-full\" src=\"https:\/\/klimasul.com.br\/wp-content\/uploads\/2022\/02\/btn-manual.png\" alt=\"\" width=\"200\" height=\"67\" \/><\/a><\/p>\n","protected":false},"featured_media":1320,"comment_status":"open","ping_status":"closed","template":"","meta":{"inline_featured_image":false},"product_brand":[],"product_cat":[176],"product_tag":[],"class_list":{"0":"post-1314","1":"product","2":"type-product","3":"status-publish","4":"has-post-thumbnail","6":"product_cat-limit-load","8":"first","9":"instock","10":"shipping-taxable","11":"purchasable","12":"product-type-simple"},"_links":{"self":[{"href":"https:\/\/klimasul.com.br\/index.php?rest_route=\/wp\/v2\/product\/1314","targetHints":{"allow":["GET"]}}],"collection":[{"href":"https:\/\/klimasul.com.br\/index.php?rest_route=\/wp\/v2\/product"}],"about":[{"href":"https:\/\/klimasul.com.br\/index.php?rest_route=\/wp\/v2\/types\/product"}],"replies":[{"embeddable":true,"href":"https:\/\/klimasul.com.br\/index.php?rest_route=%2Fwp%2Fv2%2Fcomments&post=1314"}],"wp:featuredmedia":[{"embeddable":true,"href":"https:\/\/klimasul.com.br\/index.php?rest_route=\/wp\/v2\/media\/1320"}],"wp:attachment":[{"href":"https:\/\/klimasul.com.br\/index.php?rest_route=%2Fwp%2Fv2%2Fmedia&parent=1314"}],"wp:term":[{"taxonomy":"product_brand","embeddable":true,"href":"https:\/\/klimasul.com.br\/index.php?rest_route=%2Fwp%2Fv2%2Fproduct_brand&post=1314"},{"taxonomy":"product_cat","embeddable":true,"href":"https:\/\/klimasul.com.br\/index.php?rest_route=%2Fwp%2Fv2%2Fproduct_cat&post=1314"},{"taxonomy":"product_tag","embeddable":true,"href":"https:\/\/klimasul.com.br\/index.php?rest_route=%2Fwp%2Fv2%2Fproduct_tag&post=1314"}],"curies":[{"name":"wp","href":"https:\/\/api.w.org\/{rel}","templated":true}]}}