{"id":1323,"date":"2022-01-31T17:40:45","date_gmt":"2022-01-31T19:40:45","guid":{"rendered":"https:\/\/klimasul.com.br\/?post_type=product&#038;p=1323"},"modified":"2022-04-04T17:37:46","modified_gmt":"2022-04-04T20:37:46","slug":"lms","status":"publish","type":"product","link":"https:\/\/klimasul.com.br\/?product=lms","title":{"rendered":"LMS"},"content":{"rendered":"<h3 class=\"\">Resumo do Produto<\/h3>\n<p class=\"\">Os ventiladores da linha LMS possuem rotores de p\u00e1s retas inclinadas para tr\u00e1s chamados de \u201climit load\u201d ou carga limite. S\u00e3o chamados assim por possu\u00edrem a caracter\u00edstica de apresentar um consumo praticamente constante de pot\u00eancia para uma mesma rota\u00e7\u00e3o de opera\u00e7\u00e3o. Aplica\u00e7\u00f5es: Sistemas de ventila\u00e7\u00e3o, exaust\u00e3o, equipamentos de secagem e armazenagem de gr\u00e3os, estufas, controle de polui\u00e7\u00e3o, etc.<\/p>\n<h3 class=\"\">\u00c1rea de Aplica\u00e7\u00e3o<\/h3>\n<p class=\"\">Agricultura, Cabines de pintura, Controle de polui\u00e7\u00e3o, Ventila\u00e7\u00e3o e exaust\u00e3o industrial.<\/p>\n","protected":false},"excerpt":{"rendered":"<h3 class=\"\">LMS<\/h3>\n<p>Os ventiladores da linha LMS possuem rotores de p\u00e1s retas inclinadas para tr\u00e1s chamados de \u201climit load\u201d ou carga limite. S\u00e3o chamados assim por possu\u00edrem a caracter\u00edstica de apresentar um consumo praticamente constante de pot\u00eancia para uma mesma rota\u00e7\u00e3o de opera\u00e7\u00e3o. Aplica\u00e7\u00f5es: Sistemas de ventila\u00e7\u00e3o, exaust\u00e3o, equipamentos de secagem e armazenagem de gr\u00e3os, estufas, controle de polui\u00e7\u00e3o, etc.<\/p>\n<p><a href=\"https:\/\/klimasul.com.br\/wp-content\/uploads\/2022\/02\/GF-006_2020-J.pdf\" target=\"_blank\" rel=\"noopener\"><img loading=\"lazy\" decoding=\"async\" class=\"alignnone wp-image-1728 size-full\" src=\"https:\/\/klimasul.com.br\/wp-content\/uploads\/2022\/02\/btn-manual.png\" alt=\"\" width=\"200\" height=\"67\" \/><\/a><\/p>\n","protected":false},"featured_media":1324,"comment_status":"open","ping_status":"closed","template":"","meta":{"inline_featured_image":false},"product_brand":[],"product_cat":[211],"product_tag":[],"class_list":{"0":"post-1323","1":"product","2":"type-product","3":"status-publish","4":"has-post-thumbnail","6":"product_cat-limit-load-gama-oem","8":"first","9":"instock","10":"shipping-taxable","11":"purchasable","12":"product-type-simple"},"_links":{"self":[{"href":"https:\/\/klimasul.com.br\/index.php?rest_route=\/wp\/v2\/product\/1323","targetHints":{"allow":["GET"]}}],"collection":[{"href":"https:\/\/klimasul.com.br\/index.php?rest_route=\/wp\/v2\/product"}],"about":[{"href":"https:\/\/klimasul.com.br\/index.php?rest_route=\/wp\/v2\/types\/product"}],"replies":[{"embeddable":true,"href":"https:\/\/klimasul.com.br\/index.php?rest_route=%2Fwp%2Fv2%2Fcomments&post=1323"}],"wp:featuredmedia":[{"embeddable":true,"href":"https:\/\/klimasul.com.br\/index.php?rest_route=\/wp\/v2\/media\/1324"}],"wp:attachment":[{"href":"https:\/\/klimasul.com.br\/index.php?rest_route=%2Fwp%2Fv2%2Fmedia&parent=1323"}],"wp:term":[{"taxonomy":"product_brand","embeddable":true,"href":"https:\/\/klimasul.com.br\/index.php?rest_route=%2Fwp%2Fv2%2Fproduct_brand&post=1323"},{"taxonomy":"product_cat","embeddable":true,"href":"https:\/\/klimasul.com.br\/index.php?rest_route=%2Fwp%2Fv2%2Fproduct_cat&post=1323"},{"taxonomy":"product_tag","embeddable":true,"href":"https:\/\/klimasul.com.br\/index.php?rest_route=%2Fwp%2Fv2%2Fproduct_tag&post=1323"}],"curies":[{"name":"wp","href":"https:\/\/api.w.org\/{rel}","templated":true}]}}