{"id":1325,"date":"2022-01-31T17:42:28","date_gmt":"2022-01-31T19:42:28","guid":{"rendered":"https:\/\/klimasul.com.br\/?post_type=product&#038;p=1325"},"modified":"2022-04-04T19:40:08","modified_gmt":"2022-04-04T22:40:08","slug":"tsa-tda-linhas-l-e-sr","status":"publish","type":"product","link":"https:\/\/klimasul.com.br\/?product=tsa-tda-linhas-l-e-sr","title":{"rendered":"TSA\/TDA &#8211; Linhas L e SR"},"content":{"rendered":"<h3 class=\"\">Resumo do Produto<\/h3>\n<p class=\"\">Ventiladores de dupla TDA aspira\u00e7\u00e3o, com rotor de p\u00e1s curvadas para frente. Sua fixa\u00e7\u00e3o pode ser por meio de p\u00e9s de apoio, quadros, ou diretamente pela boca de descarga acoplada a um duto. Aplica\u00e7\u00f5es: S\u00e3o indicados para aplica\u00e7\u00e3o em sistemas de ar condicionado, c\u00e2maras frigor\u00edficas, condensadores evaporativos, coifas e torres de resfriamento.<\/p>\n<h3 class=\"\">\u00c1rea de Aplica\u00e7\u00e3o<\/h3>\n<p class=\"\">Ar condicionado, Ventila\u00e7\u00e3o e exaust\u00e3o predial.<\/p>\n","protected":false},"excerpt":{"rendered":"<h3 class=\"\">TSA\/TDA &#8211; Linhas L e SR<\/h3>\n<p>Ventiladores de dupla TDA aspira\u00e7\u00e3o, com rotor de p\u00e1s curvadas para frente. Sua fixa\u00e7\u00e3o pode ser por meio de p\u00e9s de apoio, quadros, ou diretamente pela boca de descarga acoplada a um duto. Aplica\u00e7\u00f5es: S\u00e3o indicados para aplica\u00e7\u00e3o em sistemas de ar condicionado, c\u00e2maras frigor\u00edficas, condensadores evaporativos, coifas e torres de resfriamento.<\/p>\n<p><a href=\"https:\/\/klimasul.com.br\/wp-content\/uploads\/2022\/02\/TDA-TSA-26_2020-J.pdf\" target=\"_blank\" rel=\"noopener\"><img loading=\"lazy\" decoding=\"async\" class=\"alignnone wp-image-1728 size-full\" src=\"https:\/\/klimasul.com.br\/wp-content\/uploads\/2022\/02\/btn-manual.png\" alt=\"\" width=\"200\" height=\"67\" \/><\/a><\/p>\n","protected":false},"featured_media":1326,"comment_status":"open","ping_status":"closed","template":"","meta":{"inline_featured_image":false},"product_brand":[],"product_cat":[209],"product_tag":[],"class_list":{"0":"post-1325","1":"product","2":"type-product","3":"status-publish","4":"has-post-thumbnail","6":"product_cat-sirroco","8":"first","9":"instock","10":"shipping-taxable","11":"purchasable","12":"product-type-simple"},"_links":{"self":[{"href":"https:\/\/klimasul.com.br\/index.php?rest_route=\/wp\/v2\/product\/1325","targetHints":{"allow":["GET"]}}],"collection":[{"href":"https:\/\/klimasul.com.br\/index.php?rest_route=\/wp\/v2\/product"}],"about":[{"href":"https:\/\/klimasul.com.br\/index.php?rest_route=\/wp\/v2\/types\/product"}],"replies":[{"embeddable":true,"href":"https:\/\/klimasul.com.br\/index.php?rest_route=%2Fwp%2Fv2%2Fcomments&post=1325"}],"wp:featuredmedia":[{"embeddable":true,"href":"https:\/\/klimasul.com.br\/index.php?rest_route=\/wp\/v2\/media\/1326"}],"wp:attachment":[{"href":"https:\/\/klimasul.com.br\/index.php?rest_route=%2Fwp%2Fv2%2Fmedia&parent=1325"}],"wp:term":[{"taxonomy":"product_brand","embeddable":true,"href":"https:\/\/klimasul.com.br\/index.php?rest_route=%2Fwp%2Fv2%2Fproduct_brand&post=1325"},{"taxonomy":"product_cat","embeddable":true,"href":"https:\/\/klimasul.com.br\/index.php?rest_route=%2Fwp%2Fv2%2Fproduct_cat&post=1325"},{"taxonomy":"product_tag","embeddable":true,"href":"https:\/\/klimasul.com.br\/index.php?rest_route=%2Fwp%2Fv2%2Fproduct_tag&post=1325"}],"curies":[{"name":"wp","href":"https:\/\/api.w.org\/{rel}","templated":true}]}}