{"id":1327,"date":"2022-01-31T17:43:39","date_gmt":"2022-01-31T19:43:39","guid":{"rendered":"https:\/\/klimasul.com.br\/?post_type=product&#038;p=1327"},"modified":"2022-03-18T16:13:21","modified_gmt":"2022-03-18T19:13:21","slug":"gef-gel-gem","status":"publish","type":"product","link":"https:\/\/klimasul.com.br\/?product=gef-gel-gem","title":{"rendered":"GEF \/ GEL \/ GEM"},"content":{"rendered":"<h3 class=\"\">Resumo do Produto<\/h3>\n<p class=\"\">Os gabinetes da linha GVL s\u00e3o equipados com ventiladores de p\u00e1s inclinadas para tr\u00e1s (tipo limit load), de dupla aspira\u00e7\u00e3o da linha RLD-Q e, portanto suas caracter\u00edsticas s\u00e3o obtidas nas mesmas curvas de desempenho. Aplica\u00e7\u00f5es: Principalmente em sistemas de ar condicionado, ventila\u00e7\u00e3o industrial, salas de m\u00e1quinas e salas limpas. Essencialmente onde existia a necessidade de manter os ambientes com ar limpo e com baixos n\u00edveis de ru\u00eddos.<\/p>\n<h3 class=\"\">\u00c1rea de Aplica\u00e7\u00e3o<\/h3>\n<p class=\"\">Ind\u00fastria farmac\u00eautica.<\/p>\n","protected":false},"excerpt":{"rendered":"<h3 class=\"\">GEF \/ GEL \/ GEM<\/h3>\n<p>Os gabinetes da linha GVL s\u00e3o equipados com ventiladores de p\u00e1s inclinadas para tr\u00e1s (tipo limit load), de dupla aspira\u00e7\u00e3o da linha RLD-Q e, portanto suas caracter\u00edsticas s\u00e3o obtidas nas mesmas curvas de desempenho. Aplica\u00e7\u00f5es: Principalmente em sistemas de ar condicionado, ventila\u00e7\u00e3o industrial, salas de m\u00e1quinas e salas limpas. Essencialmente onde existia a necessidade de manter os ambientes com ar limpo e com baixos n\u00edveis de ru\u00eddos.<\/p>\n","protected":false},"featured_media":1328,"comment_status":"open","ping_status":"closed","template":"","meta":{"inline_featured_image":false},"product_brand":[],"product_cat":[178],"product_tag":[],"class_list":{"0":"post-1327","1":"product","2":"type-product","3":"status-publish","4":"has-post-thumbnail","6":"product_cat-gabinetes","8":"first","9":"instock","10":"shipping-taxable","11":"purchasable","12":"product-type-simple"},"_links":{"self":[{"href":"https:\/\/klimasul.com.br\/index.php?rest_route=\/wp\/v2\/product\/1327","targetHints":{"allow":["GET"]}}],"collection":[{"href":"https:\/\/klimasul.com.br\/index.php?rest_route=\/wp\/v2\/product"}],"about":[{"href":"https:\/\/klimasul.com.br\/index.php?rest_route=\/wp\/v2\/types\/product"}],"replies":[{"embeddable":true,"href":"https:\/\/klimasul.com.br\/index.php?rest_route=%2Fwp%2Fv2%2Fcomments&post=1327"}],"wp:featuredmedia":[{"embeddable":true,"href":"https:\/\/klimasul.com.br\/index.php?rest_route=\/wp\/v2\/media\/1328"}],"wp:attachment":[{"href":"https:\/\/klimasul.com.br\/index.php?rest_route=%2Fwp%2Fv2%2Fmedia&parent=1327"}],"wp:term":[{"taxonomy":"product_brand","embeddable":true,"href":"https:\/\/klimasul.com.br\/index.php?rest_route=%2Fwp%2Fv2%2Fproduct_brand&post=1327"},{"taxonomy":"product_cat","embeddable":true,"href":"https:\/\/klimasul.com.br\/index.php?rest_route=%2Fwp%2Fv2%2Fproduct_cat&post=1327"},{"taxonomy":"product_tag","embeddable":true,"href":"https:\/\/klimasul.com.br\/index.php?rest_route=%2Fwp%2Fv2%2Fproduct_tag&post=1327"}],"curies":[{"name":"wp","href":"https:\/\/api.w.org\/{rel}","templated":true}]}}