{"id":1329,"date":"2022-01-31T17:44:44","date_gmt":"2022-01-31T19:44:44","guid":{"rendered":"https:\/\/klimasul.com.br\/?post_type=product&#038;p=1329"},"modified":"2022-04-04T17:31:38","modified_gmt":"2022-04-04T20:31:38","slug":"gabinetes-para-forro-gf","status":"publish","type":"product","link":"https:\/\/klimasul.com.br\/?product=gabinetes-para-forro-gf","title":{"rendered":"Gabinetes para Forro GF"},"content":{"rendered":"<h3 class=\"\">Resumo do Produto<\/h3>\n<p class=\"\">Caixa de ventila\u00e7\u00e3o tipo Sirocco, com p\u00e1s curvadas para frente, e transmiss\u00e3o por polias e correias com baixo n\u00edvel de ru\u00eddo. Constru\u00edda em chapa de a\u00e7o galvanizada podendo ser revestida com pintura. Pode ser fornecida com porta filtro do tipo gaveta, com filtros F5 e G4.<\/p>\n<h3 class=\"\">\u00c1rea de Aplica\u00e7\u00e3o<\/h3>\n<p class=\"\">Ventila\u00e7\u00e3o e exaust\u00e3o predial. Escrit\u00f3rios, oficinas, locais comerciais, hotelaria.<\/p>\n","protected":false},"excerpt":{"rendered":"<h3 class=\"\">Gabinetes para Forro GF<\/h3>\n<p>Caixa de ventila\u00e7\u00e3o tipo Sirocco, com p\u00e1s curvadas para frente, e transmiss\u00e3o por polias e correias com baixo n\u00edvel de ru\u00eddo. Constru\u00edda em chapa de a\u00e7o galvanizada podendo ser revestida com pintura. Pode ser fornecida com porta filtro do tipo gaveta, com filtros F5 e G4.<\/p>\n<p><a href=\"https:\/\/klimasul.com.br\/wp-content\/uploads\/2022\/02\/GF-006_2020-J.pdf\" target=\"_blank\" rel=\"noopener\"><img loading=\"lazy\" decoding=\"async\" class=\"alignnone wp-image-1728 size-full\" src=\"https:\/\/klimasul.com.br\/wp-content\/uploads\/2022\/02\/btn-manual.png\" alt=\"\" width=\"200\" height=\"67\" \/><\/a><\/p>\n","protected":false},"featured_media":1330,"comment_status":"open","ping_status":"closed","template":"","meta":{"inline_featured_image":false},"product_brand":[],"product_cat":[178],"product_tag":[],"class_list":{"0":"post-1329","1":"product","2":"type-product","3":"status-publish","4":"has-post-thumbnail","6":"product_cat-gabinetes","8":"first","9":"instock","10":"shipping-taxable","11":"purchasable","12":"product-type-simple"},"_links":{"self":[{"href":"https:\/\/klimasul.com.br\/index.php?rest_route=\/wp\/v2\/product\/1329","targetHints":{"allow":["GET"]}}],"collection":[{"href":"https:\/\/klimasul.com.br\/index.php?rest_route=\/wp\/v2\/product"}],"about":[{"href":"https:\/\/klimasul.com.br\/index.php?rest_route=\/wp\/v2\/types\/product"}],"replies":[{"embeddable":true,"href":"https:\/\/klimasul.com.br\/index.php?rest_route=%2Fwp%2Fv2%2Fcomments&post=1329"}],"wp:featuredmedia":[{"embeddable":true,"href":"https:\/\/klimasul.com.br\/index.php?rest_route=\/wp\/v2\/media\/1330"}],"wp:attachment":[{"href":"https:\/\/klimasul.com.br\/index.php?rest_route=%2Fwp%2Fv2%2Fmedia&parent=1329"}],"wp:term":[{"taxonomy":"product_brand","embeddable":true,"href":"https:\/\/klimasul.com.br\/index.php?rest_route=%2Fwp%2Fv2%2Fproduct_brand&post=1329"},{"taxonomy":"product_cat","embeddable":true,"href":"https:\/\/klimasul.com.br\/index.php?rest_route=%2Fwp%2Fv2%2Fproduct_cat&post=1329"},{"taxonomy":"product_tag","embeddable":true,"href":"https:\/\/klimasul.com.br\/index.php?rest_route=%2Fwp%2Fv2%2Fproduct_tag&post=1329"}],"curies":[{"name":"wp","href":"https:\/\/api.w.org\/{rel}","templated":true}]}}