{"id":1331,"date":"2022-01-31T17:45:43","date_gmt":"2022-01-31T19:45:43","guid":{"rendered":"https:\/\/klimasul.com.br\/?post_type=product&#038;p=1331"},"modified":"2022-04-04T17:28:50","modified_gmt":"2022-04-04T20:28:50","slug":"gabinetes-compactos-gc","status":"publish","type":"product","link":"https:\/\/klimasul.com.br\/?product=gabinetes-compactos-gc","title":{"rendered":"Gabinetes Compactos GC"},"content":{"rendered":"<h3 class=\"\">Resumo do Produto<\/h3>\n<p class=\"\">Caixas de ventila\u00e7\u00e3o \u201cin-line\u201d, compactas, com altura de instala\u00e7\u00e3o para forro, munidas de ventilador do tipo &#8220;Sirocco&#8221;. Os gabinetes GC s\u00e3o caixas de ventila\u00e7\u00e3o com descarga horizontal ou vertical, com design compacto, projetadas para trabalhar com ar limpo.<\/p>\n<h3 class=\"\">\u00c1rea de Aplica\u00e7\u00e3o<\/h3>\n<p class=\"\">Ventila\u00e7\u00e3o e exaust\u00e3o predial.<\/p>\n","protected":false},"excerpt":{"rendered":"<h3 class=\"\">Gabinetes Compactos GC<\/h3>\n<p>Caixas de ventila\u00e7\u00e3o \u201cin-line\u201d, compactas, com altura de instala\u00e7\u00e3o para forro, munidas de ventilador do tipo &#8220;Sirocco&#8221;. Os gabinetes GC s\u00e3o caixas de ventila\u00e7\u00e3o com descarga horizontal ou vertical, com design compacto, projetadas para trabalhar com ar limpo.<\/p>\n<p><a href=\"https:\/\/klimasul.com.br\/wp-content\/uploads\/2022\/02\/POSICOES-DE-MONTAGENS-GABINETES.pdf\" target=\"_blank\" rel=\"noopener\"><img loading=\"lazy\" decoding=\"async\" class=\"alignnone wp-image-1728 size-full\" src=\"https:\/\/klimasul.com.br\/wp-content\/uploads\/2022\/02\/btn-manual.png\" alt=\"\" width=\"200\" height=\"67\" \/><\/a><br \/>\n<a href=\"https:\/\/klimasul.com.br\/wp-content\/uploads\/2022\/02\/AFR_038_2017-J-cancelado.pdf\" target=\"_blank\" rel=\"noopener\"><img loading=\"lazy\" decoding=\"async\" class=\"alignnone wp-image-1728 size-full\" src=\"https:\/\/klimasul.com.br\/wp-content\/uploads\/2022\/02\/btn-manual.png\" alt=\"\" width=\"200\" height=\"67\" \/><\/a><\/p>\n","protected":false},"featured_media":1333,"comment_status":"open","ping_status":"closed","template":"","meta":{"inline_featured_image":false},"product_brand":[],"product_cat":[178],"product_tag":[],"class_list":{"0":"post-1331","1":"product","2":"type-product","3":"status-publish","4":"has-post-thumbnail","6":"product_cat-gabinetes","8":"first","9":"instock","10":"shipping-taxable","11":"purchasable","12":"product-type-simple"},"_links":{"self":[{"href":"https:\/\/klimasul.com.br\/index.php?rest_route=\/wp\/v2\/product\/1331","targetHints":{"allow":["GET"]}}],"collection":[{"href":"https:\/\/klimasul.com.br\/index.php?rest_route=\/wp\/v2\/product"}],"about":[{"href":"https:\/\/klimasul.com.br\/index.php?rest_route=\/wp\/v2\/types\/product"}],"replies":[{"embeddable":true,"href":"https:\/\/klimasul.com.br\/index.php?rest_route=%2Fwp%2Fv2%2Fcomments&post=1331"}],"wp:featuredmedia":[{"embeddable":true,"href":"https:\/\/klimasul.com.br\/index.php?rest_route=\/wp\/v2\/media\/1333"}],"wp:attachment":[{"href":"https:\/\/klimasul.com.br\/index.php?rest_route=%2Fwp%2Fv2%2Fmedia&parent=1331"}],"wp:term":[{"taxonomy":"product_brand","embeddable":true,"href":"https:\/\/klimasul.com.br\/index.php?rest_route=%2Fwp%2Fv2%2Fproduct_brand&post=1331"},{"taxonomy":"product_cat","embeddable":true,"href":"https:\/\/klimasul.com.br\/index.php?rest_route=%2Fwp%2Fv2%2Fproduct_cat&post=1331"},{"taxonomy":"product_tag","embeddable":true,"href":"https:\/\/klimasul.com.br\/index.php?rest_route=%2Fwp%2Fv2%2Fproduct_tag&post=1331"}],"curies":[{"name":"wp","href":"https:\/\/api.w.org\/{rel}","templated":true}]}}