{"id":1332,"date":"2022-01-31T17:47:37","date_gmt":"2022-01-31T19:47:37","guid":{"rendered":"https:\/\/klimasul.com.br\/?post_type=product&#038;p=1332"},"modified":"2022-04-04T17:45:06","modified_gmt":"2022-04-04T20:45:06","slug":"ra","status":"publish","type":"product","link":"https:\/\/klimasul.com.br\/?product=ra","title":{"rendered":"RA &#8211; Ventiladores"},"content":{"rendered":"<h3 class=\"\">Resumo do Produto<\/h3>\n<p class=\"\">Os ventiladores da linha RA possuem rotores de p\u00e1s radiais modificadas. S\u00e3o ventiladores de alta press\u00e3o e baixa vaz\u00e3o, de constru\u00e7\u00e3o robusta, para ambientes industriais. Aplica\u00e7\u00f5es: S\u00e3o equipamentos usados em sistemas de transporte pneum\u00e1tico, leito fluidizado, ar de combust\u00e3o, exaust\u00e3o em sistemas de alta press\u00e3o, etc.<\/p>\n<h3 class=\"\">\u00c1rea de Aplica\u00e7\u00e3o<\/h3>\n<p class=\"\">Ventila\u00e7\u00e3o e exaust\u00e3o industrial, transporte pneum\u00e1tico e cimenteira<\/p>\n","protected":false},"excerpt":{"rendered":"<h3 class=\"\">RA<\/h3>\n<p>Os ventiladores da linha RA possuem rotores de p\u00e1s radiais modificadas. S\u00e3o ventiladores de alta press\u00e3o e baixa vaz\u00e3o, de constru\u00e7\u00e3o robusta, para ambientes industriais. Aplica\u00e7\u00f5es: S\u00e3o equipamentos usados em sistemas de transporte pneum\u00e1tico, leito fluidizado, ar de combust\u00e3o, exaust\u00e3o em sistemas de alta press\u00e3o, etc.<\/p>\n<p><a href=\"https:\/\/klimasul.com.br\/wp-content\/uploads\/2022\/02\/PFB-003_2020-J.pdf\" target=\"_blank\" rel=\"noopener\"><img loading=\"lazy\" decoding=\"async\" class=\"alignnone wp-image-1728 size-full\" src=\"https:\/\/klimasul.com.br\/wp-content\/uploads\/2022\/02\/btn-manual.png\" alt=\"\" width=\"200\" height=\"67\" \/><\/a><\/p>\n","protected":false},"featured_media":1337,"comment_status":"open","ping_status":"closed","template":"","meta":{"inline_featured_image":false},"product_brand":[],"product_cat":[180],"product_tag":[],"class_list":{"0":"post-1332","1":"product","2":"type-product","3":"status-publish","4":"has-post-thumbnail","6":"product_cat-sopradores","8":"first","9":"instock","10":"shipping-taxable","11":"purchasable","12":"product-type-simple"},"_links":{"self":[{"href":"https:\/\/klimasul.com.br\/index.php?rest_route=\/wp\/v2\/product\/1332","targetHints":{"allow":["GET"]}}],"collection":[{"href":"https:\/\/klimasul.com.br\/index.php?rest_route=\/wp\/v2\/product"}],"about":[{"href":"https:\/\/klimasul.com.br\/index.php?rest_route=\/wp\/v2\/types\/product"}],"replies":[{"embeddable":true,"href":"https:\/\/klimasul.com.br\/index.php?rest_route=%2Fwp%2Fv2%2Fcomments&post=1332"}],"wp:featuredmedia":[{"embeddable":true,"href":"https:\/\/klimasul.com.br\/index.php?rest_route=\/wp\/v2\/media\/1337"}],"wp:attachment":[{"href":"https:\/\/klimasul.com.br\/index.php?rest_route=%2Fwp%2Fv2%2Fmedia&parent=1332"}],"wp:term":[{"taxonomy":"product_brand","embeddable":true,"href":"https:\/\/klimasul.com.br\/index.php?rest_route=%2Fwp%2Fv2%2Fproduct_brand&post=1332"},{"taxonomy":"product_cat","embeddable":true,"href":"https:\/\/klimasul.com.br\/index.php?rest_route=%2Fwp%2Fv2%2Fproduct_cat&post=1332"},{"taxonomy":"product_tag","embeddable":true,"href":"https:\/\/klimasul.com.br\/index.php?rest_route=%2Fwp%2Fv2%2Fproduct_tag&post=1332"}],"curies":[{"name":"wp","href":"https:\/\/api.w.org\/{rel}","templated":true}]}}