{"id":1336,"date":"2022-01-31T17:47:51","date_gmt":"2022-01-31T19:47:51","guid":{"rendered":"https:\/\/klimasul.com.br\/?post_type=product&#038;p=1336"},"modified":"2022-04-04T16:44:25","modified_gmt":"2022-04-04T19:44:25","slug":"gvs-gvl-gvm","status":"publish","type":"product","link":"https:\/\/klimasul.com.br\/?product=gvs-gvl-gvm","title":{"rendered":"GVS \/ GVL \/ GVM"},"content":{"rendered":"<div id=\"foco\"><\/div>\n<div class=\"col-md-8\">\n<h3 class=\"\">Resumo do Produto<\/h3>\n<p class=\"\">Os gabinetes de ventila\u00e7\u00e3o da linha GVS possuem ventiladores de p\u00e1s curvadas para frente (tipo sirocco), de dupla aspira\u00e7\u00e3o da linha TDA e, portanto, suas caracter\u00edsticas de funcionamento s\u00e3o obtidas nas mesmas curvas de desempenho. De f\u00e1cil instala\u00e7\u00e3o e baixa manuten\u00e7\u00e3o. A qualidade dos materiais utilizados em sua fabrica\u00e7\u00e3o conferem rigidez aliada a uma \u00f3tima apar\u00eancia. Aplica\u00e7\u00f5es: Principalmente em sistemas de ar condicionado, ventila\u00e7\u00e3o industrial, salas de m\u00e1quinas e salas limpas. Essencialmente onde exista a necessidade de manter os ambientes com ar limpo e com baixos n\u00edveis de ru\u00eddos.<\/p>\n<h3 class=\"\">\u00c1rea de Aplica\u00e7\u00e3o<\/h3>\n<p class=\"\">ventila\u00e7\u00e3o e exaust\u00e3o predial.<\/p>\n<\/div>\n","protected":false},"excerpt":{"rendered":"<h3 class=\"\">GVS \/ GVL \/ GVM<\/h3>\n<p class=\"\">Os gabinetes de ventila\u00e7\u00e3o da linha GVS possuem ventiladores de p\u00e1s curvadas para frente (tipo sirocco), de dupla aspira\u00e7\u00e3o da linha TDA e, portanto, suas caracter\u00edsticas de funcionamento s\u00e3o obtidas nas mesmas curvas de desempenho. De f\u00e1cil instala\u00e7\u00e3o e baixa manuten\u00e7\u00e3o. A qualidade dos materiais utilizados em sua fabrica\u00e7\u00e3o conferem rigidez aliada a uma \u00f3tima apar\u00eancia. Aplica\u00e7\u00f5es: Principalmente em sistemas de ar condicionado, ventila\u00e7\u00e3o industrial, salas de m\u00e1quinas e salas limpas. Essencialmente onde exista a necessidade de manter os ambientes com ar limpo e com baixos n\u00edveis de ru\u00eddos.<\/p>\n<p><a href=\"https:\/\/klimasul.com.br\/wp-content\/uploads\/2022\/02\/POSICOES-DE-MONTAGENS-GABINETES.pdf\" target=\"_blank\" rel=\"noopener\"><img loading=\"lazy\" decoding=\"async\" class=\"alignnone wp-image-1728 size-full\" src=\"https:\/\/klimasul.com.br\/wp-content\/uploads\/2022\/02\/btn-manual.png\" alt=\"\" width=\"200\" height=\"67\" \/><\/a><\/p>\n","protected":false},"featured_media":1338,"comment_status":"open","ping_status":"closed","template":"","meta":{"inline_featured_image":false},"product_brand":[],"product_cat":[178],"product_tag":[],"class_list":{"0":"post-1336","1":"product","2":"type-product","3":"status-publish","4":"has-post-thumbnail","6":"product_cat-gabinetes","8":"first","9":"instock","10":"shipping-taxable","11":"purchasable","12":"product-type-simple"},"_links":{"self":[{"href":"https:\/\/klimasul.com.br\/index.php?rest_route=\/wp\/v2\/product\/1336","targetHints":{"allow":["GET"]}}],"collection":[{"href":"https:\/\/klimasul.com.br\/index.php?rest_route=\/wp\/v2\/product"}],"about":[{"href":"https:\/\/klimasul.com.br\/index.php?rest_route=\/wp\/v2\/types\/product"}],"replies":[{"embeddable":true,"href":"https:\/\/klimasul.com.br\/index.php?rest_route=%2Fwp%2Fv2%2Fcomments&post=1336"}],"wp:featuredmedia":[{"embeddable":true,"href":"https:\/\/klimasul.com.br\/index.php?rest_route=\/wp\/v2\/media\/1338"}],"wp:attachment":[{"href":"https:\/\/klimasul.com.br\/index.php?rest_route=%2Fwp%2Fv2%2Fmedia&parent=1336"}],"wp:term":[{"taxonomy":"product_brand","embeddable":true,"href":"https:\/\/klimasul.com.br\/index.php?rest_route=%2Fwp%2Fv2%2Fproduct_brand&post=1336"},{"taxonomy":"product_cat","embeddable":true,"href":"https:\/\/klimasul.com.br\/index.php?rest_route=%2Fwp%2Fv2%2Fproduct_cat&post=1336"},{"taxonomy":"product_tag","embeddable":true,"href":"https:\/\/klimasul.com.br\/index.php?rest_route=%2Fwp%2Fv2%2Fproduct_tag&post=1336"}],"curies":[{"name":"wp","href":"https:\/\/api.w.org\/{rel}","templated":true}]}}