{"id":1340,"date":"2022-01-31T17:49:49","date_gmt":"2022-01-31T19:49:49","guid":{"rendered":"https:\/\/klimasul.com.br\/?post_type=product&#038;p=1340"},"modified":"2022-04-04T17:20:09","modified_gmt":"2022-04-04T20:20:09","slug":"avr","status":"publish","type":"product","link":"https:\/\/klimasul.com.br\/?product=avr","title":{"rendered":"AVR"},"content":{"rendered":"<div id=\"foco\"><\/div>\n<div class=\"col-md-8\">\n<h3 class=\"\">Resumo do Produto<\/h3>\n<p class=\"\">Os ventiladores da linha AVR, possuem caracter\u00edsticas de carga limitada e s\u00e3o fabricados em diferentes tamanhos. Sua h\u00e9lice possui p\u00e1s em perfil aerof\u00f3lio, com passo vari\u00e1vel (\u00e2ngulo das p\u00e1s \u00e9 ajust\u00e1vel em repouso) e foi projetada para obter um rendimento aliado a excelentes caracter\u00edsticas de desempenho. Aplica\u00e7\u00f5es: Sistemas de ventila\u00e7\u00e3o, exaust\u00e3o, renova\u00e7\u00e3o, circula\u00e7\u00e3o for\u00e7ada, calefa\u00e7\u00e3o, refrigera\u00e7\u00e3o, arrefecimento, umidifica\u00e7\u00e3o ou desumidifica\u00e7\u00e3o do ar. Na constru\u00e7\u00e3o tipo Naval aplicam-se em sistemas de ventila\u00e7\u00e3o, exaust\u00e3o, renova\u00e7\u00e3o ou circula\u00e7\u00e3o for\u00e7ada em navios, plataformas de perfura\u00e7\u00e3o ou extra\u00e7\u00e3o de petr\u00f3leo, minas, t\u00faneis, entre outras.<\/p>\n<h3 class=\"\">\u00c1rea de Aplica\u00e7\u00e3o<\/h3>\n<p class=\"\">Agricultura (secagem de gr\u00e3os), Ventila\u00e7\u00e3o e exaust\u00e3o predial, Ventila\u00e7\u00e3o e exaust\u00e3o Industrial, T\u00faneis e Metr\u00f4s, Resfriamento de casas de m\u00e1quinas.<\/p>\n<\/div>\n","protected":false},"excerpt":{"rendered":"<h3 class=\"\">AVR<\/h3>\n<p>Os ventiladores da linha AVR, possuem caracter\u00edsticas de carga limitada e s\u00e3o fabricados em diferentes tamanhos. Sua h\u00e9lice possui p\u00e1s em perfil aerof\u00f3lio, com passo vari\u00e1vel (\u00e2ngulo das p\u00e1s \u00e9 ajust\u00e1vel em repouso) e foi projetada para obter um rendimento aliado a excelentes caracter\u00edsticas de desempenho. Aplica\u00e7\u00f5es: Sistemas de ventila\u00e7\u00e3o, exaust\u00e3o, renova\u00e7\u00e3o, circula\u00e7\u00e3o for\u00e7ada, calefa\u00e7\u00e3o, refrigera\u00e7\u00e3o, arrefecimento, umidifica\u00e7\u00e3o ou desumidifica\u00e7\u00e3o do ar. Na constru\u00e7\u00e3o tipo Naval aplicam-se em sistemas de ventila\u00e7\u00e3o, exaust\u00e3o, renova\u00e7\u00e3o ou circula\u00e7\u00e3o for\u00e7ada em navios, plataformas de perfura\u00e7\u00e3o ou extra\u00e7\u00e3o de petr\u00f3leo, minas, t\u00faneis, entre outras.<\/p>\n<p><a href=\"https:\/\/klimasul.com.br\/wp-content\/uploads\/2022\/02\/AVR-040_2021-J.pdf\" target=\"_blank\" rel=\"noopener\"><img loading=\"lazy\" decoding=\"async\" class=\"alignnone wp-image-1728 size-full\" src=\"https:\/\/klimasul.com.br\/wp-content\/uploads\/2022\/02\/btn-manual.png\" alt=\"\" width=\"200\" height=\"67\" \/><\/a><\/p>\n","protected":false},"featured_media":1343,"comment_status":"open","ping_status":"closed","template":"","meta":{"inline_featured_image":false},"product_brand":[],"product_cat":[184],"product_tag":[],"class_list":{"0":"post-1340","1":"product","2":"type-product","3":"status-publish","4":"has-post-thumbnail","6":"product_cat-axiais","8":"first","9":"instock","10":"shipping-taxable","11":"purchasable","12":"product-type-simple"},"_links":{"self":[{"href":"https:\/\/klimasul.com.br\/index.php?rest_route=\/wp\/v2\/product\/1340","targetHints":{"allow":["GET"]}}],"collection":[{"href":"https:\/\/klimasul.com.br\/index.php?rest_route=\/wp\/v2\/product"}],"about":[{"href":"https:\/\/klimasul.com.br\/index.php?rest_route=\/wp\/v2\/types\/product"}],"replies":[{"embeddable":true,"href":"https:\/\/klimasul.com.br\/index.php?rest_route=%2Fwp%2Fv2%2Fcomments&post=1340"}],"wp:featuredmedia":[{"embeddable":true,"href":"https:\/\/klimasul.com.br\/index.php?rest_route=\/wp\/v2\/media\/1343"}],"wp:attachment":[{"href":"https:\/\/klimasul.com.br\/index.php?rest_route=%2Fwp%2Fv2%2Fmedia&parent=1340"}],"wp:term":[{"taxonomy":"product_brand","embeddable":true,"href":"https:\/\/klimasul.com.br\/index.php?rest_route=%2Fwp%2Fv2%2Fproduct_brand&post=1340"},{"taxonomy":"product_cat","embeddable":true,"href":"https:\/\/klimasul.com.br\/index.php?rest_route=%2Fwp%2Fv2%2Fproduct_cat&post=1340"},{"taxonomy":"product_tag","embeddable":true,"href":"https:\/\/klimasul.com.br\/index.php?rest_route=%2Fwp%2Fv2%2Fproduct_tag&post=1340"}],"curies":[{"name":"wp","href":"https:\/\/api.w.org\/{rel}","templated":true}]}}