{"id":1342,"date":"2022-01-31T17:51:13","date_gmt":"2022-01-31T19:51:13","guid":{"rendered":"https:\/\/klimasul.com.br\/?post_type=product&#038;p=1342"},"modified":"2022-04-04T18:15:26","modified_gmt":"2022-04-04T21:15:26","slug":"rai-rmi","status":"publish","type":"product","link":"https:\/\/klimasul.com.br\/?product=rai-rmi","title":{"rendered":"RAI \/ RMI"},"content":{"rendered":"<h3 class=\"\">Resumo do Produto<\/h3>\n<p class=\"\">Os ventiladores de linha RAI possuem rotores de p\u00e1s radiais. S\u00e3o ventiladores de constru\u00e7\u00e3o robusta, para aplica\u00e7\u00f5es industriais e de utiliza\u00e7\u00e3o t\u00edpica no transporte de materiais. Opcionalmente podem ser fabricados com rotores fundidos em alum\u00ednio. Aplica\u00e7\u00f5es: S\u00e3o equipamentos usados em sistemas de exaust\u00e3o de detritos de m\u00e1quinas e de processos industriais, exaust\u00e3o de p\u00f3 e fibras, gases, vapores, fuma\u00e7as, odores industriais, etc.<\/p>\n<h3 class=\"\">\u00c1rea de Aplica\u00e7\u00e3o<\/h3>\n<p class=\"\">Transporte de materiais<\/p>\n","protected":false},"excerpt":{"rendered":"<h3 class=\"\">RAI \/ RMI<\/h3>\n<p>Os ventiladores de linha RAI possuem rotores de p\u00e1s radiais. S\u00e3o ventiladores de constru\u00e7\u00e3o robusta, para aplica\u00e7\u00f5es industriais e de utiliza\u00e7\u00e3o t\u00edpica no transporte de materiais. Opcionalmente podem ser fabricados com rotores fundidos em alum\u00ednio. Aplica\u00e7\u00f5es: S\u00e3o equipamentos usados em sistemas de exaust\u00e3o de detritos de m\u00e1quinas e de processos industriais, exaust\u00e3o de p\u00f3 e fibras, gases, vapores, fuma\u00e7as, odores industriais, etc.<\/p>\n<p><a href=\"https:\/\/klimasul.com.br\/wp-content\/uploads\/2022\/02\/RAI_RMI-032_2020-J.pdf\" target=\"_blank\" rel=\"noopener\"><img loading=\"lazy\" decoding=\"async\" class=\"alignnone wp-image-1728 size-full\" src=\"https:\/\/klimasul.com.br\/wp-content\/uploads\/2022\/02\/btn-manual.png\" alt=\"\" width=\"200\" height=\"67\" \/><\/a><\/p>\n","protected":false},"featured_media":1345,"comment_status":"open","ping_status":"closed","template":"","meta":{"inline_featured_image":false},"product_brand":[],"product_cat":[181],"product_tag":[],"class_list":{"0":"post-1342","1":"product","2":"type-product","3":"status-publish","4":"has-post-thumbnail","6":"product_cat-centrifugos-de-pas-radiais","8":"first","9":"instock","10":"shipping-taxable","11":"purchasable","12":"product-type-simple"},"_links":{"self":[{"href":"https:\/\/klimasul.com.br\/index.php?rest_route=\/wp\/v2\/product\/1342","targetHints":{"allow":["GET"]}}],"collection":[{"href":"https:\/\/klimasul.com.br\/index.php?rest_route=\/wp\/v2\/product"}],"about":[{"href":"https:\/\/klimasul.com.br\/index.php?rest_route=\/wp\/v2\/types\/product"}],"replies":[{"embeddable":true,"href":"https:\/\/klimasul.com.br\/index.php?rest_route=%2Fwp%2Fv2%2Fcomments&post=1342"}],"wp:featuredmedia":[{"embeddable":true,"href":"https:\/\/klimasul.com.br\/index.php?rest_route=\/wp\/v2\/media\/1345"}],"wp:attachment":[{"href":"https:\/\/klimasul.com.br\/index.php?rest_route=%2Fwp%2Fv2%2Fmedia&parent=1342"}],"wp:term":[{"taxonomy":"product_brand","embeddable":true,"href":"https:\/\/klimasul.com.br\/index.php?rest_route=%2Fwp%2Fv2%2Fproduct_brand&post=1342"},{"taxonomy":"product_cat","embeddable":true,"href":"https:\/\/klimasul.com.br\/index.php?rest_route=%2Fwp%2Fv2%2Fproduct_cat&post=1342"},{"taxonomy":"product_tag","embeddable":true,"href":"https:\/\/klimasul.com.br\/index.php?rest_route=%2Fwp%2Fv2%2Fproduct_tag&post=1342"}],"curies":[{"name":"wp","href":"https:\/\/api.w.org\/{rel}","templated":true}]}}