{"id":1344,"date":"2022-01-31T17:51:03","date_gmt":"2022-01-31T19:51:03","guid":{"rendered":"https:\/\/klimasul.com.br\/?post_type=product&#038;p=1344"},"modified":"2022-01-31T17:51:03","modified_gmt":"2022-01-31T19:51:03","slug":"vix","status":"publish","type":"product","link":"https:\/\/klimasul.com.br\/?product=vix","title":{"rendered":"VIX"},"content":{"rendered":"<h3 class=\"\">Resumo do Produto<\/h3>\n<p class=\"\">Os ventiladores de indu\u00e7\u00e3o s\u00e3o utilizados como equipamento auxiliar de ventila\u00e7\u00e3o. Recomendados para aplica\u00e7\u00e3o em garagens, para expelir ar estagnado, sujo e quente de escapamento de ve\u00edculos para fora das edifica\u00e7\u00f5es. Tamb\u00e9m utilizados como otimizadores da ventila\u00e7\u00e3o e distribui\u00e7\u00e3o do ar em ambientes como f\u00e1bricas ou dep\u00f3sitos. Aumentam a circula\u00e7\u00e3o e alcance do ar, reduzindo as temperaturas em locais enclausurados ou ambientes de baixo conforto t\u00e9rmico. De simples instala\u00e7\u00e3o sem a necessidade de dutos, podem ser fixados no teto ou em paredes.<\/p>\n<h3 class=\"\">\u00c1rea de Aplica\u00e7\u00e3o<\/h3>\n<p class=\"\">Garagens.<\/p>\n","protected":false},"excerpt":{"rendered":"<h3 class=\"\">VIX<\/h3>\n<p>Os ventiladores de indu\u00e7\u00e3o s\u00e3o utilizados como equipamento auxiliar de ventila\u00e7\u00e3o. Recomendados para aplica\u00e7\u00e3o em garagens, para expelir ar estagnado, sujo e quente de escapamento de ve\u00edculos para fora das edifica\u00e7\u00f5es. Tamb\u00e9m utilizados como otimizadores da ventila\u00e7\u00e3o e distribui\u00e7\u00e3o do ar em ambientes como f\u00e1bricas ou dep\u00f3sitos. Aumentam a circula\u00e7\u00e3o e alcance do ar, reduzindo as temperaturas em locais enclausurados ou ambientes de baixo conforto t\u00e9rmico. De simples instala\u00e7\u00e3o sem a necessidade de dutos, podem ser fixados no teto ou em paredes.<\/p>\n","protected":false},"featured_media":1346,"comment_status":"open","ping_status":"closed","template":"","meta":{"inline_featured_image":false},"product_brand":[],"product_cat":[184],"product_tag":[],"class_list":{"0":"post-1344","1":"product","2":"type-product","3":"status-publish","4":"has-post-thumbnail","6":"product_cat-axiais","8":"first","9":"instock","10":"shipping-taxable","11":"purchasable","12":"product-type-simple"},"_links":{"self":[{"href":"https:\/\/klimasul.com.br\/index.php?rest_route=\/wp\/v2\/product\/1344","targetHints":{"allow":["GET"]}}],"collection":[{"href":"https:\/\/klimasul.com.br\/index.php?rest_route=\/wp\/v2\/product"}],"about":[{"href":"https:\/\/klimasul.com.br\/index.php?rest_route=\/wp\/v2\/types\/product"}],"replies":[{"embeddable":true,"href":"https:\/\/klimasul.com.br\/index.php?rest_route=%2Fwp%2Fv2%2Fcomments&post=1344"}],"wp:featuredmedia":[{"embeddable":true,"href":"https:\/\/klimasul.com.br\/index.php?rest_route=\/wp\/v2\/media\/1346"}],"wp:attachment":[{"href":"https:\/\/klimasul.com.br\/index.php?rest_route=%2Fwp%2Fv2%2Fmedia&parent=1344"}],"wp:term":[{"taxonomy":"product_brand","embeddable":true,"href":"https:\/\/klimasul.com.br\/index.php?rest_route=%2Fwp%2Fv2%2Fproduct_brand&post=1344"},{"taxonomy":"product_cat","embeddable":true,"href":"https:\/\/klimasul.com.br\/index.php?rest_route=%2Fwp%2Fv2%2Fproduct_cat&post=1344"},{"taxonomy":"product_tag","embeddable":true,"href":"https:\/\/klimasul.com.br\/index.php?rest_route=%2Fwp%2Fv2%2Fproduct_tag&post=1344"}],"curies":[{"name":"wp","href":"https:\/\/api.w.org\/{rel}","templated":true}]}}