{"id":1348,"date":"2022-01-31T17:52:49","date_gmt":"2022-01-31T19:52:49","guid":{"rendered":"https:\/\/klimasul.com.br\/?post_type=product&#038;p=1348"},"modified":"2022-01-31T17:52:49","modified_gmt":"2022-01-31T19:52:49","slug":"tjhu","status":"publish","type":"product","link":"https:\/\/klimasul.com.br\/?product=tjhu","title":{"rendered":"TJHU"},"content":{"rendered":"<h3 class=\"\">Resumo do Produto<\/h3>\n<p class=\"\">JET FANS para mover grandes volumes de ar em estacionamentos, t\u00faneis e todo tipo de grandes espa\u00e7os. Serie TJHU: modelos capacitados para trabalhar imersos a 400\u00baC\/2h e 300\u00baC\/2h Serie TJFU: modelos somente para ventila\u00e7\u00e3o em temperatura ambiente.<\/p>\n<h3 class=\"\">\u00c1rea de Aplica\u00e7\u00e3o<\/h3>\n<p class=\"\">Garagens<\/p>\n","protected":false},"excerpt":{"rendered":"<h3 class=\"\">TJHU<\/h3>\n<p>JET FANS para mover grandes volumes de ar em estacionamentos, t\u00faneis e todo tipo de grandes espa\u00e7os. Serie TJHU: modelos capacitados para trabalhar imersos a 400\u00baC\/2h e 300\u00baC\/2h Serie TJFU: modelos somente para ventila\u00e7\u00e3o em temperatura ambiente.<\/p>\n","protected":false},"featured_media":1351,"comment_status":"open","ping_status":"closed","template":"","meta":{"inline_featured_image":false},"product_brand":[],"product_cat":[182],"product_tag":[],"class_list":{"0":"post-1348","1":"product","2":"type-product","3":"status-publish","4":"has-post-thumbnail","6":"product_cat-jet-fan","8":"first","9":"instock","10":"shipping-taxable","11":"purchasable","12":"product-type-simple"},"_links":{"self":[{"href":"https:\/\/klimasul.com.br\/index.php?rest_route=\/wp\/v2\/product\/1348","targetHints":{"allow":["GET"]}}],"collection":[{"href":"https:\/\/klimasul.com.br\/index.php?rest_route=\/wp\/v2\/product"}],"about":[{"href":"https:\/\/klimasul.com.br\/index.php?rest_route=\/wp\/v2\/types\/product"}],"replies":[{"embeddable":true,"href":"https:\/\/klimasul.com.br\/index.php?rest_route=%2Fwp%2Fv2%2Fcomments&post=1348"}],"wp:featuredmedia":[{"embeddable":true,"href":"https:\/\/klimasul.com.br\/index.php?rest_route=\/wp\/v2\/media\/1351"}],"wp:attachment":[{"href":"https:\/\/klimasul.com.br\/index.php?rest_route=%2Fwp%2Fv2%2Fmedia&parent=1348"}],"wp:term":[{"taxonomy":"product_brand","embeddable":true,"href":"https:\/\/klimasul.com.br\/index.php?rest_route=%2Fwp%2Fv2%2Fproduct_brand&post=1348"},{"taxonomy":"product_cat","embeddable":true,"href":"https:\/\/klimasul.com.br\/index.php?rest_route=%2Fwp%2Fv2%2Fproduct_cat&post=1348"},{"taxonomy":"product_tag","embeddable":true,"href":"https:\/\/klimasul.com.br\/index.php?rest_route=%2Fwp%2Fv2%2Fproduct_tag&post=1348"}],"curies":[{"name":"wp","href":"https:\/\/api.w.org\/{rel}","templated":true}]}}