{"id":1350,"date":"2022-01-31T17:53:20","date_gmt":"2022-01-31T19:53:20","guid":{"rendered":"https:\/\/klimasul.com.br\/?post_type=product&#038;p=1350"},"modified":"2022-01-31T17:53:20","modified_gmt":"2022-01-31T19:53:20","slug":"man-cooler","status":"publish","type":"product","link":"https:\/\/klimasul.com.br\/?product=man-cooler","title":{"rendered":"MAN COOLER"},"content":{"rendered":"<h3 class=\"\">Resumo do Produto<\/h3>\n<p class=\"\">Os ventiladores S&amp;P Brasil, modelo MC, tipo \u201cMAN COOLER\u201d, s\u00e3o recomendados para aplica\u00e7\u00f5es em ambientes de extrema concentra\u00e7\u00e3o de calor. Movimentando o ar a partir de um jato dirigido, podem ser utilizados para intensificar a troca de calor humano com o ambiente atrav\u00e9s do calor latente de evapora\u00e7\u00e3o, como tamb\u00e9m para acelerar o resfriamento de fornos, caldeiras e outros equipamentos sujeitos a elevadas temperaturas. Em ambientes de baixo conforto t\u00e9rmico, podem ser aplicados com o objetivo de simples movimenta\u00e7\u00e3o de ar ou de trabalhos ditos \u201cem boca de forno\u201d, como ind\u00fastrias de vidro, trens de lamina\u00e7\u00e3o, fundi\u00e7\u00f5es, prensas, martelos e forjas.<\/p>\n<h3 class=\"\">\u00c1rea de Aplica\u00e7\u00e3o<\/h3>\n<p class=\"\">Conforto t\u00e9rmico.<\/p>\n","protected":false},"excerpt":{"rendered":"<h3 class=\"\">MAN COOLER<\/h3>\n<p>Os ventiladores S&amp;P Brasil, modelo MC, tipo \u201cMAN COOLER\u201d, s\u00e3o recomendados para aplica\u00e7\u00f5es em ambientes de extrema concentra\u00e7\u00e3o de calor. Movimentando o ar a partir de um jato dirigido, podem ser utilizados para intensificar a troca de calor humano com o ambiente atrav\u00e9s do calor latente de evapora\u00e7\u00e3o, como tamb\u00e9m para acelerar o resfriamento de fornos, caldeiras e outros equipamentos sujeitos a elevadas temperaturas. Em ambientes de baixo conforto t\u00e9rmico, podem ser aplicados com o objetivo de simples movimenta\u00e7\u00e3o de ar ou de trabalhos ditos \u201cem boca de forno\u201d, como ind\u00fastrias de vidro, trens de lamina\u00e7\u00e3o, fundi\u00e7\u00f5es, prensas, martelos e forjas.<\/p>\n","protected":false},"featured_media":1353,"comment_status":"open","ping_status":"closed","template":"","meta":{"inline_featured_image":false},"product_brand":[],"product_cat":[184],"product_tag":[],"class_list":{"0":"post-1350","1":"product","2":"type-product","3":"status-publish","4":"has-post-thumbnail","6":"product_cat-axiais","8":"first","9":"instock","10":"shipping-taxable","11":"purchasable","12":"product-type-simple"},"_links":{"self":[{"href":"https:\/\/klimasul.com.br\/index.php?rest_route=\/wp\/v2\/product\/1350","targetHints":{"allow":["GET"]}}],"collection":[{"href":"https:\/\/klimasul.com.br\/index.php?rest_route=\/wp\/v2\/product"}],"about":[{"href":"https:\/\/klimasul.com.br\/index.php?rest_route=\/wp\/v2\/types\/product"}],"replies":[{"embeddable":true,"href":"https:\/\/klimasul.com.br\/index.php?rest_route=%2Fwp%2Fv2%2Fcomments&post=1350"}],"wp:featuredmedia":[{"embeddable":true,"href":"https:\/\/klimasul.com.br\/index.php?rest_route=\/wp\/v2\/media\/1353"}],"wp:attachment":[{"href":"https:\/\/klimasul.com.br\/index.php?rest_route=%2Fwp%2Fv2%2Fmedia&parent=1350"}],"wp:term":[{"taxonomy":"product_brand","embeddable":true,"href":"https:\/\/klimasul.com.br\/index.php?rest_route=%2Fwp%2Fv2%2Fproduct_brand&post=1350"},{"taxonomy":"product_cat","embeddable":true,"href":"https:\/\/klimasul.com.br\/index.php?rest_route=%2Fwp%2Fv2%2Fproduct_cat&post=1350"},{"taxonomy":"product_tag","embeddable":true,"href":"https:\/\/klimasul.com.br\/index.php?rest_route=%2Fwp%2Fv2%2Fproduct_tag&post=1350"}],"curies":[{"name":"wp","href":"https:\/\/api.w.org\/{rel}","templated":true}]}}