{"id":1352,"date":"2022-01-31T17:53:56","date_gmt":"2022-01-31T19:53:56","guid":{"rendered":"https:\/\/klimasul.com.br\/?post_type=product&#038;p=1352"},"modified":"2022-04-04T19:37:14","modified_gmt":"2022-04-04T22:37:14","slug":"tarw-tavr","status":"publish","type":"product","link":"https:\/\/klimasul.com.br\/?product=tarw-tavr","title":{"rendered":"TARW \/ TAVR"},"content":{"rendered":"<h3 class=\"\">Resumo do Produto<\/h3>\n<p class=\"\">Os ventiladores TAR s\u00e3o galvanizados \u00e0 fogo e pintados com sistema 50\/R0. Possuem h\u00e9lice FR em alum\u00ednio. De f\u00e1cil adapta\u00e7\u00e3o a qualquer telhado ou po\u00e7o de ventila\u00e7\u00e3o, s\u00e3o recomendados para exaust\u00e3o ou ventila\u00e7\u00e3o. Movimentam o ar em locais confinados ou polu\u00eddos com gases, fuma\u00e7a, vapores ou outros materiais, Dispon\u00edveis tamb\u00e9m com h\u00e9lice em perfil airfoil de passo vari\u00e1vel \u2013 TAVR. S\u00e3o de acoplamento direto ao motor. Aplica\u00e7\u00f5es: F\u00e1bricas, dep\u00f3sitos, casas de m\u00e1quinas, lojas, restaurantes, banheiros, etc.<\/p>\n<h3 class=\"\">\u00c1rea de Aplica\u00e7\u00e3o<\/h3>\n<p class=\"\">Exaust\u00e3o em telhados<\/p>\n","protected":false},"excerpt":{"rendered":"<h3 class=\"\">TARW \/ TAVR<\/h3>\n<p>Os ventiladores TAR s\u00e3o galvanizados \u00e0 fogo e pintados com sistema 50\/R0. Possuem h\u00e9lice FR em alum\u00ednio. De f\u00e1cil adapta\u00e7\u00e3o a qualquer telhado ou po\u00e7o de ventila\u00e7\u00e3o, s\u00e3o recomendados para exaust\u00e3o ou ventila\u00e7\u00e3o. Movimentam o ar em locais confinados ou polu\u00eddos com gases, fuma\u00e7a, vapores ou outros materiais, Dispon\u00edveis tamb\u00e9m com h\u00e9lice em perfil airfoil de passo vari\u00e1vel \u2013 TAVR. S\u00e3o de acoplamento direto ao motor. Aplica\u00e7\u00f5es: F\u00e1bricas, dep\u00f3sitos, casas de m\u00e1quinas, lojas, restaurantes, banheiros, etc.<\/p>\n<p><a href=\"https:\/\/klimasul.com.br\/wp-content\/uploads\/2022\/02\/TAR-W_TAVR-004_2021-J.pdf\" target=\"_blank\" rel=\"noopener\"><img loading=\"lazy\" decoding=\"async\" class=\"alignnone wp-image-1728 size-full\" src=\"https:\/\/klimasul.com.br\/wp-content\/uploads\/2022\/02\/btn-manual.png\" alt=\"\" width=\"200\" height=\"67\" \/><\/a><\/p>\n","protected":false},"featured_media":1355,"comment_status":"open","ping_status":"closed","template":"","meta":{"inline_featured_image":false},"product_brand":[],"product_cat":[183],"product_tag":[],"class_list":{"0":"post-1352","1":"product","2":"type-product","3":"status-publish","4":"has-post-thumbnail","6":"product_cat-telhado","8":"first","9":"instock","10":"shipping-taxable","11":"purchasable","12":"product-type-simple"},"_links":{"self":[{"href":"https:\/\/klimasul.com.br\/index.php?rest_route=\/wp\/v2\/product\/1352","targetHints":{"allow":["GET"]}}],"collection":[{"href":"https:\/\/klimasul.com.br\/index.php?rest_route=\/wp\/v2\/product"}],"about":[{"href":"https:\/\/klimasul.com.br\/index.php?rest_route=\/wp\/v2\/types\/product"}],"replies":[{"embeddable":true,"href":"https:\/\/klimasul.com.br\/index.php?rest_route=%2Fwp%2Fv2%2Fcomments&post=1352"}],"wp:featuredmedia":[{"embeddable":true,"href":"https:\/\/klimasul.com.br\/index.php?rest_route=\/wp\/v2\/media\/1355"}],"wp:attachment":[{"href":"https:\/\/klimasul.com.br\/index.php?rest_route=%2Fwp%2Fv2%2Fmedia&parent=1352"}],"wp:term":[{"taxonomy":"product_brand","embeddable":true,"href":"https:\/\/klimasul.com.br\/index.php?rest_route=%2Fwp%2Fv2%2Fproduct_brand&post=1352"},{"taxonomy":"product_cat","embeddable":true,"href":"https:\/\/klimasul.com.br\/index.php?rest_route=%2Fwp%2Fv2%2Fproduct_cat&post=1352"},{"taxonomy":"product_tag","embeddable":true,"href":"https:\/\/klimasul.com.br\/index.php?rest_route=%2Fwp%2Fv2%2Fproduct_tag&post=1352"}],"curies":[{"name":"wp","href":"https:\/\/api.w.org\/{rel}","templated":true}]}}