{"id":1354,"date":"2022-01-31T17:54:28","date_gmt":"2022-01-31T19:54:28","guid":{"rendered":"https:\/\/klimasul.com.br\/?post_type=product&#038;p=1354"},"modified":"2022-04-04T17:41:02","modified_gmt":"2022-04-04T20:41:02","slug":"plenum-fan-pfb","status":"publish","type":"product","link":"https:\/\/klimasul.com.br\/?product=plenum-fan-pfb","title":{"rendered":"Plenum Fan &#8211; PFB"},"content":{"rendered":"<h3 class=\"\">Resumo do Produto<\/h3>\n<p class=\"\">Os ventiladores Plenum Fan PFB, fabricados pela S&amp;P Brasil, marca OTAM, atingem alta efici\u00eancia, al\u00e9m de proporcionar uma economia de espa\u00e7o por possuir uma estrutura compacta, proporcionada por seus motores acoplados diretamente ao rotor. Os motores el\u00e9tricos s\u00e3o constru\u00eddos segundo EN-60034-1. As tens\u00f5es de alimenta\u00e7\u00e3o previstas como padr\u00e3o s\u00e3o: 230\/400V +\/- 6%, trif\u00e1sica. As frequ\u00eancias padr\u00e3o s\u00e3o 50 e 60 Hz.<\/p>\n<h3 class=\"\">\u00c1rea de Aplica\u00e7\u00e3o<\/h3>\n<p class=\"\">Ar condicionado.<\/p>\n","protected":false},"excerpt":{"rendered":"<h3 class=\"\">Plenum Fan &#8211; PFB<\/h3>\n<p>Os ventiladores Plenum Fan PFB, fabricados pela S&amp;P Brasil, marca OTAM, atingem alta efici\u00eancia, al\u00e9m de proporcionar uma economia de espa\u00e7o por possuir uma estrutura compacta, proporcionada por seus motores acoplados diretamente ao rotor. Os motores el\u00e9tricos s\u00e3o constru\u00eddos segundo EN-60034-1. As tens\u00f5es de alimenta\u00e7\u00e3o previstas como padr\u00e3o s\u00e3o: 230\/400V +\/- 6%, trif\u00e1sica. As frequ\u00eancias padr\u00e3o s\u00e3o 50 e 60 Hz.<\/p>\n<p><a href=\"https:\/\/klimasul.com.br\/wp-content\/uploads\/2022\/02\/GF-006_2020-J.pdf\" target=\"_blank\" rel=\"noopener\"><img loading=\"lazy\" decoding=\"async\" class=\"alignnone wp-image-1728 size-full\" src=\"https:\/\/klimasul.com.br\/wp-content\/uploads\/2022\/02\/btn-manual.png\" alt=\"\" width=\"200\" height=\"67\" \/><\/a><br \/>\n<a href=\"https:\/\/klimasul.com.br\/wp-content\/uploads\/2022\/02\/PFB-003_2020-J.pdf\" target=\"_blank\" rel=\"noopener\"><img loading=\"lazy\" decoding=\"async\" class=\"alignnone wp-image-1728 size-full\" src=\"https:\/\/klimasul.com.br\/wp-content\/uploads\/2022\/02\/btn-manual.png\" alt=\"\" width=\"200\" height=\"67\" \/><\/a><\/p>\n","protected":false},"featured_media":1357,"comment_status":"open","ping_status":"closed","template":"","meta":{"inline_featured_image":false},"product_brand":[],"product_cat":[185],"product_tag":[],"class_list":{"0":"post-1354","1":"product","2":"type-product","3":"status-publish","4":"has-post-thumbnail","6":"product_cat-plenum-fan","8":"first","9":"instock","10":"shipping-taxable","11":"purchasable","12":"product-type-simple"},"_links":{"self":[{"href":"https:\/\/klimasul.com.br\/index.php?rest_route=\/wp\/v2\/product\/1354","targetHints":{"allow":["GET"]}}],"collection":[{"href":"https:\/\/klimasul.com.br\/index.php?rest_route=\/wp\/v2\/product"}],"about":[{"href":"https:\/\/klimasul.com.br\/index.php?rest_route=\/wp\/v2\/types\/product"}],"replies":[{"embeddable":true,"href":"https:\/\/klimasul.com.br\/index.php?rest_route=%2Fwp%2Fv2%2Fcomments&post=1354"}],"wp:featuredmedia":[{"embeddable":true,"href":"https:\/\/klimasul.com.br\/index.php?rest_route=\/wp\/v2\/media\/1357"}],"wp:attachment":[{"href":"https:\/\/klimasul.com.br\/index.php?rest_route=%2Fwp%2Fv2%2Fmedia&parent=1354"}],"wp:term":[{"taxonomy":"product_brand","embeddable":true,"href":"https:\/\/klimasul.com.br\/index.php?rest_route=%2Fwp%2Fv2%2Fproduct_brand&post=1354"},{"taxonomy":"product_cat","embeddable":true,"href":"https:\/\/klimasul.com.br\/index.php?rest_route=%2Fwp%2Fv2%2Fproduct_cat&post=1354"},{"taxonomy":"product_tag","embeddable":true,"href":"https:\/\/klimasul.com.br\/index.php?rest_route=%2Fwp%2Fv2%2Fproduct_tag&post=1354"}],"curies":[{"name":"wp","href":"https:\/\/api.w.org\/{rel}","templated":true}]}}