{"id":1356,"date":"2022-01-31T17:55:18","date_gmt":"2022-01-31T19:55:18","guid":{"rendered":"https:\/\/klimasul.com.br\/?post_type=product&#038;p=1356"},"modified":"2022-04-04T19:38:35","modified_gmt":"2022-04-04T22:38:35","slug":"tcf","status":"publish","type":"product","link":"https:\/\/klimasul.com.br\/?product=tcf","title":{"rendered":"TCF"},"content":{"rendered":"<h3 class=\"\">Resumo do Produto<\/h3>\n<p class=\"\">De funcionamento silencioso, elevada performance, f\u00e1cil instala\u00e7\u00e3o e manuten\u00e7\u00e3o praticamente desnecess\u00e1ria, s\u00e3o indicados especialmente para exaust\u00e3o de gases, fuma\u00e7as, p\u00f3s, vapores a temperaturas de at\u00e9 50\u00b0 C, ou simplesmente para renova\u00e7\u00e3o de ar.<\/p>\n<h3 class=\"\">\u00c1rea de Aplica\u00e7\u00e3o<\/h3>\n<p class=\"\">Exaust\u00e3o em telhados<\/p>\n","protected":false},"excerpt":{"rendered":"<h3 class=\"\">TCF<\/h3>\n<p>De funcionamento silencioso, elevada performance, f\u00e1cil instala\u00e7\u00e3o e manuten\u00e7\u00e3o praticamente desnecess\u00e1ria, s\u00e3o indicados especialmente para exaust\u00e3o de gases, fuma\u00e7as, p\u00f3s, vapores a temperaturas de at\u00e9 50\u00b0 C, ou simplesmente para renova\u00e7\u00e3o de ar.<\/p>\n<p><a href=\"https:\/\/klimasul.com.br\/wp-content\/uploads\/2022\/02\/TCF-TCL-037_2021-F.pdf\" target=\"_blank\" rel=\"noopener\"><img loading=\"lazy\" decoding=\"async\" class=\"alignnone wp-image-1728 size-full\" src=\"https:\/\/klimasul.com.br\/wp-content\/uploads\/2022\/02\/btn-manual.png\" alt=\"\" width=\"200\" height=\"67\" \/><\/a><\/p>\n","protected":false},"featured_media":1359,"comment_status":"open","ping_status":"closed","template":"","meta":{"inline_featured_image":false},"product_brand":[],"product_cat":[183],"product_tag":[],"class_list":{"0":"post-1356","1":"product","2":"type-product","3":"status-publish","4":"has-post-thumbnail","6":"product_cat-telhado","8":"first","9":"instock","10":"shipping-taxable","11":"purchasable","12":"product-type-simple"},"_links":{"self":[{"href":"https:\/\/klimasul.com.br\/index.php?rest_route=\/wp\/v2\/product\/1356","targetHints":{"allow":["GET"]}}],"collection":[{"href":"https:\/\/klimasul.com.br\/index.php?rest_route=\/wp\/v2\/product"}],"about":[{"href":"https:\/\/klimasul.com.br\/index.php?rest_route=\/wp\/v2\/types\/product"}],"replies":[{"embeddable":true,"href":"https:\/\/klimasul.com.br\/index.php?rest_route=%2Fwp%2Fv2%2Fcomments&post=1356"}],"wp:featuredmedia":[{"embeddable":true,"href":"https:\/\/klimasul.com.br\/index.php?rest_route=\/wp\/v2\/media\/1359"}],"wp:attachment":[{"href":"https:\/\/klimasul.com.br\/index.php?rest_route=%2Fwp%2Fv2%2Fmedia&parent=1356"}],"wp:term":[{"taxonomy":"product_brand","embeddable":true,"href":"https:\/\/klimasul.com.br\/index.php?rest_route=%2Fwp%2Fv2%2Fproduct_brand&post=1356"},{"taxonomy":"product_cat","embeddable":true,"href":"https:\/\/klimasul.com.br\/index.php?rest_route=%2Fwp%2Fv2%2Fproduct_cat&post=1356"},{"taxonomy":"product_tag","embeddable":true,"href":"https:\/\/klimasul.com.br\/index.php?rest_route=%2Fwp%2Fv2%2Fproduct_tag&post=1356"}],"curies":[{"name":"wp","href":"https:\/\/api.w.org\/{rel}","templated":true}]}}