{"id":1358,"date":"2022-01-31T17:55:33","date_gmt":"2022-01-31T19:55:33","guid":{"rendered":"https:\/\/klimasul.com.br\/?post_type=product&#038;p=1358"},"modified":"2022-01-31T18:10:17","modified_gmt":"2022-01-31T20:10:17","slug":"plenum-fan","status":"publish","type":"product","link":"https:\/\/klimasul.com.br\/?product=plenum-fan","title":{"rendered":"PLENUM FAN"},"content":{"rendered":"<h3 class=\"\">Resumo do Produto<\/h3>\n<p class=\"\">Os ventiladores tipo Plenum Fan possuem rotores &#8220;limit load&#8221;, com p\u00e1s em perfil aerof\u00f3lio. Economiza espa\u00e7o, pois n\u00e3o possuem carca\u00e7a e os dutos que seriam necess\u00e1rios para conect\u00e1-lo ao Plenum. De forma opcional podem ser fabricados com rotor &#8220;limit load&#8221; com p\u00e1s retas voltadas para tr\u00e1s. Aplica\u00e7\u00f5es: Uso em plenuns pressurizados e instala\u00e7\u00f5es de volume de ar vari\u00e1vel (VAV).<\/p>\n<h3 class=\"\">\u00c1rea de Aplica\u00e7\u00e3o<\/h3>\n<p class=\"\">Ar condicionado.<\/p>\n","protected":false},"excerpt":{"rendered":"<h3 class=\"\">PLENUM FAN<\/h3>\n<p>Os ventiladores tipo Plenum Fan possuem rotores &#8220;limit load&#8221;, com p\u00e1s em perfil aerof\u00f3lio. Economiza espa\u00e7o, pois n\u00e3o possuem carca\u00e7a e os dutos que seriam necess\u00e1rios para conect\u00e1-lo ao Plenum. De forma opcional podem ser fabricados com rotor &#8220;limit load&#8221; com p\u00e1s retas voltadas para tr\u00e1s. Aplica\u00e7\u00f5es: Uso em plenuns pressurizados e instala\u00e7\u00f5es de volume de ar vari\u00e1vel (VAV).<\/p>\n","protected":false},"featured_media":1360,"comment_status":"open","ping_status":"closed","template":"","meta":{"inline_featured_image":false},"product_brand":[],"product_cat":[185],"product_tag":[],"class_list":{"0":"post-1358","1":"product","2":"type-product","3":"status-publish","4":"has-post-thumbnail","6":"product_cat-plenum-fan","8":"first","9":"instock","10":"shipping-taxable","11":"purchasable","12":"product-type-simple"},"_links":{"self":[{"href":"https:\/\/klimasul.com.br\/index.php?rest_route=\/wp\/v2\/product\/1358","targetHints":{"allow":["GET"]}}],"collection":[{"href":"https:\/\/klimasul.com.br\/index.php?rest_route=\/wp\/v2\/product"}],"about":[{"href":"https:\/\/klimasul.com.br\/index.php?rest_route=\/wp\/v2\/types\/product"}],"replies":[{"embeddable":true,"href":"https:\/\/klimasul.com.br\/index.php?rest_route=%2Fwp%2Fv2%2Fcomments&post=1358"}],"wp:featuredmedia":[{"embeddable":true,"href":"https:\/\/klimasul.com.br\/index.php?rest_route=\/wp\/v2\/media\/1360"}],"wp:attachment":[{"href":"https:\/\/klimasul.com.br\/index.php?rest_route=%2Fwp%2Fv2%2Fmedia&parent=1358"}],"wp:term":[{"taxonomy":"product_brand","embeddable":true,"href":"https:\/\/klimasul.com.br\/index.php?rest_route=%2Fwp%2Fv2%2Fproduct_brand&post=1358"},{"taxonomy":"product_cat","embeddable":true,"href":"https:\/\/klimasul.com.br\/index.php?rest_route=%2Fwp%2Fv2%2Fproduct_cat&post=1358"},{"taxonomy":"product_tag","embeddable":true,"href":"https:\/\/klimasul.com.br\/index.php?rest_route=%2Fwp%2Fv2%2Fproduct_tag&post=1358"}],"curies":[{"name":"wp","href":"https:\/\/api.w.org\/{rel}","templated":true}]}}