{"id":1361,"date":"2022-01-31T17:56:37","date_gmt":"2022-01-31T19:56:37","guid":{"rendered":"https:\/\/klimasul.com.br\/?post_type=product&#038;p=1361"},"modified":"2022-04-04T17:42:19","modified_gmt":"2022-04-04T20:42:19","slug":"pll-ec","status":"publish","type":"product","link":"https:\/\/klimasul.com.br\/?product=pll-ec","title":{"rendered":"PLL-EC"},"content":{"rendered":"<h3 class=\"\">Resumo do Produto<\/h3>\n<p class=\"\">Um ventilador compacto, que proporciona economia de espa\u00e7o, al\u00e9m de excelente desempenho. Equipado com motor EC, o lan\u00e7amento \u00e9 altamente econ\u00f4mico, apresentando grande redu\u00e7\u00e3o de consumo de energia, ajudando a preservar o meio-ambiente, reduzindo a pegada de carbono da aplica\u00e7\u00e3o.<\/p>\n<h3 class=\"\">\u00c1rea de Aplica\u00e7\u00e3o<\/h3>\n<p class=\"\">Unidades de tratamento de ar e Aparelhos de refrigera\u00e7\u00e3o.<\/p>\n","protected":false},"excerpt":{"rendered":"<h3 class=\"\">PLL-EC<\/h3>\n<p>Um ventilador compacto, que proporciona economia de espa\u00e7o, al\u00e9m de excelente desempenho. Equipado com motor EC, o lan\u00e7amento \u00e9 altamente econ\u00f4mico, apresentando grande redu\u00e7\u00e3o de consumo de energia, ajudando a preservar o meio-ambiente, reduzindo a pegada de carbono da aplica\u00e7\u00e3o.<\/p>\n<p><a href=\"https:\/\/klimasul.com.br\/wp-content\/uploads\/2022\/02\/PFB-003_2020-J.pdf\" target=\"_blank\" rel=\"noopener\"><img loading=\"lazy\" decoding=\"async\" class=\"alignnone wp-image-1728 size-full\" src=\"https:\/\/klimasul.com.br\/wp-content\/uploads\/2022\/02\/btn-manual.png\" alt=\"\" width=\"200\" height=\"67\" \/><\/a><\/p>\n","protected":false},"featured_media":1362,"comment_status":"open","ping_status":"closed","template":"","meta":{"inline_featured_image":false},"product_brand":[],"product_cat":[185],"product_tag":[],"class_list":{"0":"post-1361","1":"product","2":"type-product","3":"status-publish","4":"has-post-thumbnail","6":"product_cat-plenum-fan","8":"first","9":"instock","10":"shipping-taxable","11":"purchasable","12":"product-type-simple"},"_links":{"self":[{"href":"https:\/\/klimasul.com.br\/index.php?rest_route=\/wp\/v2\/product\/1361","targetHints":{"allow":["GET"]}}],"collection":[{"href":"https:\/\/klimasul.com.br\/index.php?rest_route=\/wp\/v2\/product"}],"about":[{"href":"https:\/\/klimasul.com.br\/index.php?rest_route=\/wp\/v2\/types\/product"}],"replies":[{"embeddable":true,"href":"https:\/\/klimasul.com.br\/index.php?rest_route=%2Fwp%2Fv2%2Fcomments&post=1361"}],"wp:featuredmedia":[{"embeddable":true,"href":"https:\/\/klimasul.com.br\/index.php?rest_route=\/wp\/v2\/media\/1362"}],"wp:attachment":[{"href":"https:\/\/klimasul.com.br\/index.php?rest_route=%2Fwp%2Fv2%2Fmedia&parent=1361"}],"wp:term":[{"taxonomy":"product_brand","embeddable":true,"href":"https:\/\/klimasul.com.br\/index.php?rest_route=%2Fwp%2Fv2%2Fproduct_brand&post=1361"},{"taxonomy":"product_cat","embeddable":true,"href":"https:\/\/klimasul.com.br\/index.php?rest_route=%2Fwp%2Fv2%2Fproduct_cat&post=1361"},{"taxonomy":"product_tag","embeddable":true,"href":"https:\/\/klimasul.com.br\/index.php?rest_route=%2Fwp%2Fv2%2Fproduct_tag&post=1361"}],"curies":[{"name":"wp","href":"https:\/\/api.w.org\/{rel}","templated":true}]}}