{"id":1363,"date":"2022-01-31T18:01:14","date_gmt":"2022-01-31T20:01:14","guid":{"rendered":"https:\/\/klimasul.com.br\/?post_type=product&#038;p=1363"},"modified":"2022-01-31T18:08:57","modified_gmt":"2022-01-31T20:08:57","slug":"td-ecowatt","status":"publish","type":"product","link":"https:\/\/klimasul.com.br\/?product=td-ecowatt","title":{"rendered":"TD ECOWATT"},"content":{"rendered":"<h3 class=\"\">Resumo do Produto<\/h3>\n<p class=\"\">Exaustores helicocentr\u00edfugos com motor de corrente cont\u00ednua. Ventiladores helicocentr\u00edfugos de perfil baixo , com rolamentos de esferas e motor brushless de corrente cont\u00ednua, de alto rendimento e baixo consumo, regul\u00e1veis de forma linear. O baixo perfil dos ventiladores da gama TD ECOWATT faz com que seja o produto ideal para instala\u00e7\u00f5es onde a altura \u00e9 muito reduzida, como no caso de tetos falsos.<\/p>\n<h3 class=\"\">\u00c1rea de Aplica\u00e7\u00e3o<\/h3>\n<p class=\"\">Ventila\u00e7\u00e3o e Exaust\u00e3o predial, Exaust\u00e3o de banheiros.<\/p>\n","protected":false},"excerpt":{"rendered":"<h3 class=\"\">TD ECOWATT<\/h3>\n<p>Exaustores helicocentr\u00edfugos com motor de corrente cont\u00ednua. Ventiladores helicocentr\u00edfugos de perfil baixo , com rolamentos de esferas e motor brushless de corrente cont\u00ednua, de alto rendimento e baixo consumo, regul\u00e1veis de forma linear. O baixo perfil dos ventiladores da gama TD ECOWATT faz com que seja o produto ideal para instala\u00e7\u00f5es onde a altura \u00e9 muito reduzida, como no caso de tetos falsos.<\/p>\n","protected":false},"featured_media":1364,"comment_status":"open","ping_status":"closed","template":"","meta":{"inline_featured_image":false},"product_brand":[],"product_cat":[186],"product_tag":[],"class_list":{"0":"post-1363","1":"product","2":"type-product","3":"status-publish","4":"has-post-thumbnail","6":"product_cat-helicocentrifugos-inline","8":"first","9":"instock","10":"shipping-taxable","11":"purchasable","12":"product-type-simple"},"_links":{"self":[{"href":"https:\/\/klimasul.com.br\/index.php?rest_route=\/wp\/v2\/product\/1363","targetHints":{"allow":["GET"]}}],"collection":[{"href":"https:\/\/klimasul.com.br\/index.php?rest_route=\/wp\/v2\/product"}],"about":[{"href":"https:\/\/klimasul.com.br\/index.php?rest_route=\/wp\/v2\/types\/product"}],"replies":[{"embeddable":true,"href":"https:\/\/klimasul.com.br\/index.php?rest_route=%2Fwp%2Fv2%2Fcomments&post=1363"}],"wp:featuredmedia":[{"embeddable":true,"href":"https:\/\/klimasul.com.br\/index.php?rest_route=\/wp\/v2\/media\/1364"}],"wp:attachment":[{"href":"https:\/\/klimasul.com.br\/index.php?rest_route=%2Fwp%2Fv2%2Fmedia&parent=1363"}],"wp:term":[{"taxonomy":"product_brand","embeddable":true,"href":"https:\/\/klimasul.com.br\/index.php?rest_route=%2Fwp%2Fv2%2Fproduct_brand&post=1363"},{"taxonomy":"product_cat","embeddable":true,"href":"https:\/\/klimasul.com.br\/index.php?rest_route=%2Fwp%2Fv2%2Fproduct_cat&post=1363"},{"taxonomy":"product_tag","embeddable":true,"href":"https:\/\/klimasul.com.br\/index.php?rest_route=%2Fwp%2Fv2%2Fproduct_tag&post=1363"}],"curies":[{"name":"wp","href":"https:\/\/api.w.org\/{rel}","templated":true}]}}