{"id":1367,"date":"2022-01-31T18:04:32","date_gmt":"2022-01-31T20:04:32","guid":{"rendered":"https:\/\/klimasul.com.br\/?post_type=product&#038;p=1367"},"modified":"2022-01-31T18:04:32","modified_gmt":"2022-01-31T20:04:32","slug":"mfl-r-mfl-c","status":"publish","type":"product","link":"https:\/\/klimasul.com.br\/?product=mfl-r-mfl-c","title":{"rendered":"MFL-R\/MFL-C"},"content":{"rendered":"<h3 class=\"\">Resumo do Produto<\/h3>\n<p class=\"\">Caixas filtrantes em a\u00e7o galvanizado com filtros planos ou plissados incorporados. Dispon\u00edveis para filtros simples G4 ou M5 ou dupla filtragem G4+M5.<\/p>\n<h3 class=\"\">\u00c1rea de Aplica\u00e7\u00e3o<\/h3>\n<p class=\"\">Exaust\u00e3o de banheiros , Ventila\u00e7\u00e3o e exaust\u00e3o predial.<\/p>\n","protected":false},"excerpt":{"rendered":"<h3 class=\"\">MFL-R\/MFL-C<\/h3>\n<p>Caixas filtrantes em a\u00e7o galvanizado com filtros planos ou plissados incorporados. Dispon\u00edveis para filtros simples G4 ou M5 ou dupla filtragem G4+M5.<\/p>\n","protected":false},"featured_media":1368,"comment_status":"open","ping_status":"closed","template":"","meta":{"inline_featured_image":false},"product_brand":[],"product_cat":[188],"product_tag":[],"class_list":{"0":"post-1367","1":"product","2":"type-product","3":"status-publish","4":"has-post-thumbnail","6":"product_cat-caixas-de-ventilacao-acustica","8":"first","9":"instock","10":"shipping-taxable","11":"purchasable","12":"product-type-simple"},"_links":{"self":[{"href":"https:\/\/klimasul.com.br\/index.php?rest_route=\/wp\/v2\/product\/1367","targetHints":{"allow":["GET"]}}],"collection":[{"href":"https:\/\/klimasul.com.br\/index.php?rest_route=\/wp\/v2\/product"}],"about":[{"href":"https:\/\/klimasul.com.br\/index.php?rest_route=\/wp\/v2\/types\/product"}],"replies":[{"embeddable":true,"href":"https:\/\/klimasul.com.br\/index.php?rest_route=%2Fwp%2Fv2%2Fcomments&post=1367"}],"wp:featuredmedia":[{"embeddable":true,"href":"https:\/\/klimasul.com.br\/index.php?rest_route=\/wp\/v2\/media\/1368"}],"wp:attachment":[{"href":"https:\/\/klimasul.com.br\/index.php?rest_route=%2Fwp%2Fv2%2Fmedia&parent=1367"}],"wp:term":[{"taxonomy":"product_brand","embeddable":true,"href":"https:\/\/klimasul.com.br\/index.php?rest_route=%2Fwp%2Fv2%2Fproduct_brand&post=1367"},{"taxonomy":"product_cat","embeddable":true,"href":"https:\/\/klimasul.com.br\/index.php?rest_route=%2Fwp%2Fv2%2Fproduct_cat&post=1367"},{"taxonomy":"product_tag","embeddable":true,"href":"https:\/\/klimasul.com.br\/index.php?rest_route=%2Fwp%2Fv2%2Fproduct_tag&post=1367"}],"curies":[{"name":"wp","href":"https:\/\/api.w.org\/{rel}","templated":true}]}}