{"id":1369,"date":"2022-01-31T18:05:32","date_gmt":"2022-01-31T20:05:32","guid":{"rendered":"https:\/\/klimasul.com.br\/?post_type=product&#038;p=1369"},"modified":"2022-01-31T18:05:32","modified_gmt":"2022-01-31T20:05:32","slug":"cab","status":"publish","type":"product","link":"https:\/\/klimasul.com.br\/?product=cab","title":{"rendered":"CAB"},"content":{"rendered":"<h3 class=\"\">Resumo do Produto<\/h3>\n<p class=\"\">Caixas de ventila\u00e7\u00e3o estanques fabricadas em chapa de a\u00e7o galvanizado, com isolamento ac\u00fastico n\u00e3o inflam\u00e1vel (MO) de 50 mm de espessura, fechos estanques, de tipo tra\u00e7\u00e3o girat\u00f3ria, de f\u00e1cil abertura, ventilador centr\u00edfugo de aletas curvadas para a frente, motor IP44, Classe B (modelos 125 a 250) ou motor IP55, Classe F (modelo 315), com rolamentos de esferas , protetor t\u00e9rmico e caixa de bornes remota IP55. Podem ser instaladas no exterior sem necessidade de tampa de intemp\u00e9rie.<\/p>\n<h3 class=\"\">\u00c1rea de Aplica\u00e7\u00e3o<\/h3>\n<p class=\"\">Oficinas, locais comerciais, escrit\u00f3rios, hotelaria.<\/p>\n","protected":false},"excerpt":{"rendered":"<h3 class=\"\">CAB<\/h3>\n<p>Caixas de ventila\u00e7\u00e3o estanques fabricadas em chapa de a\u00e7o galvanizado, com isolamento ac\u00fastico n\u00e3o inflam\u00e1vel (MO) de 50 mm de espessura, fechos estanques, de tipo tra\u00e7\u00e3o girat\u00f3ria, de f\u00e1cil abertura, ventilador centr\u00edfugo de aletas curvadas para a frente, motor IP44, Classe B (modelos 125 a 250) ou motor IP55, Classe F (modelo 315), com rolamentos de esferas , protetor t\u00e9rmico e caixa de bornes remota IP55. Podem ser instaladas no exterior sem necessidade de tampa de intemp\u00e9rie.<\/p>\n","protected":false},"featured_media":1370,"comment_status":"open","ping_status":"closed","template":"","meta":{"inline_featured_image":false},"product_brand":[],"product_cat":[188],"product_tag":[],"class_list":{"0":"post-1369","1":"product","2":"type-product","3":"status-publish","4":"has-post-thumbnail","6":"product_cat-caixas-de-ventilacao-acustica","8":"first","9":"instock","10":"shipping-taxable","11":"purchasable","12":"product-type-simple"},"_links":{"self":[{"href":"https:\/\/klimasul.com.br\/index.php?rest_route=\/wp\/v2\/product\/1369","targetHints":{"allow":["GET"]}}],"collection":[{"href":"https:\/\/klimasul.com.br\/index.php?rest_route=\/wp\/v2\/product"}],"about":[{"href":"https:\/\/klimasul.com.br\/index.php?rest_route=\/wp\/v2\/types\/product"}],"replies":[{"embeddable":true,"href":"https:\/\/klimasul.com.br\/index.php?rest_route=%2Fwp%2Fv2%2Fcomments&post=1369"}],"wp:featuredmedia":[{"embeddable":true,"href":"https:\/\/klimasul.com.br\/index.php?rest_route=\/wp\/v2\/media\/1370"}],"wp:attachment":[{"href":"https:\/\/klimasul.com.br\/index.php?rest_route=%2Fwp%2Fv2%2Fmedia&parent=1369"}],"wp:term":[{"taxonomy":"product_brand","embeddable":true,"href":"https:\/\/klimasul.com.br\/index.php?rest_route=%2Fwp%2Fv2%2Fproduct_brand&post=1369"},{"taxonomy":"product_cat","embeddable":true,"href":"https:\/\/klimasul.com.br\/index.php?rest_route=%2Fwp%2Fv2%2Fproduct_cat&post=1369"},{"taxonomy":"product_tag","embeddable":true,"href":"https:\/\/klimasul.com.br\/index.php?rest_route=%2Fwp%2Fv2%2Fproduct_tag&post=1369"}],"curies":[{"name":"wp","href":"https:\/\/api.w.org\/{rel}","templated":true}]}}