{"id":1375,"date":"2022-01-31T18:10:05","date_gmt":"2022-01-31T20:10:05","guid":{"rendered":"https:\/\/klimasul.com.br\/?post_type=product&#038;p=1375"},"modified":"2022-01-31T18:10:05","modified_gmt":"2022-01-31T20:10:05","slug":"per-cn","status":"publish","type":"product","link":"https:\/\/klimasul.com.br\/?product=per-cn","title":{"rendered":"PER-CN"},"content":{"rendered":"<h3 class=\"\">Resumo do Produto<\/h3>\n<p class=\"\">Persiana de sobreposi\u00e7\u00e3o com marco em chapa de a\u00e7o e l\u00e2minas de alum\u00ednio leve e resistente. Todos os modelos disp\u00f5em de uma malha interior que evita a entrada de corpos estranhos.<\/p>\n<h3 class=\"\">\u00c1rea de Aplica\u00e7\u00e3o<\/h3>\n<p class=\"\">Solu\u00e7\u00f5es para ventila\u00e7\u00e3o residencial e comercial.<\/p>\n","protected":false},"excerpt":{"rendered":"<h3 class=\"\">PER-CN<\/h3>\n<p>Persiana de sobreposi\u00e7\u00e3o com marco em chapa de a\u00e7o e l\u00e2minas de alum\u00ednio leve e resistente. Todos os modelos disp\u00f5em de uma malha interior que evita a entrada de corpos estranhos.<\/p>\n","protected":false},"featured_media":1376,"comment_status":"open","ping_status":"closed","template":"","meta":{"inline_featured_image":false},"product_brand":[],"product_cat":[59],"product_tag":[],"class_list":{"0":"post-1375","1":"product","2":"type-product","3":"status-publish","4":"has-post-thumbnail","6":"product_cat-acessorios","8":"first","9":"instock","10":"shipping-taxable","11":"purchasable","12":"product-type-simple"},"_links":{"self":[{"href":"https:\/\/klimasul.com.br\/index.php?rest_route=\/wp\/v2\/product\/1375","targetHints":{"allow":["GET"]}}],"collection":[{"href":"https:\/\/klimasul.com.br\/index.php?rest_route=\/wp\/v2\/product"}],"about":[{"href":"https:\/\/klimasul.com.br\/index.php?rest_route=\/wp\/v2\/types\/product"}],"replies":[{"embeddable":true,"href":"https:\/\/klimasul.com.br\/index.php?rest_route=%2Fwp%2Fv2%2Fcomments&post=1375"}],"wp:featuredmedia":[{"embeddable":true,"href":"https:\/\/klimasul.com.br\/index.php?rest_route=\/wp\/v2\/media\/1376"}],"wp:attachment":[{"href":"https:\/\/klimasul.com.br\/index.php?rest_route=%2Fwp%2Fv2%2Fmedia&parent=1375"}],"wp:term":[{"taxonomy":"product_brand","embeddable":true,"href":"https:\/\/klimasul.com.br\/index.php?rest_route=%2Fwp%2Fv2%2Fproduct_brand&post=1375"},{"taxonomy":"product_cat","embeddable":true,"href":"https:\/\/klimasul.com.br\/index.php?rest_route=%2Fwp%2Fv2%2Fproduct_cat&post=1375"},{"taxonomy":"product_tag","embeddable":true,"href":"https:\/\/klimasul.com.br\/index.php?rest_route=%2Fwp%2Fv2%2Fproduct_tag&post=1375"}],"curies":[{"name":"wp","href":"https:\/\/api.w.org\/{rel}","templated":true}]}}