{"id":1378,"date":"2022-02-25T16:52:21","date_gmt":"2022-02-25T19:52:21","guid":{"rendered":"https:\/\/klimasul.com.br\/?post_type=product&#038;p=1378"},"modified":"2022-04-04T11:44:03","modified_gmt":"2022-04-04T14:44:03","slug":"direcional-americano-adi","status":"publish","type":"product","link":"https:\/\/klimasul.com.br\/?product=direcional-americano-adi","title":{"rendered":"Direcional Americano (ADI)"},"content":{"rendered":"<ul class=\"collection with-header\">\n<li class=\"collection-header grey darken-3\">\n<h5 class=\"light white-text\">Modelos:<\/h5>\n<\/li>\n<li class=\"collection-item\">ADI &#8211; Difusor para Insuflamento.<\/li>\n<li class=\"collection-item\">ADIR &#8211; Difusor para Insuflamento e Retorno.<\/li>\n<\/ul>\n<ul class=\"collection with-header\">\n<li class=\"collection-header grey darken-3\">\n<h5 class=\"light white-text\">Caracter\u00edsticas:<\/h5>\n<\/li>\n<li class=\"collection-item\">Difusor quadrado ou retangular, com at\u00e9 quatro dire\u00e7\u00f5es simult\u00e2neas.<\/li>\n<li class=\"collection-item\">Constru\u00eddo em perfis de alum\u00ednio extrudado.<\/li>\n<li class=\"collection-item\">Acabamento padr\u00e3o anodizado fosco natural ou nas cores opcionais branco ou preto semibrilhante (pintura eletrost\u00e1tica).<\/li>\n<\/ul>\n","protected":false},"excerpt":{"rendered":"<p>Direcional Americano (ADI)<\/p>\n<ul class=\"collection with-header\">\n<li class=\"collection-header grey darken-3\">\n<h5 class=\"light white-text\">Caracter\u00edsticas:<\/h5>\n<\/li>\n<li class=\"collection-item\">Difusor quadrado ou retangular, com at\u00e9 quatro dire\u00e7\u00f5es simult\u00e2neas.<\/li>\n<li class=\"collection-item\">Constru\u00eddo em perfis de alum\u00ednio extrudado.<\/li>\n<li class=\"collection-item\">Acabamento padr\u00e3o anodizado fosco natural ou nas cores opcionais branco ou preto semibrilhante (pintura eletrost\u00e1tica).<\/li>\n<\/ul>\n<p><a href=\"https:\/\/klimasul.com.br\/wp-content\/uploads\/2022\/02\/Catalogo-DI-Difusor-direcional.pdf\" target=\"_blank\" rel=\"noopener\"><img loading=\"lazy\" decoding=\"async\" class=\"alignnone wp-image-1728 size-full\" src=\"https:\/\/klimasul.com.br\/wp-content\/uploads\/2022\/02\/btn-manual.png\" alt=\"\" width=\"200\" height=\"67\" \/><\/a><\/p>\n","protected":false},"featured_media":1379,"comment_status":"open","ping_status":"closed","template":"","meta":{"inline_featured_image":false},"product_brand":[],"product_cat":[21],"product_tag":[],"class_list":{"0":"post-1378","1":"product","2":"type-product","3":"status-publish","4":"has-post-thumbnail","6":"product_cat-difusores","8":"first","9":"instock","10":"shipping-taxable","11":"purchasable","12":"product-type-simple"},"_links":{"self":[{"href":"https:\/\/klimasul.com.br\/index.php?rest_route=\/wp\/v2\/product\/1378","targetHints":{"allow":["GET"]}}],"collection":[{"href":"https:\/\/klimasul.com.br\/index.php?rest_route=\/wp\/v2\/product"}],"about":[{"href":"https:\/\/klimasul.com.br\/index.php?rest_route=\/wp\/v2\/types\/product"}],"replies":[{"embeddable":true,"href":"https:\/\/klimasul.com.br\/index.php?rest_route=%2Fwp%2Fv2%2Fcomments&post=1378"}],"wp:featuredmedia":[{"embeddable":true,"href":"https:\/\/klimasul.com.br\/index.php?rest_route=\/wp\/v2\/media\/1379"}],"wp:attachment":[{"href":"https:\/\/klimasul.com.br\/index.php?rest_route=%2Fwp%2Fv2%2Fmedia&parent=1378"}],"wp:term":[{"taxonomy":"product_brand","embeddable":true,"href":"https:\/\/klimasul.com.br\/index.php?rest_route=%2Fwp%2Fv2%2Fproduct_brand&post=1378"},{"taxonomy":"product_cat","embeddable":true,"href":"https:\/\/klimasul.com.br\/index.php?rest_route=%2Fwp%2Fv2%2Fproduct_cat&post=1378"},{"taxonomy":"product_tag","embeddable":true,"href":"https:\/\/klimasul.com.br\/index.php?rest_route=%2Fwp%2Fv2%2Fproduct_tag&post=1378"}],"curies":[{"name":"wp","href":"https:\/\/api.w.org\/{rel}","templated":true}]}}