{"id":1388,"date":"2022-02-25T16:57:01","date_gmt":"2022-02-25T19:57:01","guid":{"rendered":"https:\/\/klimasul.com.br\/?post_type=product&#038;p=1388"},"modified":"2022-02-25T16:57:01","modified_gmt":"2022-02-25T19:57:01","slug":"canhao-tjc","status":"publish","type":"product","link":"https:\/\/klimasul.com.br\/?product=canhao-tjc","title":{"rendered":"Canh\u00e3o (TJC)"},"content":{"rendered":"<ul class=\"collection with-header\">\n<li class=\"collection-header grey darken-3\">\n<h5 class=\"light white-text\">Caracter\u00edsticas:<\/h5>\n<\/li>\n<li class=\"collection-item\">Difusor recomendado para instala\u00e7\u00f5es onde se necessita de longo alcance do ar insuflado, de at\u00e9 33 metros.<\/li>\n<li class=\"collection-item\">Acabamento padr\u00e3o em alum\u00ednio anodizado ou nas cores opcionais branco ou preto semibrilhante (pintura ep\u00f3xi).<\/li>\n<li class=\"collection-item\">Constru\u00eddo no formato circular, de miolo ajust\u00e1vel, proporciona grande precis\u00e3o no ajuste do direcionamento do fluxo de ar.<\/li>\n<\/ul>\n","protected":false},"excerpt":{"rendered":"<p>Canh\u00e3o (TJC)<\/p>\n<ul class=\"collection with-header\">\n<li class=\"collection-item\">Difusor recomendado para instala\u00e7\u00f5es onde se necessita de longo alcance do ar insuflado, de at\u00e9 33 metros.<\/li>\n<li class=\"collection-item\">Acabamento padr\u00e3o em alum\u00ednio anodizado ou nas cores opcionais branco ou preto semibrilhante (pintura ep\u00f3xi).<\/li>\n<li class=\"collection-item\">Constru\u00eddo no formato circular, de miolo ajust\u00e1vel, proporciona grande precis\u00e3o no ajuste do direcionamento do fluxo de ar.<\/li>\n<\/ul>\n","protected":false},"featured_media":1389,"comment_status":"open","ping_status":"closed","template":"","meta":{"inline_featured_image":false},"product_brand":[],"product_cat":[21],"product_tag":[],"class_list":{"0":"post-1388","1":"product","2":"type-product","3":"status-publish","4":"has-post-thumbnail","6":"product_cat-difusores","8":"first","9":"instock","10":"shipping-taxable","11":"purchasable","12":"product-type-simple"},"_links":{"self":[{"href":"https:\/\/klimasul.com.br\/index.php?rest_route=\/wp\/v2\/product\/1388","targetHints":{"allow":["GET"]}}],"collection":[{"href":"https:\/\/klimasul.com.br\/index.php?rest_route=\/wp\/v2\/product"}],"about":[{"href":"https:\/\/klimasul.com.br\/index.php?rest_route=\/wp\/v2\/types\/product"}],"replies":[{"embeddable":true,"href":"https:\/\/klimasul.com.br\/index.php?rest_route=%2Fwp%2Fv2%2Fcomments&post=1388"}],"wp:featuredmedia":[{"embeddable":true,"href":"https:\/\/klimasul.com.br\/index.php?rest_route=\/wp\/v2\/media\/1389"}],"wp:attachment":[{"href":"https:\/\/klimasul.com.br\/index.php?rest_route=%2Fwp%2Fv2%2Fmedia&parent=1388"}],"wp:term":[{"taxonomy":"product_brand","embeddable":true,"href":"https:\/\/klimasul.com.br\/index.php?rest_route=%2Fwp%2Fv2%2Fproduct_brand&post=1388"},{"taxonomy":"product_cat","embeddable":true,"href":"https:\/\/klimasul.com.br\/index.php?rest_route=%2Fwp%2Fv2%2Fproduct_cat&post=1388"},{"taxonomy":"product_tag","embeddable":true,"href":"https:\/\/klimasul.com.br\/index.php?rest_route=%2Fwp%2Fv2%2Fproduct_tag&post=1388"}],"curies":[{"name":"wp","href":"https:\/\/api.w.org\/{rel}","templated":true}]}}