{"id":1390,"date":"2022-02-25T16:59:33","date_gmt":"2022-02-25T19:59:33","guid":{"rendered":"https:\/\/klimasul.com.br\/?post_type=product&#038;p=1390"},"modified":"2022-02-25T16:59:33","modified_gmt":"2022-02-25T19:59:33","slug":"valvula-dvp","status":"publish","type":"product","link":"https:\/\/klimasul.com.br\/?product=valvula-dvp","title":{"rendered":"V\u00e1lvula (DVP)"},"content":{"rendered":"<p>Aplica\u00e7\u00e3o:<\/p>\n<ul>\n<li>Exaust\u00e3o, ar condicionado ou aquecimento;<\/li>\n<li>Montado em tetos, paredes, dutos, etc.<\/li>\n<\/ul>\n","protected":false},"excerpt":{"rendered":"<p>V\u00e1lvula (DVP)<\/p>\n<ul>\n<li>Exaust\u00e3o, ar condicionado ou aquecimento;<\/li>\n<li>Montado em tetos, paredes, dutos, etc.<\/li>\n<\/ul>\n","protected":false},"featured_media":1391,"comment_status":"open","ping_status":"closed","template":"","meta":{"inline_featured_image":false},"product_brand":[],"product_cat":[21],"product_tag":[],"class_list":{"0":"post-1390","1":"product","2":"type-product","3":"status-publish","4":"has-post-thumbnail","6":"product_cat-difusores","8":"first","9":"instock","10":"shipping-taxable","11":"purchasable","12":"product-type-simple"},"_links":{"self":[{"href":"https:\/\/klimasul.com.br\/index.php?rest_route=\/wp\/v2\/product\/1390","targetHints":{"allow":["GET"]}}],"collection":[{"href":"https:\/\/klimasul.com.br\/index.php?rest_route=\/wp\/v2\/product"}],"about":[{"href":"https:\/\/klimasul.com.br\/index.php?rest_route=\/wp\/v2\/types\/product"}],"replies":[{"embeddable":true,"href":"https:\/\/klimasul.com.br\/index.php?rest_route=%2Fwp%2Fv2%2Fcomments&post=1390"}],"wp:featuredmedia":[{"embeddable":true,"href":"https:\/\/klimasul.com.br\/index.php?rest_route=\/wp\/v2\/media\/1391"}],"wp:attachment":[{"href":"https:\/\/klimasul.com.br\/index.php?rest_route=%2Fwp%2Fv2%2Fmedia&parent=1390"}],"wp:term":[{"taxonomy":"product_brand","embeddable":true,"href":"https:\/\/klimasul.com.br\/index.php?rest_route=%2Fwp%2Fv2%2Fproduct_brand&post=1390"},{"taxonomy":"product_cat","embeddable":true,"href":"https:\/\/klimasul.com.br\/index.php?rest_route=%2Fwp%2Fv2%2Fproduct_cat&post=1390"},{"taxonomy":"product_tag","embeddable":true,"href":"https:\/\/klimasul.com.br\/index.php?rest_route=%2Fwp%2Fv2%2Fproduct_tag&post=1390"}],"curies":[{"name":"wp","href":"https:\/\/api.w.org\/{rel}","templated":true}]}}