{"id":1398,"date":"2022-02-25T17:05:16","date_gmt":"2022-02-25T20:05:16","guid":{"rendered":"https:\/\/klimasul.com.br\/?post_type=product&#038;p=1398"},"modified":"2022-02-25T17:05:16","modified_gmt":"2022-02-25T20:05:16","slug":"difusor-continuo-dct","status":"publish","type":"product","link":"https:\/\/klimasul.com.br\/?product=difusor-continuo-dct","title":{"rendered":"Difusor Cont\u00ednuo (DCT)"},"content":{"rendered":"<ul class=\"collection with-header\">\n<li class=\"collection-header grey darken-3\">\n<h5 class=\"light white-text\">Modelos:<\/h5>\n<\/li>\n<li class=\"collection-item\">DCT-1 &#8211; Modelo com uma sa\u00edda de ar<\/li>\n<li class=\"collection-item\">DCT-2 &#8211; Modelo com duas sa\u00eddas de ar<\/li>\n<\/ul>\n<ul class=\"collection with-header\">\n<li class=\"collection-header grey darken-3\">\n<h5 class=\"light white-text\">Caracter\u00edsticas:<\/h5>\n<\/li>\n<li class=\"collection-item\">Difusor com aletas fixas em alum\u00ednio extrudado.<\/li>\n<li class=\"collection-item\">Dispon\u00edvel em pe\u00e7as separadas ou linhas cont\u00ednuas.<\/li>\n<li class=\"collection-item\">Comprimento m\u00e1ximo de 2.000 mm. por pe\u00e7a.<\/li>\n<li class=\"collection-item\">Acabamento padr\u00e3o anodizado fosco natural ou nas cores opcionais branco ou preto semibrilhante (pintura eletrost\u00e1tica).<\/li>\n<\/ul>\n","protected":false},"excerpt":{"rendered":"<p>Difusor Cont\u00ednuo (DCT)<\/p>\n<ul class=\"collection with-header\">\n<li class=\"collection-item\">Difusor com aletas fixas em alum\u00ednio extrudado.<\/li>\n<li class=\"collection-item\">Dispon\u00edvel em pe\u00e7as separadas ou linhas cont\u00ednuas.<\/li>\n<li class=\"collection-item\">Comprimento m\u00e1ximo de 2.000 mm. por pe\u00e7a.<\/li>\n<li class=\"collection-item\">Acabamento padr\u00e3o anodizado fosco natural ou nas cores opcionais branco ou preto semibrilhante (pintura eletrost\u00e1tica).<\/li>\n<\/ul>\n","protected":false},"featured_media":1399,"comment_status":"open","ping_status":"closed","template":"","meta":{"inline_featured_image":false},"product_brand":[],"product_cat":[21],"product_tag":[],"class_list":{"0":"post-1398","1":"product","2":"type-product","3":"status-publish","4":"has-post-thumbnail","6":"product_cat-difusores","8":"first","9":"instock","10":"shipping-taxable","11":"purchasable","12":"product-type-simple"},"_links":{"self":[{"href":"https:\/\/klimasul.com.br\/index.php?rest_route=\/wp\/v2\/product\/1398","targetHints":{"allow":["GET"]}}],"collection":[{"href":"https:\/\/klimasul.com.br\/index.php?rest_route=\/wp\/v2\/product"}],"about":[{"href":"https:\/\/klimasul.com.br\/index.php?rest_route=\/wp\/v2\/types\/product"}],"replies":[{"embeddable":true,"href":"https:\/\/klimasul.com.br\/index.php?rest_route=%2Fwp%2Fv2%2Fcomments&post=1398"}],"wp:featuredmedia":[{"embeddable":true,"href":"https:\/\/klimasul.com.br\/index.php?rest_route=\/wp\/v2\/media\/1399"}],"wp:attachment":[{"href":"https:\/\/klimasul.com.br\/index.php?rest_route=%2Fwp%2Fv2%2Fmedia&parent=1398"}],"wp:term":[{"taxonomy":"product_brand","embeddable":true,"href":"https:\/\/klimasul.com.br\/index.php?rest_route=%2Fwp%2Fv2%2Fproduct_brand&post=1398"},{"taxonomy":"product_cat","embeddable":true,"href":"https:\/\/klimasul.com.br\/index.php?rest_route=%2Fwp%2Fv2%2Fproduct_cat&post=1398"},{"taxonomy":"product_tag","embeddable":true,"href":"https:\/\/klimasul.com.br\/index.php?rest_route=%2Fwp%2Fv2%2Fproduct_tag&post=1398"}],"curies":[{"name":"wp","href":"https:\/\/api.w.org\/{rel}","templated":true}]}}