{"id":1400,"date":"2022-02-25T17:06:09","date_gmt":"2022-02-25T20:06:09","guid":{"rendered":"https:\/\/klimasul.com.br\/?post_type=product&#038;p=1400"},"modified":"2022-02-25T17:06:09","modified_gmt":"2022-02-25T20:06:09","slug":"ajustavel-americano-adl","status":"publish","type":"product","link":"https:\/\/klimasul.com.br\/?product=ajustavel-americano-adl","title":{"rendered":"Ajust\u00e1vel Americano (ADL)"},"content":{"rendered":"<ul class=\"collection with-header\">\n<li class=\"collection-header grey darken-3\">\n<h5 class=\"light white-text\">Caracter\u00edsticas:<\/h5>\n<\/li>\n<li class=\"collection-item\">Constru\u00eddo em perfis de alum\u00ednio extrudados (inclusive aletas defletoras), interligados por tirantes rosqueados que formam um conjunto resistente e de excelente linearidade.<\/li>\n<li class=\"collection-item\">Sua aplica\u00e7\u00e3o \u00e9 recomend\u00e1vel para tetos, paredes ou peitoris, em sistemas de volume de ar constante ou vari\u00e1vel.<\/li>\n<li class=\"collection-item\">Acabamento padr\u00e3o anodizado fosco natural ou nas cores opcionais branco ou preto semibrilhante (pintura eletrost\u00e1tica).<\/li>\n<li class=\"collection-item\">Obs.: Aletas em Alum\u00ednio Anodizado Preto Fosco.<\/li>\n<\/ul>\n","protected":false},"excerpt":{"rendered":"<p>Ajust\u00e1vel Americano (ADL)<\/p>\n<ul class=\"collection with-header\">\n<li class=\"collection-item\">Constru\u00eddo em perfis de alum\u00ednio extrudados (inclusive aletas defletoras), interligados por tirantes rosqueados que formam um conjunto resistente e de excelente linearidade.<\/li>\n<li class=\"collection-item\">Sua aplica\u00e7\u00e3o \u00e9 recomend\u00e1vel para tetos, paredes ou peitoris, em sistemas de volume de ar constante ou vari\u00e1vel.<\/li>\n<li class=\"collection-item\">Acabamento padr\u00e3o anodizado fosco natural ou nas cores opcionais branco ou preto semibrilhante (pintura eletrost\u00e1tica).<\/li>\n<li class=\"collection-item\">Obs.: Aletas em Alum\u00ednio Anodizado Preto Fosco.<\/li>\n<\/ul>\n","protected":false},"featured_media":1401,"comment_status":"open","ping_status":"closed","template":"","meta":{"inline_featured_image":false},"product_brand":[],"product_cat":[21],"product_tag":[],"class_list":{"0":"post-1400","1":"product","2":"type-product","3":"status-publish","4":"has-post-thumbnail","6":"product_cat-difusores","8":"first","9":"instock","10":"shipping-taxable","11":"purchasable","12":"product-type-simple"},"_links":{"self":[{"href":"https:\/\/klimasul.com.br\/index.php?rest_route=\/wp\/v2\/product\/1400","targetHints":{"allow":["GET"]}}],"collection":[{"href":"https:\/\/klimasul.com.br\/index.php?rest_route=\/wp\/v2\/product"}],"about":[{"href":"https:\/\/klimasul.com.br\/index.php?rest_route=\/wp\/v2\/types\/product"}],"replies":[{"embeddable":true,"href":"https:\/\/klimasul.com.br\/index.php?rest_route=%2Fwp%2Fv2%2Fcomments&post=1400"}],"wp:featuredmedia":[{"embeddable":true,"href":"https:\/\/klimasul.com.br\/index.php?rest_route=\/wp\/v2\/media\/1401"}],"wp:attachment":[{"href":"https:\/\/klimasul.com.br\/index.php?rest_route=%2Fwp%2Fv2%2Fmedia&parent=1400"}],"wp:term":[{"taxonomy":"product_brand","embeddable":true,"href":"https:\/\/klimasul.com.br\/index.php?rest_route=%2Fwp%2Fv2%2Fproduct_brand&post=1400"},{"taxonomy":"product_cat","embeddable":true,"href":"https:\/\/klimasul.com.br\/index.php?rest_route=%2Fwp%2Fv2%2Fproduct_cat&post=1400"},{"taxonomy":"product_tag","embeddable":true,"href":"https:\/\/klimasul.com.br\/index.php?rest_route=%2Fwp%2Fv2%2Fproduct_tag&post=1400"}],"curies":[{"name":"wp","href":"https:\/\/api.w.org\/{rel}","templated":true}]}}