{"id":1404,"date":"2022-02-25T17:07:57","date_gmt":"2022-02-25T20:07:57","guid":{"rendered":"https:\/\/klimasul.com.br\/?post_type=product&#038;p=1404"},"modified":"2022-02-25T17:07:57","modified_gmt":"2022-02-25T20:07:57","slug":"direcional-ale35","status":"publish","type":"product","link":"https:\/\/klimasul.com.br\/?product=direcional-ale35","title":{"rendered":"Direcional (ALE35)"},"content":{"rendered":"<ul class=\"collection with-header\">\n<li class=\"collection-header grey darken-3\">\n<h5 class=\"light white-text\">Caracter\u00edsticas:<\/h5>\n<\/li>\n<li class=\"collection-item\">Constru\u00eddo em perfis de alum\u00ednio extrudado.<\/li>\n<li class=\"collection-item\">Molduras em aluminio anodizadas fosco natural.<\/li>\n<li class=\"collection-item\">Pode suportar grandes varia\u00e7\u00f5es no diferencial de temperatura.<\/li>\n<li class=\"collection-item\">Direcionadores de pl\u00e1stico com ajuste individual.<\/li>\n<li class=\"collection-item\">Fabricados em pe\u00e7as separadas ou em m\u00f3dulos para forma\u00e7\u00e3o de linha cont\u00ednua.<\/li>\n<li class=\"collection-item\">Dispon\u00edveis em modelos de at\u00e9 4 aberturas.<\/li>\n<\/ul>\n","protected":false},"excerpt":{"rendered":"<p>Direcional (ALE35)<\/p>\n<ul class=\"collection with-header\">\n<li class=\"collection-item\">Constru\u00eddo em perfis de alum\u00ednio extrudado.<\/li>\n<li class=\"collection-item\">Molduras em aluminio anodizadas fosco natural.<\/li>\n<li class=\"collection-item\">Pode suportar grandes varia\u00e7\u00f5es no diferencial de temperatura.<\/li>\n<li class=\"collection-item\">Direcionadores de pl\u00e1stico com ajuste individual.<\/li>\n<li class=\"collection-item\">Fabricados em pe\u00e7as separadas ou em m\u00f3dulos para forma\u00e7\u00e3o de linha cont\u00ednua.<\/li>\n<li class=\"collection-item\">Dispon\u00edveis em modelos de at\u00e9 4 aberturas.<\/li>\n<\/ul>\n","protected":false},"featured_media":1405,"comment_status":"open","ping_status":"closed","template":"","meta":{"inline_featured_image":false},"product_brand":[],"product_cat":[21],"product_tag":[],"class_list":{"0":"post-1404","1":"product","2":"type-product","3":"status-publish","4":"has-post-thumbnail","6":"product_cat-difusores","8":"first","9":"instock","10":"shipping-taxable","11":"purchasable","12":"product-type-simple"},"_links":{"self":[{"href":"https:\/\/klimasul.com.br\/index.php?rest_route=\/wp\/v2\/product\/1404","targetHints":{"allow":["GET"]}}],"collection":[{"href":"https:\/\/klimasul.com.br\/index.php?rest_route=\/wp\/v2\/product"}],"about":[{"href":"https:\/\/klimasul.com.br\/index.php?rest_route=\/wp\/v2\/types\/product"}],"replies":[{"embeddable":true,"href":"https:\/\/klimasul.com.br\/index.php?rest_route=%2Fwp%2Fv2%2Fcomments&post=1404"}],"wp:featuredmedia":[{"embeddable":true,"href":"https:\/\/klimasul.com.br\/index.php?rest_route=\/wp\/v2\/media\/1405"}],"wp:attachment":[{"href":"https:\/\/klimasul.com.br\/index.php?rest_route=%2Fwp%2Fv2%2Fmedia&parent=1404"}],"wp:term":[{"taxonomy":"product_brand","embeddable":true,"href":"https:\/\/klimasul.com.br\/index.php?rest_route=%2Fwp%2Fv2%2Fproduct_brand&post=1404"},{"taxonomy":"product_cat","embeddable":true,"href":"https:\/\/klimasul.com.br\/index.php?rest_route=%2Fwp%2Fv2%2Fproduct_cat&post=1404"},{"taxonomy":"product_tag","embeddable":true,"href":"https:\/\/klimasul.com.br\/index.php?rest_route=%2Fwp%2Fv2%2Fproduct_tag&post=1404"}],"curies":[{"name":"wp","href":"https:\/\/api.w.org\/{rel}","templated":true}]}}