{"id":1417,"date":"2022-02-25T17:16:34","date_gmt":"2022-02-25T20:16:34","guid":{"rendered":"https:\/\/klimasul.com.br\/?post_type=product&#038;p=1417"},"modified":"2022-02-25T17:16:34","modified_gmt":"2022-02-25T20:16:34","slug":"aet","status":"publish","type":"product","link":"https:\/\/klimasul.com.br\/?product=aet","title":{"rendered":"AET"},"content":{"rendered":"<ul class=\"collection with-header\">\n<li class=\"collection-header grey darken-3\">\n<h5 class=\"light white-text\">Caracter\u00edsticas:<\/h5>\n<\/li>\n<li class=\"collection-item\">Constru\u00eddas em perfis de alum\u00ednio extrudado e anodizado, com tela protetora em pl\u00e1stico.<\/li>\n<li class=\"collection-item\">Aletas fixas horizontais.<\/li>\n<\/ul>\n","protected":false},"excerpt":{"rendered":"<p>AET<\/p>\n<ul class=\"collection with-header\">\n<li class=\"collection-item\">Constru\u00eddas em perfis de alum\u00ednio extrudado e anodizado, com tela protetora em pl\u00e1stico.<\/li>\n<li class=\"collection-item\">Aletas fixas horizontais.<\/li>\n<\/ul>\n","protected":false},"featured_media":1418,"comment_status":"open","ping_status":"closed","template":"","meta":{"inline_featured_image":false},"product_brand":[],"product_cat":[41],"product_tag":[],"class_list":{"0":"post-1417","1":"product","2":"type-product","3":"status-publish","4":"has-post-thumbnail","6":"product_cat-venezianas","8":"first","9":"instock","10":"shipping-taxable","11":"purchasable","12":"product-type-simple"},"_links":{"self":[{"href":"https:\/\/klimasul.com.br\/index.php?rest_route=\/wp\/v2\/product\/1417","targetHints":{"allow":["GET"]}}],"collection":[{"href":"https:\/\/klimasul.com.br\/index.php?rest_route=\/wp\/v2\/product"}],"about":[{"href":"https:\/\/klimasul.com.br\/index.php?rest_route=\/wp\/v2\/types\/product"}],"replies":[{"embeddable":true,"href":"https:\/\/klimasul.com.br\/index.php?rest_route=%2Fwp%2Fv2%2Fcomments&post=1417"}],"wp:featuredmedia":[{"embeddable":true,"href":"https:\/\/klimasul.com.br\/index.php?rest_route=\/wp\/v2\/media\/1418"}],"wp:attachment":[{"href":"https:\/\/klimasul.com.br\/index.php?rest_route=%2Fwp%2Fv2%2Fmedia&parent=1417"}],"wp:term":[{"taxonomy":"product_brand","embeddable":true,"href":"https:\/\/klimasul.com.br\/index.php?rest_route=%2Fwp%2Fv2%2Fproduct_brand&post=1417"},{"taxonomy":"product_cat","embeddable":true,"href":"https:\/\/klimasul.com.br\/index.php?rest_route=%2Fwp%2Fv2%2Fproduct_cat&post=1417"},{"taxonomy":"product_tag","embeddable":true,"href":"https:\/\/klimasul.com.br\/index.php?rest_route=%2Fwp%2Fv2%2Fproduct_tag&post=1417"}],"curies":[{"name":"wp","href":"https:\/\/api.w.org\/{rel}","templated":true}]}}