{"id":1473,"date":"2022-02-25T17:52:49","date_gmt":"2022-02-25T20:52:49","guid":{"rendered":"https:\/\/klimasul.com.br\/?post_type=product&#038;p=1473"},"modified":"2022-02-25T17:52:49","modified_gmt":"2022-02-25T20:52:49","slug":"duto-flexivel","status":"publish","type":"product","link":"https:\/\/klimasul.com.br\/?product=duto-flexivel","title":{"rendered":"Duto Flex\u00edvel"},"content":{"rendered":"<ul class=\"collection with-header\">\n<li class=\"collection-header grey darken-3\">\n<h5 class=\"light white-text\">Caracteristicas:<\/h5>\n<\/li>\n<li class=\"collection-item\">Com ou sem isolamento<\/li>\n<li class=\"collection-item\">Di\u00e2metros de 4&#8243;, 5&#8243;, 6&#8243;, 7&#8243;, 8&#8243;, 10&#8243;, 12&#8243;, 14&#8243;, 16&#8243;, 18&#8243; e 20&#8243;<\/li>\n<li class=\"collection-item\">Comprimento de 10m<\/li>\n<li class=\"collection-item\">Temperatura de uso:-20\u00b0C \u00e0 +140\u00b0C<\/li>\n<li class=\"collection-item\">Vel. max. do ar: 25 m\/s<\/li>\n<li class=\"collection-item\">Ideal para ser utilizado em sistemas de ventila\u00e7\u00e3o e exaust\u00e3o.<\/li>\n<li class=\"collection-item\">Resistente ao fogo e est\u00e1 em acordo com a NBR 16401.<\/li>\n<\/ul>\n","protected":false},"excerpt":{"rendered":"<p>Duto Flex\u00edvel<\/p>\n<ul class=\"collection with-header\">\n<li class=\"collection-item\">Com ou sem isolamento<\/li>\n<li class=\"collection-item\">Di\u00e2metros de 4&#8243;, 5&#8243;, 6&#8243;, 7&#8243;, 8&#8243;, 10&#8243;, 12&#8243;, 14&#8243;, 16&#8243;, 18&#8243; e 20&#8243;<\/li>\n<li class=\"collection-item\">Comprimento de 10m<\/li>\n<li class=\"collection-item\">Temperatura de uso:-20\u00b0C \u00e0 +140\u00b0C<\/li>\n<li class=\"collection-item\">Vel. max. do ar: 25 m\/s<\/li>\n<li class=\"collection-item\">Ideal para ser utilizado em sistemas de ventila\u00e7\u00e3o e exaust\u00e3o.<\/li>\n<li class=\"collection-item\">Resistente ao fogo e est\u00e1 em acordo com a NBR 16401.<\/li>\n<\/ul>\n","protected":false},"featured_media":1474,"comment_status":"open","ping_status":"closed","template":"","meta":{"inline_featured_image":false},"product_brand":[],"product_cat":[195],"product_tag":[],"class_list":{"0":"post-1473","1":"product","2":"type-product","3":"status-publish","4":"has-post-thumbnail","6":"product_cat-dutos","8":"first","9":"instock","10":"shipping-taxable","11":"purchasable","12":"product-type-simple"},"_links":{"self":[{"href":"https:\/\/klimasul.com.br\/index.php?rest_route=\/wp\/v2\/product\/1473","targetHints":{"allow":["GET"]}}],"collection":[{"href":"https:\/\/klimasul.com.br\/index.php?rest_route=\/wp\/v2\/product"}],"about":[{"href":"https:\/\/klimasul.com.br\/index.php?rest_route=\/wp\/v2\/types\/product"}],"replies":[{"embeddable":true,"href":"https:\/\/klimasul.com.br\/index.php?rest_route=%2Fwp%2Fv2%2Fcomments&post=1473"}],"wp:featuredmedia":[{"embeddable":true,"href":"https:\/\/klimasul.com.br\/index.php?rest_route=\/wp\/v2\/media\/1474"}],"wp:attachment":[{"href":"https:\/\/klimasul.com.br\/index.php?rest_route=%2Fwp%2Fv2%2Fmedia&parent=1473"}],"wp:term":[{"taxonomy":"product_brand","embeddable":true,"href":"https:\/\/klimasul.com.br\/index.php?rest_route=%2Fwp%2Fv2%2Fproduct_brand&post=1473"},{"taxonomy":"product_cat","embeddable":true,"href":"https:\/\/klimasul.com.br\/index.php?rest_route=%2Fwp%2Fv2%2Fproduct_cat&post=1473"},{"taxonomy":"product_tag","embeddable":true,"href":"https:\/\/klimasul.com.br\/index.php?rest_route=%2Fwp%2Fv2%2Fproduct_tag&post=1473"}],"curies":[{"name":"wp","href":"https:\/\/api.w.org\/{rel}","templated":true}]}}