{"id":1486,"date":"2022-02-25T17:58:27","date_gmt":"2022-02-25T20:58:27","guid":{"rendered":"https:\/\/klimasul.com.br\/?post_type=product&#038;p=1486"},"modified":"2022-02-25T17:58:27","modified_gmt":"2022-02-25T20:58:27","slug":"fibra-ceramica","status":"publish","type":"product","link":"https:\/\/klimasul.com.br\/?product=fibra-ceramica","title":{"rendered":"Fibra Cer\u00e2mica"},"content":{"rendered":"<ul class=\"collection with-header\">\n<li class=\"collection-header grey darken-3\">\n<h5 class=\"light white-text\">Caracteristicas:<\/h5>\n<\/li>\n<li class=\"collection-item\">A manta de fibra cer\u00e2mica aluminizada \u00e9 resistente, leve e flex\u00edvel, fabricada a partir de fibras longas. Estas fibras s\u00e3o multidirecionadas e entrela\u00e7adas num processo cont\u00ednuo de agulhamento, o que confere ao produto excelente resist\u00eancia ao manuseio e \u00e0 eros\u00e3o. Devido a este processo, as mantas de fibra cer\u00e2mica dispensam a adi\u00e7\u00e3o de ligantes<\/li>\n<li class=\"collection-item\">Aprovado pelo IPT laudo n\u00b0 971042-203<\/li>\n<\/ul>\n<ul class=\"collection with-header\">\n<li class=\"collection-header grey darken-3\">\n<h5 class=\"light white-text\">Vantagens:<\/h5>\n<\/li>\n<li class=\"collection-item\">Alto grau de pureza qu\u00edmica.<\/li>\n<li class=\"collection-item\">Excelente resist\u00eancia ao manuseio.<\/li>\n<li class=\"collection-item\">Baixa condutividade t\u00e9rmica.<\/li>\n<li class=\"collection-item\">Baixo armazenamento de calor.<\/li>\n<li class=\"collection-item\">Baixa densidade.<\/li>\n<li class=\"collection-item\">Resist\u00eancia ao choque t\u00e9rmico.<\/li>\n<li class=\"collection-item\">Alta reflex\u00e3o de calor.<\/li>\n<li class=\"collection-item\">Boa absor\u00e7\u00e3o de som.<\/li>\n<li class=\"collection-item\">Temperatura limite de utiliza\u00e7\u00e3o: 1260\u00baC\/1400\u00baC.<\/li>\n<li class=\"collection-item\">Processo &#8220;SPUN&#8221;, maior comprimento de fibra.<\/li>\n<li class=\"collection-item\">Excelente resist\u00eancia \u00e0 tra\u00e7\u00e3o.<\/li>\n<li class=\"collection-item\">Resist\u00eancia ao ataque de \u00e1cidos e a corros\u00e3o.<\/li>\n<li class=\"collection-item\">Se molhada por \u00e1gua, vapor ou \u00f3leo ter\u00e1 suas propriedades completamente restauradas ap\u00f3s a secagem.<\/li>\n<\/ul>\n","protected":false},"excerpt":{"rendered":"<p>Fibra Cer\u00e2mica<\/p>\n<ul class=\"collection with-header\">\n<li class=\"collection-item\">A manta de fibra cer\u00e2mica aluminizada \u00e9 resistente, leve e flex\u00edvel, fabricada a partir de fibras longas. Estas fibras s\u00e3o multidirecionadas e entrela\u00e7adas num processo cont\u00ednuo de agulhamento, o que confere ao produto excelente resist\u00eancia ao manuseio e \u00e0 eros\u00e3o. Devido a este processo, as mantas de fibra cer\u00e2mica dispensam a adi\u00e7\u00e3o de ligantes<\/li>\n<li class=\"collection-item\">Aprovado pelo IPT laudo n\u00b0 971042-203<\/li>\n<\/ul>\n","protected":false},"featured_media":1487,"comment_status":"open","ping_status":"closed","template":"","meta":{"inline_featured_image":false},"product_brand":[],"product_cat":[196],"product_tag":[],"class_list":{"0":"post-1486","1":"product","2":"type-product","3":"status-publish","4":"has-post-thumbnail","6":"product_cat-mantas","8":"first","9":"instock","10":"shipping-taxable","11":"purchasable","12":"product-type-simple"},"_links":{"self":[{"href":"https:\/\/klimasul.com.br\/index.php?rest_route=\/wp\/v2\/product\/1486","targetHints":{"allow":["GET"]}}],"collection":[{"href":"https:\/\/klimasul.com.br\/index.php?rest_route=\/wp\/v2\/product"}],"about":[{"href":"https:\/\/klimasul.com.br\/index.php?rest_route=\/wp\/v2\/types\/product"}],"replies":[{"embeddable":true,"href":"https:\/\/klimasul.com.br\/index.php?rest_route=%2Fwp%2Fv2%2Fcomments&post=1486"}],"wp:featuredmedia":[{"embeddable":true,"href":"https:\/\/klimasul.com.br\/index.php?rest_route=\/wp\/v2\/media\/1487"}],"wp:attachment":[{"href":"https:\/\/klimasul.com.br\/index.php?rest_route=%2Fwp%2Fv2%2Fmedia&parent=1486"}],"wp:term":[{"taxonomy":"product_brand","embeddable":true,"href":"https:\/\/klimasul.com.br\/index.php?rest_route=%2Fwp%2Fv2%2Fproduct_brand&post=1486"},{"taxonomy":"product_cat","embeddable":true,"href":"https:\/\/klimasul.com.br\/index.php?rest_route=%2Fwp%2Fv2%2Fproduct_cat&post=1486"},{"taxonomy":"product_tag","embeddable":true,"href":"https:\/\/klimasul.com.br\/index.php?rest_route=%2Fwp%2Fv2%2Fproduct_tag&post=1486"}],"curies":[{"name":"wp","href":"https:\/\/api.w.org\/{rel}","templated":true}]}}