{"id":1490,"date":"2022-02-25T18:01:11","date_gmt":"2022-02-25T21:01:11","guid":{"rendered":"https:\/\/klimasul.com.br\/?post_type=product&#038;p=1490"},"modified":"2022-02-25T18:01:11","modified_gmt":"2022-02-25T21:01:11","slug":"exaustor-axial-2","status":"publish","type":"product","link":"https:\/\/klimasul.com.br\/?product=exaustor-axial-2","title":{"rendered":"Exaustor Axial"},"content":{"rendered":"<ul class=\"collection with-header\">\n<li class=\"collection-header grey darken-3\">\n<h5 class=\"light white-text\">Caracteristicas:<\/h5>\n<\/li>\n<li class=\"collection-item\">Voltagem: 220 Volts<\/li>\n<li class=\"collection-item\">Instala\u00e7\u00e3o em parede e teto<\/li>\n<li class=\"collection-item\">Silencioso<\/li>\n<li class=\"collection-item\">F\u00e1cil Instala\u00e7\u00e3o<\/li>\n<\/ul>\n","protected":false},"excerpt":{"rendered":"<p>Exaustor Axial<\/p>\n<ul class=\"collection with-header\">\n<li class=\"collection-item\">Voltagem: 220 Volts<\/li>\n<li class=\"collection-item\">Instala\u00e7\u00e3o em parede e teto<\/li>\n<li class=\"collection-item\">Silencioso<\/li>\n<li class=\"collection-item\">F\u00e1cil Instala\u00e7\u00e3o<\/li>\n<\/ul>\n","protected":false},"featured_media":1491,"comment_status":"open","ping_status":"closed","template":"","meta":{"inline_featured_image":false},"product_brand":[],"product_cat":[197],"product_tag":[],"class_list":{"0":"post-1490","1":"product","2":"type-product","3":"status-publish","4":"has-post-thumbnail","6":"product_cat-miniventiladores","8":"first","9":"instock","10":"shipping-taxable","11":"purchasable","12":"product-type-simple"},"_links":{"self":[{"href":"https:\/\/klimasul.com.br\/index.php?rest_route=\/wp\/v2\/product\/1490","targetHints":{"allow":["GET"]}}],"collection":[{"href":"https:\/\/klimasul.com.br\/index.php?rest_route=\/wp\/v2\/product"}],"about":[{"href":"https:\/\/klimasul.com.br\/index.php?rest_route=\/wp\/v2\/types\/product"}],"replies":[{"embeddable":true,"href":"https:\/\/klimasul.com.br\/index.php?rest_route=%2Fwp%2Fv2%2Fcomments&post=1490"}],"wp:featuredmedia":[{"embeddable":true,"href":"https:\/\/klimasul.com.br\/index.php?rest_route=\/wp\/v2\/media\/1491"}],"wp:attachment":[{"href":"https:\/\/klimasul.com.br\/index.php?rest_route=%2Fwp%2Fv2%2Fmedia&parent=1490"}],"wp:term":[{"taxonomy":"product_brand","embeddable":true,"href":"https:\/\/klimasul.com.br\/index.php?rest_route=%2Fwp%2Fv2%2Fproduct_brand&post=1490"},{"taxonomy":"product_cat","embeddable":true,"href":"https:\/\/klimasul.com.br\/index.php?rest_route=%2Fwp%2Fv2%2Fproduct_cat&post=1490"},{"taxonomy":"product_tag","embeddable":true,"href":"https:\/\/klimasul.com.br\/index.php?rest_route=%2Fwp%2Fv2%2Fproduct_tag&post=1490"}],"curies":[{"name":"wp","href":"https:\/\/api.w.org\/{rel}","templated":true}]}}