{"id":1494,"date":"2022-02-25T18:05:34","date_gmt":"2022-02-25T21:05:34","guid":{"rendered":"https:\/\/klimasul.com.br\/?post_type=product&#038;p=1494"},"modified":"2022-02-25T18:05:34","modified_gmt":"2022-02-25T21:05:34","slug":"placa-pre-isolada","status":"publish","type":"product","link":"https:\/\/klimasul.com.br\/?product=placa-pre-isolada","title":{"rendered":"Placa Pr\u00e9-Isolada"},"content":{"rendered":"<ul class=\"collection with-header\">\n<li class=\"collection-header grey darken-3\">\n<h5 class=\"light white-text\">Vantagens:<\/h5>\n<\/li>\n<li class=\"collection-item\">Extremamente leve<\/li>\n<li class=\"collection-item\">R\u00e1pido e f\u00e1cil de instalar<\/li>\n<li class=\"collection-item\">Baix\u00edssima condutividade t\u00e9rmica<\/li>\n<li class=\"collection-item\">Alta estanqueidade<\/li>\n<li class=\"collection-item\">Excelente Acabamento<\/li>\n<\/ul>\n<ul class=\"collection with-header\">\n<li class=\"collection-header grey darken-3\">\n<h5 class=\"light light white-text\">AluPir:<\/h5>\n<\/li>\n<li class=\"collection-item\">\u00c9 um painel tipo sandwich com n\u00facleo de poliisocianurato (PIR) e revestido em ambas as faces com folha de alum\u00ednio.<\/li>\n<li class=\"collection-item\">Espessura: 10, 20 e 30mm<\/li>\n<li class=\"collection-item\">Largura: 1200mm<\/li>\n<li class=\"collection-item\">Comprimento: 2, 3 e 4m<\/li>\n<li class=\"collection-item\">Densidade: 40-42 kg\/m\u00b3<\/li>\n<li class=\"collection-item\">Alum\u00ednio: 60\/60 micron<\/li>\n<\/ul>\n<ul class=\"collection with-header\">\n<li class=\"collection-header grey darken-3\">\n<h5 class=\"light light white-text\">AluPir 200:<\/h5>\n<\/li>\n<li class=\"collection-item\">Especialmente desenvolvido para aplica\u00e7\u00f5es externas. Para aumentar a resist\u00eancia, a face externa do painel consiste de uma folha de alum\u00ednio mais grossa, de 200 micron.<\/li>\n<li class=\"collection-item\">Espessura: 20 e 30mm<\/li>\n<li class=\"collection-item\">Largura: 1200mm<\/li>\n<li class=\"collection-item\">Comprimento: 2, 3 e 4m<\/li>\n<li class=\"collection-item\">Densidade: 40-42 kg\/m\u00b3<\/li>\n<li class=\"collection-item\">Alum\u00ednio: 60\/200 micron<\/li>\n<\/ul>\n<ul class=\"collection with-header\">\n<li class=\"collection-header grey darken-3\">\n<h5 class=\"light light white-text\">AluPir Clean:<\/h5>\n<\/li>\n<li class=\"collection-item\">Difere do AluPir comum, por ter a incorpora\u00e7\u00e3o de um efetivo agente antimicrobiano em uma das faces do alum\u00ednio. Desta forma, obt\u00e9m-se uma prote\u00e7\u00e3o adicional contra atividade microbiana.<\/li>\n<li class=\"collection-item\">Espessura: 20 e 30mm<\/li>\n<li class=\"collection-item\">Largura: 1200mm<\/li>\n<li class=\"collection-item\">Comprimento: 2, 3 e 4m<\/li>\n<li class=\"collection-item\">Densidade: 40-42 kg\/m\u00b3<\/li>\n<li class=\"collection-item\">Alum\u00ednio: 60\/200 micron<\/li>\n<\/ul>\n","protected":false},"excerpt":{"rendered":"<p>Placa Pr\u00e9-Isolada<\/p>\n<ul class=\"collection with-header\">\n<li class=\"collection-item\">\u00c9 um painel tipo sandwich com n\u00facleo de poliisocianurato (PIR) e revestido em ambas as faces com folha de alum\u00ednio.<\/li>\n<li class=\"collection-item\">Espessura: 10, 20 e 30mm<\/li>\n<li class=\"collection-item\">Largura: 1200mm<\/li>\n<li class=\"collection-item\">Comprimento: 2, 3 e 4m<\/li>\n<li class=\"collection-item\">Densidade: 40-42 kg\/m\u00b3<\/li>\n<li class=\"collection-item\">Alum\u00ednio: 60\/60 micron<\/li>\n<\/ul>\n","protected":false},"featured_media":1495,"comment_status":"open","ping_status":"closed","template":"","meta":{"inline_featured_image":false},"product_brand":[],"product_cat":[198],"product_tag":[],"class_list":{"0":"post-1494","1":"product","2":"type-product","3":"status-publish","4":"has-post-thumbnail","6":"product_cat-placa-pre-isolada","8":"first","9":"instock","10":"shipping-taxable","11":"purchasable","12":"product-type-simple"},"_links":{"self":[{"href":"https:\/\/klimasul.com.br\/index.php?rest_route=\/wp\/v2\/product\/1494","targetHints":{"allow":["GET"]}}],"collection":[{"href":"https:\/\/klimasul.com.br\/index.php?rest_route=\/wp\/v2\/product"}],"about":[{"href":"https:\/\/klimasul.com.br\/index.php?rest_route=\/wp\/v2\/types\/product"}],"replies":[{"embeddable":true,"href":"https:\/\/klimasul.com.br\/index.php?rest_route=%2Fwp%2Fv2%2Fcomments&post=1494"}],"wp:featuredmedia":[{"embeddable":true,"href":"https:\/\/klimasul.com.br\/index.php?rest_route=\/wp\/v2\/media\/1495"}],"wp:attachment":[{"href":"https:\/\/klimasul.com.br\/index.php?rest_route=%2Fwp%2Fv2%2Fmedia&parent=1494"}],"wp:term":[{"taxonomy":"product_brand","embeddable":true,"href":"https:\/\/klimasul.com.br\/index.php?rest_route=%2Fwp%2Fv2%2Fproduct_brand&post=1494"},{"taxonomy":"product_cat","embeddable":true,"href":"https:\/\/klimasul.com.br\/index.php?rest_route=%2Fwp%2Fv2%2Fproduct_cat&post=1494"},{"taxonomy":"product_tag","embeddable":true,"href":"https:\/\/klimasul.com.br\/index.php?rest_route=%2Fwp%2Fv2%2Fproduct_tag&post=1494"}],"curies":[{"name":"wp","href":"https:\/\/api.w.org\/{rel}","templated":true}]}}