{"id":1501,"date":"2022-02-25T18:08:03","date_gmt":"2022-02-25T21:08:03","guid":{"rendered":"https:\/\/klimasul.com.br\/?post_type=product&#038;p=1501"},"modified":"2022-02-25T18:08:03","modified_gmt":"2022-02-25T21:08:03","slug":"cola","status":"publish","type":"product","link":"https:\/\/klimasul.com.br\/?product=cola","title":{"rendered":"Cola"},"content":{"rendered":"<ul class=\"collection with-header\">\n<li class=\"collection-header grey darken-3\">\n<h5 class=\"light white-text\">Descri\u00e7\u00e3o<\/h5>\n<\/li>\n<li class=\"collection-item\">Cascola Tradicional sem Toluol \u00e9 um adesivo de contato de alto desempenho, ideal para diferentes materiais e aplica\u00e7\u00f5es. Pode ser utilizado em ambientes internos e externos. A aplica\u00e7\u00e3o com Cascola Tradicional sem Toluol \u00e9 simples, proporcionando total ader\u00eancia e excelente acabamento.<\/li>\n<li class=\"collection-item\">* N\u00e3o cont\u00e9m subst\u00e2ncias consideradas inalantes com potencial de abuso que podem desencadear a autoadministra\u00e7\u00e3o., Borrachas Sint\u00e9ticas e Aditivos.<\/li>\n<\/ul>\n","protected":false},"excerpt":{"rendered":"<p>Cola<\/p>\n<ul class=\"collection with-header\">\n<li class=\"collection-item\">Cascola Tradicional sem Toluol \u00e9 um adesivo de contato de alto desempenho, ideal para diferentes materiais e aplica\u00e7\u00f5es. Pode ser utilizado em ambientes internos e externos. A aplica\u00e7\u00e3o com Cascola Tradicional sem Toluol \u00e9 simples, proporcionando total ader\u00eancia e excelente acabamento.<\/li>\n<li class=\"collection-item\">N\u00e3o cont\u00e9m subst\u00e2ncias consideradas inalantes com potencial de abuso que podem desencadear a autoadministra\u00e7\u00e3o., Borrachas Sint\u00e9ticas e Aditivos.<\/li>\n<\/ul>\n","protected":false},"featured_media":1502,"comment_status":"open","ping_status":"closed","template":"","meta":{"inline_featured_image":false},"product_brand":[],"product_cat":[198],"product_tag":[],"class_list":{"0":"post-1501","1":"product","2":"type-product","3":"status-publish","4":"has-post-thumbnail","6":"product_cat-placa-pre-isolada","8":"first","9":"instock","10":"shipping-taxable","11":"purchasable","12":"product-type-simple"},"_links":{"self":[{"href":"https:\/\/klimasul.com.br\/index.php?rest_route=\/wp\/v2\/product\/1501","targetHints":{"allow":["GET"]}}],"collection":[{"href":"https:\/\/klimasul.com.br\/index.php?rest_route=\/wp\/v2\/product"}],"about":[{"href":"https:\/\/klimasul.com.br\/index.php?rest_route=\/wp\/v2\/types\/product"}],"replies":[{"embeddable":true,"href":"https:\/\/klimasul.com.br\/index.php?rest_route=%2Fwp%2Fv2%2Fcomments&post=1501"}],"wp:featuredmedia":[{"embeddable":true,"href":"https:\/\/klimasul.com.br\/index.php?rest_route=\/wp\/v2\/media\/1502"}],"wp:attachment":[{"href":"https:\/\/klimasul.com.br\/index.php?rest_route=%2Fwp%2Fv2%2Fmedia&parent=1501"}],"wp:term":[{"taxonomy":"product_brand","embeddable":true,"href":"https:\/\/klimasul.com.br\/index.php?rest_route=%2Fwp%2Fv2%2Fproduct_brand&post=1501"},{"taxonomy":"product_cat","embeddable":true,"href":"https:\/\/klimasul.com.br\/index.php?rest_route=%2Fwp%2Fv2%2Fproduct_cat&post=1501"},{"taxonomy":"product_tag","embeddable":true,"href":"https:\/\/klimasul.com.br\/index.php?rest_route=%2Fwp%2Fv2%2Fproduct_tag&post=1501"}],"curies":[{"name":"wp","href":"https:\/\/api.w.org\/{rel}","templated":true}]}}