{"id":1503,"date":"2022-02-25T18:10:57","date_gmt":"2022-02-25T21:10:57","guid":{"rendered":"https:\/\/klimasul.com.br\/?post_type=product&#038;p=1503"},"modified":"2022-02-25T18:10:57","modified_gmt":"2022-02-25T21:10:57","slug":"silicone","status":"publish","type":"product","link":"https:\/\/klimasul.com.br\/?product=silicone","title":{"rendered":"Silicone"},"content":{"rendered":"<ul class=\"collection with-header\">\n<li class=\"collection-header grey darken-3\">\n<h5 class=\"light white-text\">Caracter\u00edsticas:<\/h5>\n<\/li>\n<li class=\"collection-item\">\u00c9 um silicone base d\u2019\u00e1gua, n\u00e3o possui solventes, n\u00e3o possui fortes agentes qu\u00edmicos, que o torna amig\u00e1vel ao meio ambiente.<\/li>\n<li class=\"collection-header grey darken-3\">\n<h5 class=\"light white-text\">Especifica\u00e7\u00f5es:<\/h5>\n<\/li>\n<li class=\"collection-item\">Pasta branca tixotr\u00f3pica com odor suave<\/li>\n<li class=\"collection-item\">Densidade a 25 \u00baC (g\/mL): 1,10 \u00e0 1,20<\/li>\n<li class=\"collection-item\">Tempo de forma\u00e7\u00e3o de pel\u00edcula: 10 \u00e0 20 minutos<\/li>\n<li class=\"collection-item\">Temperatura ideal de aplica\u00e7\u00e3o: + 5 \u00e0 45\u00b0C<\/li>\n<li class=\"collection-item\">Temperatura de trabalho: &#8211; 20 \u00e0 150\u00b0C<\/li>\n<li class=\"collection-item\">Dureza Shore A ap\u00f3s 24 horas: 52<\/li>\n<\/ul>\n","protected":false},"excerpt":{"rendered":"<p>Silicone<\/p>\n<ul>\n<li>\u00c9 um silicone base d\u2019\u00e1gua, n\u00e3o possui solventes, n\u00e3o possui fortes agentes qu\u00edmicos, que o torna amig\u00e1vel ao meio ambiente.<\/li>\n<\/ul>\n","protected":false},"featured_media":0,"comment_status":"open","ping_status":"closed","template":"","meta":{"inline_featured_image":false},"product_brand":[],"product_cat":[198],"product_tag":[],"class_list":{"0":"post-1503","1":"product","2":"type-product","3":"status-publish","5":"product_cat-placa-pre-isolada","7":"first","8":"instock","9":"shipping-taxable","10":"purchasable","11":"product-type-simple"},"_links":{"self":[{"href":"https:\/\/klimasul.com.br\/index.php?rest_route=\/wp\/v2\/product\/1503","targetHints":{"allow":["GET"]}}],"collection":[{"href":"https:\/\/klimasul.com.br\/index.php?rest_route=\/wp\/v2\/product"}],"about":[{"href":"https:\/\/klimasul.com.br\/index.php?rest_route=\/wp\/v2\/types\/product"}],"replies":[{"embeddable":true,"href":"https:\/\/klimasul.com.br\/index.php?rest_route=%2Fwp%2Fv2%2Fcomments&post=1503"}],"wp:attachment":[{"href":"https:\/\/klimasul.com.br\/index.php?rest_route=%2Fwp%2Fv2%2Fmedia&parent=1503"}],"wp:term":[{"taxonomy":"product_brand","embeddable":true,"href":"https:\/\/klimasul.com.br\/index.php?rest_route=%2Fwp%2Fv2%2Fproduct_brand&post=1503"},{"taxonomy":"product_cat","embeddable":true,"href":"https:\/\/klimasul.com.br\/index.php?rest_route=%2Fwp%2Fv2%2Fproduct_cat&post=1503"},{"taxonomy":"product_tag","embeddable":true,"href":"https:\/\/klimasul.com.br\/index.php?rest_route=%2Fwp%2Fv2%2Fproduct_tag&post=1503"}],"curies":[{"name":"wp","href":"https:\/\/api.w.org\/{rel}","templated":true}]}}