{"id":1614,"date":"2022-03-18T18:25:00","date_gmt":"2022-03-18T21:25:00","guid":{"rendered":"https:\/\/klimasul.com.br\/?post_type=product&#038;p=1614"},"modified":"2022-04-04T17:36:37","modified_gmt":"2022-04-04T20:36:37","slug":"lms-lmd-linhas-l-e-q","status":"publish","type":"product","link":"https:\/\/klimasul.com.br\/?product=lms-lmd-linhas-l-e-q","title":{"rendered":"LMS\/LMD &#8211; Linhas L e Q"},"content":{"rendered":"<h3 class=\"\">Resumo do Produto<\/h3>\n<p class=\"\">S\u00e3o ventiladores com rotor de p\u00e1s inclinadas para tr\u00e1s, com caracter\u00edstica de pot\u00eancia limitada para cada rota\u00e7\u00e3o. Possui alto rendimento e bocais de aspira\u00e7\u00e3o repuxados, conferindo excelente caracter\u00edstica aerodin\u00e2mica. Aplica\u00e7\u00f5es: Ar condicionado, ventila\u00e7\u00e3o e exaust\u00e3o industrial, comercial e dom\u00e9stica, estufas e secadores.<\/p>\n<h3 class=\"\">\u00c1rea de Aplica\u00e7\u00e3o<\/h3>\n<p class=\"\">Ar Condicionado, Ventila\u00e7\u00e3o e exaust\u00e3o predial<\/p>\n","protected":false},"excerpt":{"rendered":"<h3 class=\"\">\u00c1rea de Aplica\u00e7\u00e3o<\/h3>\n<p class=\"\">Ar Condicionado, Ventila\u00e7\u00e3o e exaust\u00e3o predial<\/p>\n<p><a href=\"https:\/\/klimasul.com.br\/wp-content\/uploads\/2022\/02\/GF-006_2020-J.pdf\" target=\"_blank\" rel=\"noopener\"><img loading=\"lazy\" decoding=\"async\" class=\"alignnone wp-image-1728 size-full\" src=\"https:\/\/klimasul.com.br\/wp-content\/uploads\/2022\/02\/btn-manual.png\" alt=\"\" width=\"200\" height=\"67\" \/><\/a><\/p>\n","protected":false},"featured_media":1615,"comment_status":"open","ping_status":"closed","template":"","meta":{"inline_featured_image":false},"product_brand":[],"product_cat":[211],"product_tag":[],"class_list":{"0":"post-1614","1":"product","2":"type-product","3":"status-publish","4":"has-post-thumbnail","6":"product_cat-limit-load-gama-oem","8":"first","9":"instock","10":"shipping-taxable","11":"purchasable","12":"product-type-simple"},"_links":{"self":[{"href":"https:\/\/klimasul.com.br\/index.php?rest_route=\/wp\/v2\/product\/1614","targetHints":{"allow":["GET"]}}],"collection":[{"href":"https:\/\/klimasul.com.br\/index.php?rest_route=\/wp\/v2\/product"}],"about":[{"href":"https:\/\/klimasul.com.br\/index.php?rest_route=\/wp\/v2\/types\/product"}],"replies":[{"embeddable":true,"href":"https:\/\/klimasul.com.br\/index.php?rest_route=%2Fwp%2Fv2%2Fcomments&post=1614"}],"wp:featuredmedia":[{"embeddable":true,"href":"https:\/\/klimasul.com.br\/index.php?rest_route=\/wp\/v2\/media\/1615"}],"wp:attachment":[{"href":"https:\/\/klimasul.com.br\/index.php?rest_route=%2Fwp%2Fv2%2Fmedia&parent=1614"}],"wp:term":[{"taxonomy":"product_brand","embeddable":true,"href":"https:\/\/klimasul.com.br\/index.php?rest_route=%2Fwp%2Fv2%2Fproduct_brand&post=1614"},{"taxonomy":"product_cat","embeddable":true,"href":"https:\/\/klimasul.com.br\/index.php?rest_route=%2Fwp%2Fv2%2Fproduct_cat&post=1614"},{"taxonomy":"product_tag","embeddable":true,"href":"https:\/\/klimasul.com.br\/index.php?rest_route=%2Fwp%2Fv2%2Fproduct_tag&post=1614"}],"curies":[{"name":"wp","href":"https:\/\/api.w.org\/{rel}","templated":true}]}}