{"id":1624,"date":"2022-03-24T15:06:04","date_gmt":"2022-03-24T18:06:04","guid":{"rendered":"https:\/\/klimasul.com.br\/?post_type=product&#038;p=1624"},"modified":"2022-03-24T15:06:04","modified_gmt":"2022-03-24T18:06:04","slug":"emo-35m-24-atuador-eletro-mecanico-torque-4nm-proporcional","status":"publish","type":"product","link":"https:\/\/klimasul.com.br\/?product=emo-35m-24-atuador-eletro-mecanico-torque-4nm-proporcional","title":{"rendered":"EMO-35M-24 Atuador eletro-mec\u00e2nico &#8211; Torque 4Nm &#8211; Proporcional"},"content":{"rendered":"<p>Atendendo ao padr\u00e3o da ind\u00fastria de controles, o atuador EMO-35M \u00e9 disponibilizado com o sinal de tens\u00e3o de 2 a 10V proporcional.<\/p>\n<p>Possui baixo n\u00edvel de consumo e de ru\u00eddo.<\/p>\n<p>\u00c9 fabricado com tecnologia de ponta e possui prote\u00e7\u00e3o autom\u00e1tica de sobrecarga.<\/p>\n<p>&nbsp;<\/p>\n<table class=\"det_specs\" border=\"0\" cellspacing=\"0\" cellpadding=\"0\">\n<tbody>\n<tr>\n<td class=\"det_specs_td\" colspan=\"1\">Alimenta\u00e7\u00e3o<\/td>\n<td class=\"det_specs_td\" colspan=\"1\">24 Vac\/Vcc \u00b1 10%<\/td>\n<\/tr>\n<tr>\n<td class=\"det_specs_td\" colspan=\"1\">Torque<\/td>\n<td class=\"det_specs_td\" colspan=\"1\">4 Nm (35 in.lb)<\/td>\n<\/tr>\n<tr>\n<td class=\"det_specs_td\" colspan=\"1\">Tempo de a\u00e7\u00e3o<\/td>\n<td class=\"det_specs_td\" colspan=\"1\">90 &#8211; 110 s<\/td>\n<\/tr>\n<tr>\n<td class=\"det_specs_td\" colspan=\"1\">Consumo<\/td>\n<td class=\"det_specs_td\" colspan=\"1\">4 VA<\/td>\n<\/tr>\n<tr>\n<td class=\"det_specs_td\" colspan=\"1\">\u00c2ngulo de a\u00e7\u00e3o<\/td>\n<td class=\"det_specs_td\" colspan=\"1\">90\u00ba (95\u00ba max)<\/td>\n<\/tr>\n<tr>\n<td class=\"det_specs_td\" colspan=\"1\">Sinal de controle<\/td>\n<td class=\"det_specs_td\" colspan=\"1\">2-10 Vcc<\/td>\n<\/tr>\n<tr>\n<td class=\"det_specs_td\" colspan=\"1\">Acoplamento<\/td>\n<td class=\"det_specs_td\" colspan=\"1\">Universal \u00d8 6-16 mm<\/td>\n<\/tr>\n<tr>\n<td class=\"det_specs_td\" colspan=\"1\">Condi\u00e7\u00f5es de opera\u00e7\u00e3o<\/td>\n<td class=\"det_specs_td\" colspan=\"1\">-10 a +55 \u00baC, 0 &#8211; 90 %UR<\/td>\n<\/tr>\n<tr>\n<td class=\"det_specs_td\" colspan=\"1\">Prote\u00e7\u00e3o de sobrecarga<\/td>\n<td class=\"det_specs_td\" colspan=\"1\">Autom\u00e1tica<\/td>\n<\/tr>\n<tr>\n<td class=\"det_specs_td\" colspan=\"1\">Classe de prote\u00e7\u00e3o<\/td>\n<td class=\"det_specs_td\" colspan=\"1\">IP54<\/td>\n<\/tr>\n<tr>\n<td class=\"det_specs_td\" colspan=\"1\">N\u00edvel m\u00e1ximo de ru\u00eddo<\/td>\n<td class=\"det_specs_td\" colspan=\"1\">40 dB<\/td>\n<\/tr>\n<tr>\n<td class=\"det_specs_td\" colspan=\"1\">Peso<\/td>\n<td class=\"det_specs_td\" colspan=\"1\">600 g<\/td>\n<\/tr>\n<\/tbody>\n<\/table>\n","protected":false},"excerpt":{"rendered":"<p>Atendendo ao padr\u00e3o da ind\u00fastria de controles, o atuador EMO-35M \u00e9 disponibilizado com o sinal de tens\u00e3o de 2 a 10V proporcional.<\/p>\n<p>Possui baixo n\u00edvel de consumo e de ru\u00eddo.<\/p>\n<p>\u00c9 fabricado com tecnologia de ponta e possui prote\u00e7\u00e3o autom\u00e1tica de sobrecarga.<\/p>\n","protected":false},"featured_media":1625,"comment_status":"open","ping_status":"closed","template":"","meta":{"inline_featured_image":false},"product_brand":[],"product_cat":[212],"product_tag":[],"class_list":{"0":"post-1624","1":"product","2":"type-product","3":"status-publish","4":"has-post-thumbnail","6":"product_cat-atuadores","8":"first","9":"instock","10":"shipping-taxable","11":"purchasable","12":"product-type-simple"},"_links":{"self":[{"href":"https:\/\/klimasul.com.br\/index.php?rest_route=\/wp\/v2\/product\/1624","targetHints":{"allow":["GET"]}}],"collection":[{"href":"https:\/\/klimasul.com.br\/index.php?rest_route=\/wp\/v2\/product"}],"about":[{"href":"https:\/\/klimasul.com.br\/index.php?rest_route=\/wp\/v2\/types\/product"}],"replies":[{"embeddable":true,"href":"https:\/\/klimasul.com.br\/index.php?rest_route=%2Fwp%2Fv2%2Fcomments&post=1624"}],"wp:featuredmedia":[{"embeddable":true,"href":"https:\/\/klimasul.com.br\/index.php?rest_route=\/wp\/v2\/media\/1625"}],"wp:attachment":[{"href":"https:\/\/klimasul.com.br\/index.php?rest_route=%2Fwp%2Fv2%2Fmedia&parent=1624"}],"wp:term":[{"taxonomy":"product_brand","embeddable":true,"href":"https:\/\/klimasul.com.br\/index.php?rest_route=%2Fwp%2Fv2%2Fproduct_brand&post=1624"},{"taxonomy":"product_cat","embeddable":true,"href":"https:\/\/klimasul.com.br\/index.php?rest_route=%2Fwp%2Fv2%2Fproduct_cat&post=1624"},{"taxonomy":"product_tag","embeddable":true,"href":"https:\/\/klimasul.com.br\/index.php?rest_route=%2Fwp%2Fv2%2Fproduct_tag&post=1624"}],"curies":[{"name":"wp","href":"https:\/\/api.w.org\/{rel}","templated":true}]}}