{"id":1626,"date":"2022-03-24T15:11:21","date_gmt":"2022-03-24T18:11:21","guid":{"rendered":"https:\/\/klimasul.com.br\/?post_type=product&#038;p=1626"},"modified":"2022-03-24T15:11:21","modified_gmt":"2022-03-24T18:11:21","slug":"lk-01-chave-de-fluxo-para-liquido","status":"publish","type":"product","link":"https:\/\/klimasul.com.br\/?product=lk-01-chave-de-fluxo-para-liquido","title":{"rendered":"LK-01 &#8211; Chave de fluxo para l\u00edquido"},"content":{"rendered":"<p><b>Chave de fluxo para l\u00edquido &#8211; IP64<\/b><\/p>\n<p>A chave de fluxo para l\u00edquidos LK-01 \u00e9 indicada para detectar o fluxo de l\u00edquidos em tubula\u00e7\u00f5es e para proteger equipamentos contra a falta de fluxo.<\/p>\n<p>Pode ser aplicada em qualquer l\u00edquido que n\u00e3o tenha a\u00e7\u00e3o de corros\u00e3o em lat\u00e3o e bronze. Aplica\u00e7\u00e3o mais comum \u00e9 a feita em sistemas de \u00e1gua gelada ou \u00e1gua quente.<\/p>\n<p>Fabricada com materiais leves e resistentes, a LK-01 cont\u00e9m diversos materiais como alum\u00ednio fundido, a\u00e7o inox, bronze, lat\u00e3o e pl\u00e1stico \u00e0 prova de chama.<\/p>\n<p>&nbsp;<\/p>\n<table class=\"left\" border=\"0\" cellspacing=\"0\" cellpadding=\"0\">\n<tbody>\n<tr>\n<td>\n<div class=\"box\">\n<div class=\"title\">\n<div class=\"box_wrapper_green\">\n<div class=\"box_top_green\"><img loading=\"lazy\" decoding=\"async\" src=\"http:\/\/www.actuacontrols.com.br\/templates\/graphics\/box_nw_green.gif\" alt=\"\" width=\"4\" height=\"4\" \/>Caracter\u00edsticas t\u00e9cnicas<\/div>\n<\/div>\n<\/div>\n<div class=\"box_wrapper_light\">\n<div class=\"box_top_light\"><img loading=\"lazy\" decoding=\"async\" src=\"http:\/\/www.actuacontrols.com.br\/templates\/graphics\/box_nw_light.gif\" alt=\"\" width=\"4\" height=\"4\" \/><\/div>\n<div class=\"padding\">\n<table class=\"det_specs\" border=\"0\" cellspacing=\"0\" cellpadding=\"0\">\n<tbody>\n<tr>\n<td class=\"det_specs_td\" colspan=\"1\">Tens\u00e3o e corrente do contato<\/td>\n<td class=\"det_specs_td\" colspan=\"1\">220 Vac &#8211; 10 A<\/td>\n<\/tr>\n<tr>\n<td class=\"det_specs_td\" colspan=\"1\">Press\u00e3o de Trabalho<\/td>\n<td class=\"det_specs_td\" colspan=\"1\">1 Mpa<\/td>\n<\/tr>\n<tr>\n<td class=\"det_specs_td\" colspan=\"1\">Temperatura m\u00e1xima do fluido<\/td>\n<td class=\"det_specs_td\" colspan=\"1\">110\u00ba.C<\/td>\n<\/tr>\n<tr>\n<td class=\"det_specs_td\" colspan=\"1\">Temperatura de armazenamento<\/td>\n<td class=\"det_specs_td\" colspan=\"1\">-20 a 80\u00ba.C<\/td>\n<\/tr>\n<tr>\n<td class=\"det_specs_td\" colspan=\"1\">Ajust\u00e1vel em tubula\u00e7\u00f5es<\/td>\n<td class=\"det_specs_td\" colspan=\"1\">de 1&#8243; a 8&#8243;<\/td>\n<\/tr>\n<tr>\n<td class=\"det_specs_td\" colspan=\"1\">Aplic\u00e1vel em sistemas<\/td>\n<td class=\"det_specs_td\" colspan=\"1\">de \u00e1gua gelada e \u00e1gua quente<\/td>\n<\/tr>\n<tr>\n<td class=\"det_specs_td\" colspan=\"1\">Material da tampa e caixa<\/td>\n<td class=\"det_specs_td\" colspan=\"1\">alum\u00ednio fundido<\/td>\n<\/tr>\n<tr>\n<td class=\"det_specs_td\" colspan=\"1\">Conex\u00e3o \u00e0 tubula\u00e7\u00e3o<\/td>\n<td class=\"det_specs_td\" colspan=\"1\">rosca de1&#8243;(NPT ou BSP)<\/td>\n<\/tr>\n<tr>\n<td class=\"det_specs_td\" colspan=\"1\">Classe de prote\u00e7\u00e3o<\/td>\n<td class=\"det_specs_td\" colspan=\"1\">IP64<\/td>\n<\/tr>\n<tr>\n<td class=\"det_specs_td\" colspan=\"1\">Peso<\/td>\n<td class=\"det_specs_td\" colspan=\"1\">800 g<\/td>\n<\/tr>\n<\/tbody>\n<\/table>\n<\/div>\n<\/div>\n<\/div>\n<\/td>\n<\/tr>\n<\/tbody>\n<\/table>\n","protected":false},"excerpt":{"rendered":"<p><b>Chave de fluxo para l\u00edquido &#8211; IP64<\/b><\/p>\n<p>A chave de fluxo para l\u00edquidos LK-01 \u00e9 indicada para detectar o fluxo de l\u00edquidos em tubula\u00e7\u00f5es e para proteger equipamentos contra a falta de fluxo.<\/p>\n<p>Pode ser aplicada em qualquer l\u00edquido que n\u00e3o tenha a\u00e7\u00e3o de corros\u00e3o em lat\u00e3o e bronze. Aplica\u00e7\u00e3o mais comum \u00e9 a feita em sistemas de \u00e1gua gelada ou \u00e1gua quente.<\/p>\n<p>Fabricada com materiais leves e resistentes, a LK-01 cont\u00e9m diversos materiais como alum\u00ednio fundido, a\u00e7o inox, bronze, lat\u00e3o e pl\u00e1stico \u00e0 prova de chama.<\/p>\n","protected":false},"featured_media":1627,"comment_status":"open","ping_status":"closed","template":"","meta":{"inline_featured_image":false},"product_brand":[],"product_cat":[214,213],"product_tag":[],"class_list":{"0":"post-1626","1":"product","2":"type-product","3":"status-publish","4":"has-post-thumbnail","6":"product_cat-chaves-de-fluxo","7":"product_cat-sistema-de-controle-ar-condicionado","9":"first","10":"instock","11":"shipping-taxable","12":"purchasable","13":"product-type-simple"},"_links":{"self":[{"href":"https:\/\/klimasul.com.br\/index.php?rest_route=\/wp\/v2\/product\/1626","targetHints":{"allow":["GET"]}}],"collection":[{"href":"https:\/\/klimasul.com.br\/index.php?rest_route=\/wp\/v2\/product"}],"about":[{"href":"https:\/\/klimasul.com.br\/index.php?rest_route=\/wp\/v2\/types\/product"}],"replies":[{"embeddable":true,"href":"https:\/\/klimasul.com.br\/index.php?rest_route=%2Fwp%2Fv2%2Fcomments&post=1626"}],"wp:featuredmedia":[{"embeddable":true,"href":"https:\/\/klimasul.com.br\/index.php?rest_route=\/wp\/v2\/media\/1627"}],"wp:attachment":[{"href":"https:\/\/klimasul.com.br\/index.php?rest_route=%2Fwp%2Fv2%2Fmedia&parent=1626"}],"wp:term":[{"taxonomy":"product_brand","embeddable":true,"href":"https:\/\/klimasul.com.br\/index.php?rest_route=%2Fwp%2Fv2%2Fproduct_brand&post=1626"},{"taxonomy":"product_cat","embeddable":true,"href":"https:\/\/klimasul.com.br\/index.php?rest_route=%2Fwp%2Fv2%2Fproduct_cat&post=1626"},{"taxonomy":"product_tag","embeddable":true,"href":"https:\/\/klimasul.com.br\/index.php?rest_route=%2Fwp%2Fv2%2Fproduct_tag&post=1626"}],"curies":[{"name":"wp","href":"https:\/\/api.w.org\/{rel}","templated":true}]}}